{"id":246122,"date":"2026-01-02T23:17:43","date_gmt":"2026-01-02T20:17:43","guid":{"rendered":"https:\/\/baldumarket.lt\/product\/zestaw-szafka-umywalka-meblowa-60-cm-i-2-polslupki-talia-casella-czarny-mat\/"},"modified":"2026-02-11T18:33:03","modified_gmt":"2026-02-11T15:33:03","slug":"zestaw-szafka-umywalka-meblowa-60-cm-i-2-polslupki-talia-casella-czarny-mat","status":"publish","type":"product","link":"https:\/\/baldumarket.lt\/lt\/product\/zestaw-szafka-umywalka-meblowa-60-cm-i-2-polslupki-talia-casella-czarny-mat\/","title":{"rendered":"60 cm praustuvo spintel\u0117s ir 2 \u201eTalia Casella\u201c puskolon\u0117li\u0173 komplektas, matin\u0117s juodos spalvos"},"content":{"rendered":"<p>\u201eTalia Casella\u201c 60 cm praustuvo spintel\u0117s ir 2 puskoloni\u0173 komplektas, matin\u0117s juodos spalvos. \u201eTalia Casella\u201c vonios kambario komplektas derina elegancij\u0105 ir modernum\u0105. Dviej\u0173 stal\u010di\u0173 praustuvo spintel\u0117 ir puskolon\u0117s su rafinuota matine juoda ir \u201eCasella Oak\u201c apdaila suteiks harmonijos j\u016bs\u0173 erdvei. Galimas \u0161velnus u\u017edarymas ir suasmeninimas. Matmenys: Plotis (cm): 60 Gylis (cm): 46 Auk\u0161tis (cm): 50 Svoris (kg): 48 Techniniai duomenys: Korpuso spalva: Matin\u0117 juoda Komplekt\u0105 sudaro: Praustuvo spintel\u0117 60 cm, 2 stal\u010diai \u201eTalia Casella\u201c, 1 dur\u0173 vonios puskolon\u0117 \u201eTalia Casella\u201c (2 vnt.), SKY 60 \u2013 Baldinis praustuvas 61 cm, keramika Priekin\u0117s spalvos: \u201eCasella Oak\u201c Ranken\u0117l\u0117s spalva: Pakuot\u0117je \u2013 Auksin\u0117 blizgi, Juoda matin\u0117, Chromuota Praustuvo spalva: Blizgi balta Korpuso med\u017eiaga: Laminuota plok\u0161t\u0117 Priekin\u0117 med\u017eiaga: MDF plok\u0161t\u0117 Ranken\u0117l\u0117s med\u017eiaga: Plastikas Praustuvo med\u017eiaga: Keramika Pridedama praustuvo: Taip B\u0117geliai: Tylus u\u017edarymas: Vyriai: \u0160velnus u\u017edarymas. Dur\u0173 tvirtinimo kryptis: De\u0161in\u0117 \/ Kair\u0117. Surinkimo rinkinys prid\u0117tas: Taip. Surinkimas: Savaranki\u0161kas surinkimas. \u201eTalia Casella\u201c 60 cm praustuvo spintel\u0117s ir 2 puskoloni\u0173 komplektas yra puikus pasirinkimas ie\u0161kantiems eleganti\u0161k\u0173 ir funkcionali\u0173 vonios kambario bald\u0173. Sukurtas kruop\u0161\u010diai apgalvojus detales, \u0161is komplektas derina klasikin\u0119 estetik\u0105 su moderniais akcentais, kurie suteiks j\u016bs\u0173 vonios kambariui unikal\u0173 charakter\u012f. Praustuvo spintel\u0117s plotis yra 60 cm, auk\u0161tis 50 cm, o gylis \u2013 46 cm, tod\u0117l tai puikus pasirinkimas interjerams, kuriems reikalingi prakti\u0161ki sprendimai.<\/p>\n<p>I\u0161skirtiniai fasadai su frezuotu r\u0117mu traukia ak\u012f, suteikdami baldams unikali\u0105, nesenstan\u010di\u0105 i\u0161vaizd\u0105. \u201eCasella Oak\u201c apdailos ir intensyvios matin\u0117s juodos spalvos derinys sukuria harmoning\u0105 visum\u0105, suteikian\u010di\u0105 erdvei \u0161ilumos ir fenomenalaus stiliaus. \u0160io tipo komplektas ne tik gerai atrodo, bet ir savo funkcionalumu pagerina interjer\u0105, suteikdamas vietos visiems b\u016btiniausiems vonios kambario aksesuarams d\u0117l erdvi\u0173 stal\u010di\u0173 ir puskolon\u0117li\u0173.<\/p>\n<p>50 cm auk\u0161\u010dio spintel\u0117 suteikia dizainui lengvumo, tod\u0117l erdv\u0117 atrodo atviresn\u0117 ir erdvesn\u0117. Visas baldas sukurtas atsi\u017evelgiant \u012f kasdien\u012f naudojim\u0105, o patogiai u\u017esidaranti stal\u010di\u0173 ir dureli\u0173 sistema u\u017etikrina komfort\u0105. Tai leid\u017eia patogiai naudotis baldais, o atidarymo ir u\u017edarymo garsas netrikdo nam\u0173 ramyb\u0117s. Kaip patvarumo simbolis, jos gamyboje naudojamos auk\u0161tos kokyb\u0117s med\u017eiagos, tokios kaip MDF ir laminuota plok\u0161t\u0117.<\/p>\n<p>Be estetikos ir patogumo, komplektas taip pat si\u016blo pritaikymo galimybes. Komplekte yra trij\u0173 spalv\u0173 ranken\u0117l\u0117s \u2013 blizgios auksin\u0117s, matin\u0117s juodos ir blizgaus chromo. Kiekviena ranken\u0117l\u0117 leid\u017eia pritaikyti bald\u0105 pagal individualius pageidavimus, tod\u0117l komplektas tampa unikalus. Surinkimas paprastas d\u0117l pridedamo surinkimo rinkinio, tod\u0117l kiekvienas gali lengvai susikurti savo svajoni\u0173 vonios kambar\u012f be profesionalo pagalbos.<\/p>\n<p>Pasirinkdami \u201eTalia Casella 60 cm\u201c praustuvo spintel\u0117s ir 2 puskoloni\u0173 komplekt\u0105, investuojate \u012f auk\u0161tos kokyb\u0117s, esteti\u0161kai patrauklius baldus, kurie d\u017eiugins tiek i\u0161vaizda, tiek funkcionalumu. Kiekvienam kolekcijos baldui suteikiama 2 met\u0173 garantija, u\u017etikrinanti j\u016bs\u0173 pasitenkinim\u0105 ir ramyb\u0119 \u012fsigijus patvar\u0173 gamin\u012f. Nedvejokite, susikurkite savo svajoni\u0173 vonios kambar\u012f, kuriame dera elegancija ir modernumas!<\/p>","protected":false},"excerpt":{"rendered":"<p>Plotis (cm): 60<br \/>\n\u016agis (cm): 50<br \/>\nGylis (cm): 46<\/p>","protected":false},"featured_media":246123,"comment_status":"open","ping_status":"open","template":"","meta":[],"product_brand":[],"product_cat":[9117,2015,9183],"product_tag":[],"class_list":{"0":"post-246122","1":"product","2":"type-product","3":"status-publish","4":"has-post-thumbnail","6":"product_cat-bathroom","7":"product_cat-comad","8":"product_cat-bathroom-furniture-sets-comad","10":"first","11":"instock","12":"purchasable","13":"product-type-simple"},"_links":{"self":[{"href":"https:\/\/baldumarket.lt\/lt\/wp-json\/wp\/v2\/product\/246122","targetHints":{"allow":["GET"]}}],"collection":[{"href":"https:\/\/baldumarket.lt\/lt\/wp-json\/wp\/v2\/product"}],"about":[{"href":"https:\/\/baldumarket.lt\/lt\/wp-json\/wp\/v2\/types\/product"}],"replies":[{"embeddable":true,"href":"https:\/\/baldumarket.lt\/lt\/wp-json\/wp\/v2\/comments?post=246122"}],"wp:featuredmedia":[{"embeddable":true,"href":"https:\/\/baldumarket.lt\/lt\/wp-json\/wp\/v2\/media\/246123"}],"wp:attachment":[{"href":"https:\/\/baldumarket.lt\/lt\/wp-json\/wp\/v2\/media?parent=246122"}],"wp:term":[{"taxonomy":"product_brand","embeddable":true,"href":"https:\/\/baldumarket.lt\/lt\/wp-json\/wp\/v2\/product_brand?post=246122"},{"taxonomy":"product_cat","embeddable":true,"href":"https:\/\/baldumarket.lt\/lt\/wp-json\/wp\/v2\/product_cat?post=246122"},{"taxonomy":"product_tag","embeddable":true,"href":"https:\/\/baldumarket.lt\/lt\/wp-json\/wp\/v2\/product_tag?post=246122"}],"curies":[{"name":"wp","href":"https:\/\/api.w.org\/{rel}","templated":true}]}}