{"id":246118,"date":"2026-01-02T23:17:41","date_gmt":"2026-01-02T20:17:41","guid":{"rendered":"https:\/\/baldumarket.lt\/product\/zestaw-szafka-pod-umywalke-z-blatem-80-cm-talia-casella-czarny-mat\/"},"modified":"2026-02-11T18:33:03","modified_gmt":"2026-02-11T15:33:03","slug":"zestaw-szafka-pod-umywalke-z-blatem-80-cm-talia-casella-czarny-mat","status":"publish","type":"product","link":"https:\/\/baldumarket.lt\/lt\/product\/zestaw-szafka-pod-umywalke-z-blatem-80-cm-talia-casella-czarny-mat\/","title":{"rendered":"80 cm Talia Casella juodos matin\u0117s praustuvo spintel\u0117s su stalvir\u0161iu komplektas"},"content":{"rendered":"<p>Talia Casella 80 cm matin\u0117s juodos spalvos kriaukl\u0117s spintel\u0117 su stalvir\u0161iu. Atraskite elegancij\u0105 ir funkcionalum\u0105 su Talia Casella kriaukl\u0117s spintel\u0117s komplektu! Sodri juoda korpuso spalva kartu su subtilia Casella \u0105\u017euolo spalva sukuria harmoning\u0105 visum\u0105. Du erdv\u016bs stal\u010diai, \u0161velnus u\u017edarymas ir trij\u0173 stili\u0173 rankenos suteikia stiliaus. Matmenys: Plotis (cm): 80 Gylis (cm): 46 Auk\u0161tis (cm): 50 Svoris (kg): 28,7 Techniniai duomenys: Korpuso spalva: Matin\u0117 juoda Komplekt\u0105 sudaro: Praustuvo spintel\u0117 80 cm, 2 Talia Casella stal\u010diai, Juodas vonios stalvir\u0161is 80 cm Priekin\u0117s dalies spalva: Casella \u0105\u017euolas Ranken\u0117l\u0117s spalva: Pakuot\u0117 \u2013 aukso blizgi, matin\u0117 juoda, blizgus chromas Stalvir\u0161io spalva: Matin\u0117 juoda Korpuso med\u017eiaga: laminuota plok\u0161t\u0117 Priekin\u0117 dalis: MDF plok\u0161t\u0117 Ranken\u0117l\u0117s med\u017eiaga: plastikas Stalvir\u0161io med\u017eiaga: laminuota plok\u0161t\u0117 B\u0117geliai: \u0160velnus u\u017edarymas Stalvir\u0161is \u012ftrauktas: Taip Surinkimo pakuot\u0117 \u012ftraukta: Taip Surinkimas: Skirta savaranki\u0161kam surinkimui Praustuvo spintel\u0117s komplektas \u201eTalia Casella\u201c kolekcija su 80 cm stalvir\u0161iu derina klasikin\u0119 elegancij\u0105 su moderniu stiliumi, paversdama j\u016bs\u0173 vonios kambar\u012f \u0161ilumos ir harmonijos erdve. I\u0161skirtiniai fasadai su frezuotu r\u0117mu ir \u201eCasella Oak\u201c apdaila traukia ak\u012f, perteikdami nat\u016bral\u0173 med\u017eio gro\u017e\u012f eleganti\u0161ka forma. Intensyvi, matin\u0117 juoda spinteli\u0173 apdaila suteikia baldams i\u0161skirtin\u012f ir modern\u0173 charakter\u012f, tod\u0117l jie puikiai tinka bet kokiam interjerui.<\/p>\n<p>Komplekto prakti\u0161kum\u0105 padidina du erdv\u016bs stal\u010diai, kuriuose patogu laikyti vonios kambario aksesuarus. Ergonomi\u0161kas 50 cm auk\u0161tis suteikia spintelei lengvumo visam i\u0161d\u0117stymui, tod\u0117l erdv\u0117 atrodo erdvesn\u0117, palyginti su standartiniais modeliais. Be to, novatori\u0161ka \u0161velnaus u\u017edarymo stal\u010di\u0173 sistema u\u017etikrina tyl\u0173 naudojim\u0105, pa\u0161alindama triuk\u0161m\u0105 ir chaos\u0105 kasdienio naudojimo metu.<\/p>\n<p>\u201eTalia Casella\u201c kolekcija tikrai patenkins tuos, kurie vertina estetik\u0105 ir detales. Kiekvienas baldas yra kruop\u0161\u010diai apgalvotas, o pridedamas surinkimo paketas u\u017etikrina montavim\u0105 be speciali\u0173 \u017eini\u0173. Be to, tur\u0117dami galimyb\u0119 suasmeninti spintel\u0119 trij\u0173 spalv\u0173 ranken\u0117l\u0117mis \u2013 blizgaus aukso, matin\u0117s juodos ir blizgaus chromo \u2013 galite susikurti erdv\u0119, kuri atspind\u0117t\u0173 j\u016bs\u0173 individualius pageidavimus.<\/p>\n<p>80 cm ilgio stalvir\u0161is, pagamintas i\u0161 laminuotos plok\u0161t\u0117s ir nuda\u017eytas tamsia, matine juoda spalva, sukuria pusiausvyr\u0105 tarp klasikinio elegancijos ir modernumo. Jo pavir\u0161ius ne tik esteti\u0161kai patrauklus, bet ir lengvai valomas, tod\u0117l j\u012f lengviau naudoti kasdien. Lenki\u0161ka gamyba, naudojant FSC sertifikuotas med\u017eiagas, garantuoja kokyb\u0119, ilgaam\u017ei\u0161kum\u0105 ir pasitenkinim\u0105 \u0161iuo bald\u0173 pasirinkimu.<\/p>\n<p>Pasirinkdami \u201eTalia Casella\u201c 80 cm praustuvo spintel\u0119 su stalvir\u0161iu, investuojate \u012f baldus, kurie ne tik patenkins j\u016bs\u0173 funkcinius poreikius, bet ir suteiks j\u016bs\u0173 vonios kambariui prabangos bei stiliaus. Su dvej\u0173 met\u0173 patvarumo garantija \u012fgysite ne tik estetin\u012f patrauklum\u0105, bet ir u\u017etikrinsite, kad j\u016bs\u0173 pasirinkti gaminiai tarnaus ilgus metus. Paverskite savo vonios kambar\u012f atsipalaidavimo ir gro\u017eio vieta su \u201eTalia Casella\u201c komplektu!<\/p>","protected":false},"excerpt":{"rendered":"<p>Plotis (cm): 80<br \/>\n\u016agis (cm): 50<br \/>\nGylis (cm): 46<\/p>","protected":false},"featured_media":246119,"comment_status":"open","ping_status":"open","template":"","meta":[],"product_brand":[],"product_cat":[9117,2015,9183],"product_tag":[],"class_list":{"0":"post-246118","1":"product","2":"type-product","3":"status-publish","4":"has-post-thumbnail","6":"product_cat-bathroom","7":"product_cat-comad","8":"product_cat-bathroom-furniture-sets-comad","10":"first","11":"instock","12":"purchasable","13":"product-type-simple"},"_links":{"self":[{"href":"https:\/\/baldumarket.lt\/lt\/wp-json\/wp\/v2\/product\/246118","targetHints":{"allow":["GET"]}}],"collection":[{"href":"https:\/\/baldumarket.lt\/lt\/wp-json\/wp\/v2\/product"}],"about":[{"href":"https:\/\/baldumarket.lt\/lt\/wp-json\/wp\/v2\/types\/product"}],"replies":[{"embeddable":true,"href":"https:\/\/baldumarket.lt\/lt\/wp-json\/wp\/v2\/comments?post=246118"}],"wp:featuredmedia":[{"embeddable":true,"href":"https:\/\/baldumarket.lt\/lt\/wp-json\/wp\/v2\/media\/246119"}],"wp:attachment":[{"href":"https:\/\/baldumarket.lt\/lt\/wp-json\/wp\/v2\/media?parent=246118"}],"wp:term":[{"taxonomy":"product_brand","embeddable":true,"href":"https:\/\/baldumarket.lt\/lt\/wp-json\/wp\/v2\/product_brand?post=246118"},{"taxonomy":"product_cat","embeddable":true,"href":"https:\/\/baldumarket.lt\/lt\/wp-json\/wp\/v2\/product_cat?post=246118"},{"taxonomy":"product_tag","embeddable":true,"href":"https:\/\/baldumarket.lt\/lt\/wp-json\/wp\/v2\/product_tag?post=246118"}],"curies":[{"name":"wp","href":"https:\/\/api.w.org\/{rel}","templated":true}]}}