{"id":246110,"date":"2026-01-02T23:17:38","date_gmt":"2026-01-02T20:17:38","guid":{"rendered":"https:\/\/baldumarket.lt\/product\/zestaw-szafka-pod-umywalke-z-blatem-80-cm-ovalia-cremona\/"},"modified":"2026-02-11T18:33:03","modified_gmt":"2026-02-11T15:33:03","slug":"zestaw-szafka-pod-umywalke-z-blatem-80-cm-ovalia-cremona","status":"publish","type":"product","link":"https:\/\/baldumarket.lt\/lt\/product\/zestaw-szafka-pod-umywalke-z-blatem-80-cm-ovalia-cremona\/","title":{"rendered":"Praustuvo spintel\u0117s su stalvir\u0161iu komplektas 80 cm Ovalia Cremona"},"content":{"rendered":"<p>Ovalia Cremona 80 cm praustuvo spintel\u0117 su stalvir\u0161iu. Ovalia Cremona 80 cm praustuvo spintel\u0117s komplektas derina modern\u0173 dizain\u0105 ir funkcionalum\u0105. Apvaliais kampais ir vertikaliais grioveliais pary\u0161kintas komplektas suteikia Kremonos \u0105\u017euolo \u0161ilum\u0105. Du stal\u010diai su \u0161velnaus u\u017edarymo sistema u\u017etikrina komfort\u0105. Matmenys: Plotis (cm): 80 Gylis (cm): 46 Auk\u0161tis (cm): 52 Techniniai duomenys: Komplekt\u0105 sudaro: Praustuvo spintel\u0117 2S 80 cm Ovalia Cremona, Vonios stalvir\u0161is 80 cm Ovalia Cremona Korpuso spalva: Kremonos \u0105\u017euolas Priekin\u0117s spalvos: Kremonos \u0105\u017euolas Rankenos spalva: Matin\u0117 juoda Stalvir\u0161io spalva: Kremonos \u0105\u017euolas Korpuso med\u017eiaga: laminuota plok\u0161t\u0117 Priekin\u0117 med\u017eiaga: MDF plok\u0161t\u0117 Rankenos med\u017eiaga: Metalas Stalvir\u0161io med\u017eiaga: MDF plok\u0161t\u0117 B\u0117geliai: \u0160velnaus u\u017edarymo sistema Stalvir\u0161is prid\u0117tas: Taip Tvirtinimo rinkinys prid\u0117tas: Taip Surinkimas: Skirtas savaranki\u0161kam surinkimui Ovalia Cremona praustuvo spintel\u0117s su stalvir\u0161iu 80 cm komplektas yra puikus pasirinkimas visiems, norintiems suteikti savo vonios kambariui modern\u0173 ir eleganti\u0161k\u0105 charakter\u012f. Pagamintas i\u0161 ekologi\u0161k\u0173 med\u017eiag\u0173, \u0161is komplektas apjungia ne tik funkcionalum\u0105, bet ir unikali\u0105 estetik\u0105, kuri patraukia d\u0117mes\u012f. \u0160ilta Kremonos \u0105\u017euolo spalva spinduliuoja nat\u016bral\u0173 med\u017eio gro\u017e\u012f, suteikdama jauki\u0105 atmosfer\u0105 bet kuriam vonios kambariui. Spintel\u0117 su u\u017eapvalintais kampais ir vertikaliais grioveliais efektyviai derina paprastum\u0105 su rafinuotumu, paversdama j\u0105 interjero traukos centru. Ie\u0161kote patogi\u0173 daikt\u0173 laikymo sprendim\u0173? \u0160is komplektas turi du erdvius stal\u010dius, kuriuose yra daug vietos visiems svarbiausiems vonios kambario aksesuarams. D\u0117l tvirtos MDF ir laminuotos plok\u0161t\u0117s konstrukcijos baldai ne tik atrodo stilingai, bet ir u\u017etikrina ilgalaik\u012f naudojim\u0105, kuris d\u017eiugins jus ilgus metus. Be to, \u0161velnaus u\u017edarymo sistema paver\u010dia stal\u010di\u0173 naudojim\u0105 tikru malonumu \u2013 jie u\u017esidaro skland\u017eiai ir beveik tyliai. Pridedamas 80 cm plo\u010dio stalvir\u0161is puikiai papildo spintel\u0119, sukurdamas harmoning\u0105 visum\u0105. I\u0161skirtiniai, u\u017eapvalinti kampai suteikia subtilumo ir lengvumo poj\u016bt\u012f, tod\u0117l puikiai tinka moderniam interjerui. Kremonos \u0105\u017euolo apdaila suteikia visam komplektui gaivumo ir nat\u016bralios i\u0161vaizdos, o universalus dizainas puikiai dera su daugeliu interjero stili\u0173. J\u012f galite lengvai integruoti \u012f savo vonios kambario interjer\u0105. Nors estetika ir funkcionalumas yra svarbiausi, verta pagalvoti ir apie surinkimo proces\u0105. Praustuvo komplektas parduodamas su pilnu surinkimo rinkiniu, o intuityvus dizainas leid\u017eia lengvai surinkti ir nereikalauti speciali\u0173 \u012fg\u016bd\u017ei\u0173. Lenki\u0161ka gamyba, pagr\u012fsta FSC sertifikuotomis med\u017eiagomis, garantuoja kokyb\u0119 ir ilgaam\u017ei\u0161kum\u0105, u\u017etikrindama pasitenkinim\u0105 pirkiniu. Su \u0161iais baldais j\u016bs\u0173 vonios kambarys taps atsipalaidavimo ir estetinio pasitenkinimo vieta.<\/p>","protected":false},"excerpt":{"rendered":"<p>Plotis (cm): 80<br \/>\n\u016agis (cm): 52<br \/>\nGylis (cm): 46<\/p>","protected":false},"featured_media":246111,"comment_status":"open","ping_status":"open","template":"","meta":[],"product_brand":[],"product_cat":[9117,2015,9183],"product_tag":[],"class_list":{"0":"post-246110","1":"product","2":"type-product","3":"status-publish","4":"has-post-thumbnail","6":"product_cat-bathroom","7":"product_cat-comad","8":"product_cat-bathroom-furniture-sets-comad","10":"first","11":"instock","12":"purchasable","13":"product-type-simple"},"_links":{"self":[{"href":"https:\/\/baldumarket.lt\/lt\/wp-json\/wp\/v2\/product\/246110","targetHints":{"allow":["GET"]}}],"collection":[{"href":"https:\/\/baldumarket.lt\/lt\/wp-json\/wp\/v2\/product"}],"about":[{"href":"https:\/\/baldumarket.lt\/lt\/wp-json\/wp\/v2\/types\/product"}],"replies":[{"embeddable":true,"href":"https:\/\/baldumarket.lt\/lt\/wp-json\/wp\/v2\/comments?post=246110"}],"wp:featuredmedia":[{"embeddable":true,"href":"https:\/\/baldumarket.lt\/lt\/wp-json\/wp\/v2\/media\/246111"}],"wp:attachment":[{"href":"https:\/\/baldumarket.lt\/lt\/wp-json\/wp\/v2\/media?parent=246110"}],"wp:term":[{"taxonomy":"product_brand","embeddable":true,"href":"https:\/\/baldumarket.lt\/lt\/wp-json\/wp\/v2\/product_brand?post=246110"},{"taxonomy":"product_cat","embeddable":true,"href":"https:\/\/baldumarket.lt\/lt\/wp-json\/wp\/v2\/product_cat?post=246110"},{"taxonomy":"product_tag","embeddable":true,"href":"https:\/\/baldumarket.lt\/lt\/wp-json\/wp\/v2\/product_tag?post=246110"}],"curies":[{"name":"wp","href":"https:\/\/api.w.org\/{rel}","templated":true}]}}