{"id":246105,"date":"2026-01-02T23:17:36","date_gmt":"2026-01-02T20:17:36","guid":{"rendered":"https:\/\/baldumarket.lt\/product\/zestaw-szafka-pod-umywalke-z-blatem-80-cm-nordic-cremona\/"},"modified":"2026-02-11T18:33:03","modified_gmt":"2026-02-11T15:33:03","slug":"zestaw-szafka-pod-umywalke-z-blatem-80-cm-nordic-cremona","status":"publish","type":"product","link":"https:\/\/baldumarket.lt\/lt\/product\/zestaw-szafka-pod-umywalke-z-blatem-80-cm-nordic-cremona\/","title":{"rendered":"Praustuvo spintel\u0117s su stalvir\u0161iu komplektas, 80 cm, Nordic Cremona"},"content":{"rendered":"<p>\u201eNordic Cremona\u201c 80 cm praustuvo spintel\u0117 su stalvir\u0161iu. \u201eNordic Cremona\u201c 80 cm praustuvo spintel\u0117s su stalvir\u0161iu komplektas derina modern\u0173 dizain\u0105 ir elegancij\u0105. Vertikal\u016bs grioveliai ir nat\u016brali \u201eCremona Oak\u201c apdaila suteikia interjerui lengvumo. Du stal\u010diai su \u0161velnaus u\u017edarymo sistema suteikia daug vietos daiktams susid\u0117ti. Matmenys: Plotis (cm): 80 Gylis (cm): 46 Auk\u0161tis (cm): 57 Techniniai duomenys: Komplekt\u0105 sudaro: Praustuvo spintel\u0117 80 cm, 2 stal\u010diai, \u201eNordic Cremona\u201c, vonios stalvir\u0161is 80 cm, \u201eCremona Oak\u201c Korpuso spalva: \u201eCremona Oak\u201c Priekin\u0117s spalvos: \u201eCremona Oak\u201c Stalvir\u0161io spalva: \u201eCremona Oak\u201c Korpuso med\u017eiaga: laminuota plok\u0161t\u0117 Priekin\u0117 med\u017eiaga: MDF plok\u0161t\u0117 Stalvir\u0161io med\u017eiaga: MDF plok\u0161t\u0117 B\u0117geliai: \u0160velniai u\u017edaroma Surinkimo pakuot\u0117 \u012ftraukta: Taip Surinkimas: Skirtas savaranki\u0161kam surinkimui Praustuvo spintel\u0117s su stalvir\u0161iu 80 cm \u201eNordic Cremona\u201c \u201eCremona Oak\u201c komplektas sukuria jauki\u0105 atmosfer\u0105, remdamasis nat\u016braliu medienos gro\u017eiu. Eleganti\u0161ki fasadai, papuo\u0161ti subtiliais vertikaliais grioveliais, suteikia visam baldui lengvumo ir rafinuotumo, puikiai atitinkan\u010dio \u0161iuolaikines dizaino tendencijas.<\/p>\n<p>\u0160io komplekto prakti\u0161kumas neturi rib\u0173. Du erdv\u016bs stal\u010diai suteikia daug vietos vonios kambario aksesuarams, padeda palaikyti tvark\u0105 ir organizuotum\u0105 kasdien naudojant. D\u0117mesys detal\u0117ms, tokioms kaip \u0161velnaus u\u017edarymo sistema, padidina spintel\u0117s naudojimo patogum\u0105, tod\u0117l kiekvienas judesys tampa malonumu. Komplektas pagamintas i\u0161 patvari\u0173 med\u017eiag\u0173, toki\u0173 kaip MDF ir laminuota plok\u0161t\u0117, u\u017etikrinan\u010di\u0173 esteti\u0161k\u0105 i\u0161vaizd\u0105 ilgus metus.<\/p>\n<p>Lenki\u0161ka gamyba i\u0161 FSC sertifikuot\u0173 med\u017eiag\u0173 u\u017etikrina ne tik auk\u0161t\u0105 kokyb\u0119, bet ir draugi\u0161kum\u0105 aplinkai. \u012esigydami \u0161\u012f bald\u0105, investuojate \u012f gra\u017eius ir ekologi\u0161kus gaminius. Komplektas pristatomas savaranki\u0161kai surenkamose pakuot\u0117se, tod\u0117l j\u012f lengva pritaikyti prie j\u016bs\u0173 interjero, o intuityvus dizainas nereikalauja speciali\u0173 \u017eini\u0173.<\/p>\n<p>80 cm ilgio stalvir\u0161is, taip pat apdailintas \u201eCremona Oak\u201c spalva, yra dar vienas \u0161io komplekto privalumas. Jo pavir\u0161i\u0173 lengva valyti ir pri\u017ei\u016br\u0117ti, tod\u0117l tai prakti\u0161kas sprendimas bet kokiam vonios kambariui. Galite lengvai \u012fmontuoti kriaukl\u0119 kartu su stalvir\u0161iu, atkreipdami d\u0117mes\u012f \u012f kiekvien\u0105 interjero detal\u0119. M\u016bs\u0173 praustuvo spintel\u0117s su stalvir\u0161iu komplektas yra daugiau nei tik baldas \u2013 tai puikus b\u016bdas suasmeninti savo erdv\u0119 ir suteikti jai unikal\u0173 stili\u0173.<\/p>\n<p>Pasirinkite \u201eNordic Cremona\u201c 80 cm praustuvo spintel\u0119 su stalvir\u0161iu ir j\u016bs\u0173 vonios kambarys \u012fgis nauj\u0105, eleganti\u0161k\u0105 dimensij\u0105. Atraskite daugyb\u0119 \u0161io universalaus baldo si\u016blom\u0173 galimybi\u0173 ir investuokite \u012f savo nam\u0173 komfort\u0105 bei estetik\u0105.<\/p>","protected":false},"excerpt":{"rendered":"<p>Plotis (cm): 80<br \/>\n\u016agis (cm): 57<br \/>\nGylis (cm): 46<\/p>","protected":false},"featured_media":246106,"comment_status":"open","ping_status":"open","template":"","meta":[],"product_brand":[],"product_cat":[9117,2015,9183],"product_tag":[],"class_list":{"0":"post-246105","1":"product","2":"type-product","3":"status-publish","4":"has-post-thumbnail","6":"product_cat-bathroom","7":"product_cat-comad","8":"product_cat-bathroom-furniture-sets-comad","10":"first","11":"instock","12":"purchasable","13":"product-type-simple"},"_links":{"self":[{"href":"https:\/\/baldumarket.lt\/lt\/wp-json\/wp\/v2\/product\/246105","targetHints":{"allow":["GET"]}}],"collection":[{"href":"https:\/\/baldumarket.lt\/lt\/wp-json\/wp\/v2\/product"}],"about":[{"href":"https:\/\/baldumarket.lt\/lt\/wp-json\/wp\/v2\/types\/product"}],"replies":[{"embeddable":true,"href":"https:\/\/baldumarket.lt\/lt\/wp-json\/wp\/v2\/comments?post=246105"}],"wp:featuredmedia":[{"embeddable":true,"href":"https:\/\/baldumarket.lt\/lt\/wp-json\/wp\/v2\/media\/246106"}],"wp:attachment":[{"href":"https:\/\/baldumarket.lt\/lt\/wp-json\/wp\/v2\/media?parent=246105"}],"wp:term":[{"taxonomy":"product_brand","embeddable":true,"href":"https:\/\/baldumarket.lt\/lt\/wp-json\/wp\/v2\/product_brand?post=246105"},{"taxonomy":"product_cat","embeddable":true,"href":"https:\/\/baldumarket.lt\/lt\/wp-json\/wp\/v2\/product_cat?post=246105"},{"taxonomy":"product_tag","embeddable":true,"href":"https:\/\/baldumarket.lt\/lt\/wp-json\/wp\/v2\/product_tag?post=246105"}],"curies":[{"name":"wp","href":"https:\/\/api.w.org\/{rel}","templated":true}]}}