{"id":246102,"date":"2026-01-02T23:17:33","date_gmt":"2026-01-02T20:17:33","guid":{"rendered":"https:\/\/baldumarket.lt\/product\/zestaw-szafka-pod-umywalke-z-blatem-80-cm-i-umywalka-nablatowa-oraz-slupek-wysoki-talia-casella-czarny-mat\/"},"modified":"2026-02-11T18:33:03","modified_gmt":"2026-02-11T15:33:03","slug":"zestaw-szafka-pod-umywalke-z-blatem-80-cm-i-umywalka-nablatowa-oraz-slupek-wysoki-talia-casella-czarny-mat","status":"publish","type":"product","link":"https:\/\/baldumarket.lt\/lt\/product\/zestaw-szafka-pod-umywalke-z-blatem-80-cm-i-umywalka-nablatowa-oraz-slupek-wysoki-talia-casella-czarny-mat\/","title":{"rendered":"Praustuvo spintel\u0117s su 80 cm stalvir\u0161iu, stalvir\u0161io praustuvo ir auk\u0161to liemens kolon\u0117l\u0117s komplektas, \u201eCasella Matte Black\u201c"},"content":{"rendered":"<p>80 cm praustuvo spintel\u0117s su stalvir\u0161iu ir ant stalvir\u0161io pastatomo praustuvo bei auk\u0161tos kolon\u0117l\u0117s komplektas \u201eTalia Casella\u201c matin\u0117s juodos spalvos. Atraskite \u201eTalia Casella\u201c komplekt\u0105 \u2013 elegancija dera su modernumu! 80 cm praustuvo spintel\u0117 su dviem stal\u010diais matin\u0117s juodos ir \u201eCasella Oak\u201c spalvos, puikiai papildyta keraminiu praustuvu. \u0160velniai u\u017esidarantys stal\u010diai ir galimyb\u0117 suasmeninti ranken\u0117les. Matmenys: Plotis (cm): 80 Gylis (cm): 46 Auk\u0161tis (cm): 50 Svoris (kg): 56,5 Techniniai duomenys: Komplekt\u0105 sudaro: Talia Casella 1 dur\u0173 auk\u0161ta kolona 30 cm, Talia Casella 80 cm praustuvo spintel\u0117 su 2 stal\u010diais, juodas vonios stalvir\u0161is 80 cm, TRUST 2 WHITE E-6282 keraminis praustuvas su stalvir\u0161iu, baltas blizgus Korpuso spalva: matin\u0117 juoda Priekin\u0117s spalvos: Casella \u0105\u017euolas Ranken\u0117l\u0117s spalva: pakuot\u0117 \u2013 blizgi auksin\u0117, matin\u0117 juoda, blizgus chromas Praustuvo spalva: blizgi balta Stalvir\u0161io spalva: matin\u0117 juoda Korpuso med\u017eiaga: laminuota plok\u0161t\u0117 Priekin\u0117 med\u017eiaga: MDF plok\u0161t\u0117 Rankenos med\u017eiaga: plastikas Praustuvo med\u017eiaga: keramika Stalvir\u0161io med\u017eiaga: laminuota plok\u0161t\u0117 Vyriai: \u0161velniai u\u017esidarantys, Dur\u0173 tvirtinimo kryptis: de\u0161in\u0117\/kair\u0117, B\u0117geliai: \u0161velniai u\u017esidarantys, Stalvir\u0161is \u012fskai\u010diuotas: taip, Praustuvas \u012fskai\u010diuotas: taip, Tvirtinimo komplektas \u012fskai\u010diuotas: taip, Surinkimas: savaranki\u0161kas surinkimas. Pristatome unikal\u0173 praustuvo spintel\u0117s su 80 cm stalvir\u0161iu komplekt\u0105, kuris puikiai papuo\u0161 j\u016bs\u0173 vonios kambar\u012f, derindamas elegancij\u0105 ir funkcionalum\u0105. Komplekt\u0105 sudaro tiek auk\u0161tos kokyb\u0117s stalvir\u0161io praustuvas, tiek stilinga auk\u0161ta \u201eTalia Casella\u201c kolon\u0117l\u0117, kuri tikrai pritrauks d\u0117mes\u012f. Komplekto gilus, matin\u0117s juodos spalvos korpusas suteikia interjerui modernumo, o \u017eavinga \u201eCasella Oak\u201c apdaila erdvei suteikia \u0161ilumos ir harmonijos.<\/p>\n<p>D\u0117l dviej\u0173 erdvi\u0173 stal\u010di\u0173 50 cm auk\u0161\u010dio praustuvo spintel\u0117 leid\u017eia tvarkingai laikyti visus vonios kambario aksesuarus. Kruop\u0161\u010diai apgalvotas bald\u0173 auk\u0161tis suteikia vonios kambariui lengvumo ir erdv\u0117s. Papildomas privalumas \u2013 modernus \u0161velnaus u\u017edarymo mechanizmas, u\u017etikrinantis patog\u0173 kasdien\u012f naudojim\u0105 ir slopinantis erzinan\u010dius garsus. Tvirtos med\u017eiagos, tokios kaip MDF ir laminuota plok\u0161t\u0117, garantuoja ilgaam\u017ei\u0161kum\u0105 ir gra\u017ei\u0105 i\u0161vaizd\u0105 daugeliui met\u0173.<\/p>\n<p>Verta pamin\u0117ti, kad kiekvienas \u201eTalia Casella\u201c kolekcijos baldas buvo sukurtas kruop\u0161\u010diai, tod\u0117l tai puikus sprendimas ie\u0161kantiems stiling\u0173 ir prakti\u0161k\u0173 vonios bald\u0173. Komplektas pristatomas savaranki\u0161kai surenkamose pakuot\u0117se, tod\u0117l j\u012f lengva sumontuoti. Atsi\u017evelgdamas \u012f individualius pageidavimus, gamintojas si\u016blo tris ranken\u0117li\u0173 spalvas: blizgan\u010di\u0105 auksin\u0119, blizgan\u010di\u0105 chromuot\u0105 ir matin\u0119 juod\u0105, tod\u0117l baldus galite lengvai pritaikyti prie savo interjero dizaino vizijos.<\/p>\n<p>80 cm ilgio stalvir\u0161is, padengtas tamsia matine juoda spalva, derina klasikin\u0119 elegancij\u0105 su moderniu stiliumi ir tampa bet kurio interjero traukos centru. Stalvir\u0161io ir balto blizgaus keraminio praustuvo lengvas valymas ir estetika u\u017etikrina, kad baldai ilgai tarnaus, i\u0161laikydami unikali\u0105 i\u0161vaizd\u0105. \u201eTalia Casella\u201c komplektas \u2013 puikus pasirinkimas tiems, kurie vertina kokyb\u0119, stili\u0173 ir funkcionalum\u0105 viename i\u0161skirtiniame vonios kambario sprendime.<\/p>","protected":false},"excerpt":{"rendered":"<p>Plotis (cm): 80<br \/>\n\u016agis (cm): 50<br \/>\nGylis (cm): 46<\/p>","protected":false},"featured_media":246103,"comment_status":"open","ping_status":"open","template":"","meta":[],"product_brand":[],"product_cat":[9117,2015,9183],"product_tag":[],"class_list":{"0":"post-246102","1":"product","2":"type-product","3":"status-publish","4":"has-post-thumbnail","6":"product_cat-bathroom","7":"product_cat-comad","8":"product_cat-bathroom-furniture-sets-comad","10":"first","11":"instock","12":"purchasable","13":"product-type-simple"},"_links":{"self":[{"href":"https:\/\/baldumarket.lt\/lt\/wp-json\/wp\/v2\/product\/246102","targetHints":{"allow":["GET"]}}],"collection":[{"href":"https:\/\/baldumarket.lt\/lt\/wp-json\/wp\/v2\/product"}],"about":[{"href":"https:\/\/baldumarket.lt\/lt\/wp-json\/wp\/v2\/types\/product"}],"replies":[{"embeddable":true,"href":"https:\/\/baldumarket.lt\/lt\/wp-json\/wp\/v2\/comments?post=246102"}],"wp:featuredmedia":[{"embeddable":true,"href":"https:\/\/baldumarket.lt\/lt\/wp-json\/wp\/v2\/media\/246103"}],"wp:attachment":[{"href":"https:\/\/baldumarket.lt\/lt\/wp-json\/wp\/v2\/media?parent=246102"}],"wp:term":[{"taxonomy":"product_brand","embeddable":true,"href":"https:\/\/baldumarket.lt\/lt\/wp-json\/wp\/v2\/product_brand?post=246102"},{"taxonomy":"product_cat","embeddable":true,"href":"https:\/\/baldumarket.lt\/lt\/wp-json\/wp\/v2\/product_cat?post=246102"},{"taxonomy":"product_tag","embeddable":true,"href":"https:\/\/baldumarket.lt\/lt\/wp-json\/wp\/v2\/product_tag?post=246102"}],"curies":[{"name":"wp","href":"https:\/\/api.w.org\/{rel}","templated":true}]}}