{"id":246096,"date":"2026-01-02T23:17:30","date_gmt":"2026-01-02T20:17:30","guid":{"rendered":"https:\/\/baldumarket.lt\/product\/zestaw-szafka-pod-umywalke-z-blatem-80-cm-i-umywalka-nablatowa-oraz-lustro-led-i-2-polslupki-talia-casella-czarny-mat\/"},"modified":"2026-02-11T18:33:03","modified_gmt":"2026-02-11T15:33:03","slug":"zestaw-szafka-pod-umywalke-z-blatem-80-cm-i-umywalka-nablatowa-oraz-lustro-led-i-2-polslupki-talia-casella-czarny-mat","status":"publish","type":"product","link":"https:\/\/baldumarket.lt\/lt\/product\/zestaw-szafka-pod-umywalke-z-blatem-80-cm-i-umywalka-nablatowa-oraz-lustro-led-i-2-polslupki-talia-casella-czarny-mat\/","title":{"rendered":"Praustuvo spintel\u0117s su 80 cm stalvir\u0161iu ir stalvir\u0161io praustuvu komplektas, LED veidrodis ir 2 matin\u0117s juodos spalvos \u201eTalia Casella\u201c puskolon\u0117s"},"content":{"rendered":"<p>\u201eTalia Casella\u201c kriaukl\u0117s spinteli\u0173 komplektas su 80 cm stalvir\u0161iu, praustuvu, LED veidrod\u017eiu ir 2 pusin\u0117mis kolon\u0117l\u0117mis \u2013 tai tobulas modernumo ir elegancijos derinys. Matin\u0117s juodos spalvos spintel\u0117s su \u201eCasella Oak\u201c fasadais ir eleganti\u0161komis trij\u0173 spalv\u0173 ranken\u0117l\u0117mis suteikia stiling\u0105 akcent\u0105. Du stal\u010diai su \u0161velniu u\u017edarymu. Matmenys: Plotis (cm): 80 Gylis (cm): 46 Auk\u0161tis (cm): 50 Techniniai duomenys: Korpuso spalva: Matin\u0117 juoda Komplekt\u0105 sudaro: Talia Casella vonios spintel\u0117s su 1 durel\u0117mis (2 vnt.), Alice 80 cm veidrodis su LED ap\u0161vietimu, Talia Casella 80 cm praustuvo spintel\u0117 su 2 stal\u010diais, juodas 80 cm vonios stalvir\u0161is, Smile 2 modernus keraminis praustuvas su stalvir\u0161iu Priekin\u0117s dalies spalva: Casella \u0105\u017euolas Ranken\u0117l\u0117s spalva: Pakuot\u0117 \u2013 blizgi auksin\u0117, matin\u0117 juoda, blizgi chromuota Praustuvo spalva: Blizgi balta Stalvir\u0161io spalva: Matin\u0117 juoda Korpuso med\u017eiaga: laminuota plok\u0161t\u0117 Priekin\u0117s dalies med\u017eiaga: MDF plok\u0161t\u0117 Ranken\u0117l\u0117s med\u017eiaga: plastikas Praustuvo med\u017eiaga: keramika Stalvir\u0161io med\u017eiaga: Laminuota plok\u0161t\u0117 Vyriai: \u0160velniai u\u017esidarantys B\u0117geliai: \u0160velniai u\u017esidarantys Praustuvas \u012fskai\u010diuotas: Taip Stalvir\u0161is \u012fskai\u010diuotas: Taip Surinkimo komplektas \u012fskai\u010diuotas: Taip Surinkimas: Savaranki\u0161kas surinkimas \u201eTalia Casella\u201c komplektas, kur\u012f sudaro praustuvo spintel\u0117 su 80 cm stalvir\u0161iu, praustuvu, LED veidrod\u017eiu ir 2 puskolon\u0117mis, yra puikus sprendimas visiems, norintiems sukurti eleganti\u0161k\u0105 ir funkcionali\u0105 erdv\u0119 savo vonios kambaryje. \u201eTalia Casella\u201c kolekcija derina klasikin\u012f stili\u0173 su moderniu dizainu, si\u016blydama baldus, kurie ne tik d\u017eiugina, bet ir praturtina kasdien\u012f gyvenim\u0105. \u017davinga \u201eCasella Oak\u201c apdaila suteikia interjerui \u0161ilumos ir harmonijos, o sodri, matin\u0117 juoda korpus\u0173 spalva \u2013 charakterio ir i\u0161rai\u0161kingumo.<\/p>\n<p>Praustuvo spintel\u0117, kuri kiekvien\u0105 ryt\u0105 pavers malonesniu. Blizgios baltos spalvos \u201eSmile\u201c stalvir\u0161io praustuvas puikiai dera su eleganti\u0161ku 80 cm stalvir\u0161iu, nuda\u017eytu matin\u0117s juodos spalvos apdaila. \u0160is derinys ne tik pagerina estetik\u0105, bet ir yra prakti\u0161kas \u2013 lengvai valomas, u\u017etikrinantis nepriekai\u0161ting\u0105 i\u0161vaizd\u0105 ilgus metus. Dviejuose funkcionaliuose spintel\u0117s stal\u010diuose galima laikyti visus priedus, u\u017etikrinant, kad viskas, ko jums reikia, visada b\u016bt\u0173 po ranka.<\/p>\n<p>Verta atkreipti d\u0117mes\u012f \u012f detales, kurios pabr\u0117\u017eia komplekto unikalum\u0105. \u0160velniai u\u017esidaranti stal\u010di\u0173 ir dureli\u0173 sistema padidina komfort\u0105 ir suteikia visam interjerui klas\u0117s. Spintel\u0119 galite suasmeninti pasirinkdami vien\u0105 i\u0161 trij\u0173 ranken\u0117li\u0173 spalv\u0173 \u2013 blizgaus aukso, blizgaus chromo ir matin\u0117s juodos \u2013 taip baldus priderinsite prie individuali\u0173 pageidavim\u0173 ir stiliaus.<\/p>\n<p>\u201cTalia Casella\u201d kolekcijos puskolon\u0117s leid\u017eia sukurti unikali\u0105 erdv\u0119. Minimalistin\u0117 forma, 80 cm auk\u0161tis ir trys lentynos \u2013 tai tobulas estetikos ir funkcionalumo derinys. \u201ePush-to-open\u201c sistema leid\u017eia nepaprastai lengvai atidaryti dureles, o \u0161velnaus u\u017edarymo sistema padidina bald\u0173 naudojimo komfort\u0105. Tod\u0117l kiekviena detal\u0117 buvo kruop\u0161\u010diai apgalvota, siekiant u\u017etikrinti j\u016bs\u0173 pasitenkinim\u0105 ir ilgalaik\u012f patvarum\u0105.<\/p>\n<p>Pasirinkdami \u201eTalia Casella\u201c komplekt\u0105, \u012f savo vonios kambar\u012f \u012fne\u0161ate elegancijos ir modernaus stiliaus, kuris ne tik d\u017eiugins jus kiekvien\u0105 dien\u0105, bet ir suteiks harmonijos j\u016bs\u0173 interjerui. Lenki\u0161ka gamyba ir FSC sertifikuotos med\u017eiagos u\u017etikrina kokyb\u0119 ir ilgaam\u017ei\u0161kum\u0105, o 2 met\u0173 garantija \u2013 teising\u0105 pasirinkim\u0105. Rinkit\u0117s komplekt\u0105, kuriame yra viskas, ko reikia moderniam vonios kambariui!<\/p>","protected":false},"excerpt":{"rendered":"<p>Plotis (cm): 80<br \/>\n\u016agis (cm): 50<br \/>\nGylis (cm): 46<\/p>","protected":false},"featured_media":246097,"comment_status":"open","ping_status":"open","template":"","meta":[],"product_brand":[],"product_cat":[9117,2015,9183],"product_tag":[],"class_list":{"0":"post-246096","1":"product","2":"type-product","3":"status-publish","4":"has-post-thumbnail","6":"product_cat-bathroom","7":"product_cat-comad","8":"product_cat-bathroom-furniture-sets-comad","10":"first","11":"instock","12":"purchasable","13":"product-type-simple"},"_links":{"self":[{"href":"https:\/\/baldumarket.lt\/lt\/wp-json\/wp\/v2\/product\/246096","targetHints":{"allow":["GET"]}}],"collection":[{"href":"https:\/\/baldumarket.lt\/lt\/wp-json\/wp\/v2\/product"}],"about":[{"href":"https:\/\/baldumarket.lt\/lt\/wp-json\/wp\/v2\/types\/product"}],"replies":[{"embeddable":true,"href":"https:\/\/baldumarket.lt\/lt\/wp-json\/wp\/v2\/comments?post=246096"}],"wp:featuredmedia":[{"embeddable":true,"href":"https:\/\/baldumarket.lt\/lt\/wp-json\/wp\/v2\/media\/246097"}],"wp:attachment":[{"href":"https:\/\/baldumarket.lt\/lt\/wp-json\/wp\/v2\/media?parent=246096"}],"wp:term":[{"taxonomy":"product_brand","embeddable":true,"href":"https:\/\/baldumarket.lt\/lt\/wp-json\/wp\/v2\/product_brand?post=246096"},{"taxonomy":"product_cat","embeddable":true,"href":"https:\/\/baldumarket.lt\/lt\/wp-json\/wp\/v2\/product_cat?post=246096"},{"taxonomy":"product_tag","embeddable":true,"href":"https:\/\/baldumarket.lt\/lt\/wp-json\/wp\/v2\/product_tag?post=246096"}],"curies":[{"name":"wp","href":"https:\/\/api.w.org\/{rel}","templated":true}]}}