{"id":246089,"date":"2026-01-02T23:17:27","date_gmt":"2026-01-02T20:17:27","guid":{"rendered":"https:\/\/baldumarket.lt\/product\/zestaw-szafka-pod-umywalke-z-blatem-80-cm-i-umywalka-nablatowa-oraz-2-polslupki-talia-casella-czarny-mat\/"},"modified":"2026-02-11T18:33:03","modified_gmt":"2026-02-11T15:33:03","slug":"zestaw-szafka-pod-umywalke-z-blatem-80-cm-i-umywalka-nablatowa-oraz-2-polslupki-talia-casella-czarny-mat","status":"publish","type":"product","link":"https:\/\/baldumarket.lt\/lt\/product\/zestaw-szafka-pod-umywalke-z-blatem-80-cm-i-umywalka-nablatowa-oraz-2-polslupki-talia-casella-czarny-mat\/","title":{"rendered":"Praustuvo spintel\u0117s su 80 cm stalvir\u0161iu, stalvir\u0161io praustuvo ir dviej\u0173 matin\u0117s juodos spalvos \u201eTalia Casella\u201c puskolon\u0117li\u0173 komplektas"},"content":{"rendered":"<p>80 cm praustuvo spintel\u0117s su stalvir\u0161iu, ant stalvir\u0161io pastatomo praustuvo ir 2 matin\u0117s juodos spalvos \u201eTalia Casella\u201c puskoloni\u0173 komplektas. \u201eTalia Casella\u201c praustuvo spinteli\u0173 komplektas \u2013 tai klasikinio ir modernaus stiliaus derinys. Auk\u0161tos kokyb\u0117s med\u017eiagos ir matin\u0117s juodos spalvos korpusas su nat\u016bralia \u201eCasella\u201c \u0105\u017euolo apdaila suteikia harmonijos bet kuriam vonios kambariui. Du stal\u010diai, subtilus frezavimas ir \u0161velnus u\u017edarymas. Matmenys: Plotis (cm): 80 Gylis (cm): 46 Auk\u0161tis (cm): 50 Svoris (kg): 58,7 Techniniai duomenys: Komplekt\u0105 sudaro: Praustuvo spintel\u0117 80 cm su 2 stal\u010diais \u201eTalia Casella\u201c, 80 cm juodos spalvos vonios stalvir\u0161is, keraminis ant stalvir\u0161io pastatomas praustuvas \u201eTRUST 2 WHITE E-6282\u201c baltas blizgus, 1 dur\u0173 vonios puskolon\u0117 \u201eTalia Casella\u201c 2 vnt. Korpuso spalva: matin\u0117 juoda; Priekin\u0117s dalies spalva: \u201eCasella Oak\u201c; Ranken\u0117l\u0117s spalva: pakuot\u0117 \u2013 blizgi auksin\u0117, matin\u0117 juoda, blizgus chromas; Stalvir\u0161io spalva: matin\u0117 juoda; Praustuvo spalva: blizgi balta; Korpuso med\u017eiaga: laminuota plok\u0161t\u0117; Priekin\u0117s dalies med\u017eiaga: MDF plok\u0161t\u0117; Rankenos med\u017eiaga: plastikas; Praustuvo med\u017eiaga: keramika; Stalvir\u0161io med\u017eiaga: laminuota plok\u0161t\u0117; B\u0117geliai: \u0161velniai u\u017esidarantys; Dur\u0173 tvirtinimo kryptis: de\u0161in\u0117 \/ kair\u0117; Vyriai: \u0161velniai u\u017esidarantys; Stalvir\u0161is \u012ftrauktas: taip; Praustuvas \u012ftrauktas: taip; Surinkimo komplektas \u012ftrauktas: taip; Surinkimas: savaranki\u0161kas surinkimas. \u201eTalia Casella\u201c praustuvo spintel\u0117 su 80 cm stalvir\u0161iu ir stalvir\u0161io praustuvo komplektu \u2013 tai tobulas elegancijos ir modernumo derinys, leid\u017eiantis j\u016bs\u0173 vonios kambariui suteikti apgalvot\u0105 ir stiling\u0105 dizain\u0105. Sukurta su aistra detal\u0117ms, \u0161i spintel\u0117 pasi\u017eymi unikaliu dizainu, kuris patraukia d\u0117mes\u012f subtiliu frezavimu priekin\u0117se dalyse ir dekoratyvia \u201eCasella Oak\u201c apdaila. Sodri, matin\u0117 juoda korpuso spalva suteikia baldui modernumo, o interjerui \u2013 \u0161ilumos ir harmonijos. Ergonomi\u0161kas 50 cm auk\u0161tis suteikia praustuvo spintelei erdvesn\u012f vaizd\u0105. Du erdv\u016bs stal\u010diai sukuria tvark\u0105 ir leid\u017eia laikyti b\u016btiniausius priedus, taip gerokai supaprastindami kasdien\u012f naudojim\u0105. \u0160velnaus u\u017edarymo stal\u010di\u0173 sistema u\u017etikrina komfort\u0105, pa\u0161alindama gars\u0173 trinktel\u0117jim\u0105, o tai ypa\u010d svarbu namuose su vaikais arba vietose, kur svarbiausia ramyb\u0117 ir tyla.<\/p>\n<p>Komplekte taip pat yra keraminis praustuvas.<\/p>\n<p>M\u016bs\u0173 vonios kambario puskolon\u0117 \u2013 dar vienas elementas, kur\u012f galima lengvai pritaikyti j\u016bs\u0173 poreikiams. D\u0117l minimalistinio dizaino ir \u201cspustel\u0117jimo atidarymo\u201d sistemos galite lengvai pasiekti vid\u0173 nenaudojant tradicini\u0173 ranken\u0173. Puskolon\u0117s yra vien\u0173 dureli\u0173 versijos, tod\u0117l j\u016bs\u0173 dizaino galimyb\u0117s platesn\u0117s, o komplekt\u0105 papildo trij\u0173 stiling\u0173 spalv\u0173 ranken\u0117l\u0117s, leid\u017eian\u010dios suasmeninti baldus pagal savo skon\u012f.<\/p>\n<p>Pasirinkdami \u201eTalia Casella\u201c kolekcij\u0105, investuojate ne tik \u012f funkcionalum\u0105, bet ir \u012f estetik\u0105 bei kokyb\u0119. D\u0117l FSC sertifikuot\u0173 med\u017eiag\u0173 naudojimo galite b\u016bti tikri, kad renkat\u0117s aplinkai nekenksmingus baldus. M\u016bs\u0173 kolekcijai suteikiama 2 met\u0173 garantija, tod\u0117l galite m\u0117gautis naujais baldais nesijaudindami d\u0117l j\u0173 patvarumo ar naudotoj\u0173 pasitenkinimo.<\/p>","protected":false},"excerpt":{"rendered":"<p>Plotis (cm): 80<br \/>\n\u016agis (cm): 50<br \/>\nGylis (cm): 46<\/p>","protected":false},"featured_media":246090,"comment_status":"open","ping_status":"open","template":"","meta":[],"product_brand":[],"product_cat":[9117,2015,9183],"product_tag":[],"class_list":{"0":"post-246089","1":"product","2":"type-product","3":"status-publish","4":"has-post-thumbnail","6":"product_cat-bathroom","7":"product_cat-comad","8":"product_cat-bathroom-furniture-sets-comad","10":"first","11":"instock","12":"purchasable","13":"product-type-simple"},"_links":{"self":[{"href":"https:\/\/baldumarket.lt\/lt\/wp-json\/wp\/v2\/product\/246089","targetHints":{"allow":["GET"]}}],"collection":[{"href":"https:\/\/baldumarket.lt\/lt\/wp-json\/wp\/v2\/product"}],"about":[{"href":"https:\/\/baldumarket.lt\/lt\/wp-json\/wp\/v2\/types\/product"}],"replies":[{"embeddable":true,"href":"https:\/\/baldumarket.lt\/lt\/wp-json\/wp\/v2\/comments?post=246089"}],"wp:featuredmedia":[{"embeddable":true,"href":"https:\/\/baldumarket.lt\/lt\/wp-json\/wp\/v2\/media\/246090"}],"wp:attachment":[{"href":"https:\/\/baldumarket.lt\/lt\/wp-json\/wp\/v2\/media?parent=246089"}],"wp:term":[{"taxonomy":"product_brand","embeddable":true,"href":"https:\/\/baldumarket.lt\/lt\/wp-json\/wp\/v2\/product_brand?post=246089"},{"taxonomy":"product_cat","embeddable":true,"href":"https:\/\/baldumarket.lt\/lt\/wp-json\/wp\/v2\/product_cat?post=246089"},{"taxonomy":"product_tag","embeddable":true,"href":"https:\/\/baldumarket.lt\/lt\/wp-json\/wp\/v2\/product_tag?post=246089"}],"curies":[{"name":"wp","href":"https:\/\/api.w.org\/{rel}","templated":true}]}}