{"id":246084,"date":"2026-01-02T23:17:25","date_gmt":"2026-01-02T20:17:25","guid":{"rendered":"https:\/\/baldumarket.lt\/product\/zestaw-szafka-pod-umywalke-z-blatem-80-cm-i-slupek-wysoki-talia-casella-czarny-mat\/"},"modified":"2026-02-11T18:33:03","modified_gmt":"2026-02-11T15:33:03","slug":"zestaw-szafka-pod-umywalke-z-blatem-80-cm-i-slupek-wysoki-talia-casella-czarny-mat","status":"publish","type":"product","link":"https:\/\/baldumarket.lt\/lt\/product\/zestaw-szafka-pod-umywalke-z-blatem-80-cm-i-slupek-wysoki-talia-casella-czarny-mat\/","title":{"rendered":"Praustuvo spintel\u0117s komplektas su 80 cm stalvir\u0161iu ir auk\u0161to liemens kolon\u0117le \u201eCasella Matte Black\u201c"},"content":{"rendered":"<p>Praustuvo spintel\u0117s su 80 cm stalvir\u0161iu ir auk\u0161ta kolona komplektas \u201eTalia Casella Matte Black\u201c. Praustuvo spintel\u0117s su 80 cm stalvir\u0161iu ir kolona komplektas \u201eTalia Casella\u201c derina modernum\u0105 su elegancija. Matin\u0117s juodos spalvos korpusas ir fasadai su \u201eCasella Oak\u201c dekoru, \u0161velnus u\u017edarymas ir suasmenintos ranken\u0117l\u0117s \u2013 puikus sprendimas bet kokiam vonios kambariui. Matmenys: Plotis (cm): 80 Gylis (cm): 46 Auk\u0161tis (cm): 50 Svoris (kg): 45,5 Techniniai duomenys: Komplekt\u0105 sudaro: \u201eTalia Casella\u201c 1 dur\u0173 auk\u0161ta kolona 30 cm, \u201eTalia Casella\u201c praustuvo spintel\u0117 80 cm, 2 \u201eTalia Casella\u201c stal\u010diai, juodas vonios stalvir\u0161is 80 cm Korpuso spalva: Matin\u0117 juoda Priekin\u0117s spalvos spalva: \u201eCasella Oak\u201c Ranken\u0117l\u0117s spalva: Pakuot\u0117 \u2013 auksin\u0117 blizgi, matin\u0117 juoda, blizgus chromas Stalvir\u0161io spalva: Matin\u0117 juoda Korpuso med\u017eiaga: laminuota plok\u0161t\u0117 Priekin\u0117 med\u017eiaga: MDF plok\u0161t\u0117 Ranken\u0117l\u0117s med\u017eiaga: plastikas Stalvir\u0161io med\u017eiaga: laminuota plok\u0161t\u0117 B\u0117geliai: Tylus u\u017edarymas: Vyriai: \u0160velnus u\u017edarymas. Stalvir\u0161is prid\u0117tas: Taip. Surinkimo rinkinys prid\u0117tas: Taip. Surinkimas: Savaranki\u0161kas surinkimas. \u201eCasella\u201c 80 cm praustuvo spintel\u0117 su stalvir\u0161iu ir auk\u0161ta \u201eTalia\u201c kolona \u2013 tai tobulas klasikinio elegancijos ir modernaus dizaino derinys. Ji pasi\u017eymi rafinuotu stiliumi, kuris puikiai dera prie eklekti\u0161ko vonios kambario dizaino. Patraukli \u201eCasella\u201c \u0105\u017euolo apdaila kartu su sodria, matine juoda korpuso spalva suteikia erdvei \u0161ilumos ir harmonijos, sukurdama unikal\u0173 interjero charakter\u012f.<\/p>\n<p>80 cm plo\u010dio praustuvo spintel\u0117 su dviem erdviais stal\u010diais puikiai tinka laikyti visus svarbiausius vonios kambario aksesuarus. Ergonomi\u0161kas 50 cm auk\u0161tis vizualiai i\u0161ple\u010dia erdv\u0119, suteikdamas jaukumo ir komforto. \u0160velnaus u\u017edarymo stal\u010di\u0173 sistema \u2013 dar vienas patogumas, kur\u012f \u012fvertinsite kasdien naudodami, suteikdama vonios kambariui jaukumo ir ramyb\u0117s.<\/p>\n<p>Auk\u0161ta spintel\u0117 \u201cTalia Casella\u201d \u2013 dar vienas komplekto elementas, jungiantis funkcionalum\u0105 ir estetik\u0105. Kompakti\u0161kas dizainas ir keturios lentynos leid\u017eia patogiai susitvarkyti daiktus, o tai ne\u012fkainojama ma\u017eesniuose vonios kambariuose. Be to, novatori\u0161ka atidarymo sistema \u201espustelint\u201c, panaikinanti tradicines rankenas, pabr\u0117\u017eia modern\u0173 bald\u0173 charakter\u012f ir palengvina naudojim\u0105.<\/p>\n<p>Kiekvienas \u201eTalia Casella\u201c komplekto baldas buvo kruop\u0161\u010diai sukurtas atsi\u017evelgiant \u012f auk\u0161t\u0105 kokyb\u0119 ir ilgaam\u017ei\u0161kum\u0105. Baldai pagaminti Lenkijoje i\u0161 sertifikuot\u0173 med\u017eiag\u0173, u\u017etikrinan\u010di\u0173 ilgalaik\u012f tarnavim\u0105. Suteikiama 2 met\u0173 garantija \u012frodo, kad investicija \u012f \u0161\u012f unikal\u0173 bald\u0105 atsiperka. Jis derina klasikin\u012f paprastum\u0105 su moderniu stiliumi ir pateisina visus j\u016bs\u0173 l\u016bkes\u010dius.<\/p>\n<p>Jei norite susikurti stiling\u0105 ir eleganti\u0161k\u0105 vonios kambar\u012f, \u201eTalia Casella\u201c 80 cm praustuvo spintel\u0117s su stalvir\u0161iu ir auk\u0161ta spintele komplektas yra puikus pasirinkimas. Suteikite savo interjerui modernumo ir m\u0117gaukit\u0117s bald\u0173 prakti\u0161kumu bei estetika, kurie d\u017eiugins ak\u012f ilgus metus!<\/p>","protected":false},"excerpt":{"rendered":"<p>Plotis (cm): 80<br \/>\n\u016agis (cm): 50<br \/>\nGylis (cm): 46<\/p>","protected":false},"featured_media":246085,"comment_status":"open","ping_status":"open","template":"","meta":[],"product_brand":[],"product_cat":[9117,2015,9183],"product_tag":[],"class_list":{"0":"post-246084","1":"product","2":"type-product","3":"status-publish","4":"has-post-thumbnail","6":"product_cat-bathroom","7":"product_cat-comad","8":"product_cat-bathroom-furniture-sets-comad","10":"first","11":"instock","12":"purchasable","13":"product-type-simple"},"_links":{"self":[{"href":"https:\/\/baldumarket.lt\/lt\/wp-json\/wp\/v2\/product\/246084","targetHints":{"allow":["GET"]}}],"collection":[{"href":"https:\/\/baldumarket.lt\/lt\/wp-json\/wp\/v2\/product"}],"about":[{"href":"https:\/\/baldumarket.lt\/lt\/wp-json\/wp\/v2\/types\/product"}],"replies":[{"embeddable":true,"href":"https:\/\/baldumarket.lt\/lt\/wp-json\/wp\/v2\/comments?post=246084"}],"wp:featuredmedia":[{"embeddable":true,"href":"https:\/\/baldumarket.lt\/lt\/wp-json\/wp\/v2\/media\/246085"}],"wp:attachment":[{"href":"https:\/\/baldumarket.lt\/lt\/wp-json\/wp\/v2\/media?parent=246084"}],"wp:term":[{"taxonomy":"product_brand","embeddable":true,"href":"https:\/\/baldumarket.lt\/lt\/wp-json\/wp\/v2\/product_brand?post=246084"},{"taxonomy":"product_cat","embeddable":true,"href":"https:\/\/baldumarket.lt\/lt\/wp-json\/wp\/v2\/product_cat?post=246084"},{"taxonomy":"product_tag","embeddable":true,"href":"https:\/\/baldumarket.lt\/lt\/wp-json\/wp\/v2\/product_tag?post=246084"}],"curies":[{"name":"wp","href":"https:\/\/api.w.org\/{rel}","templated":true}]}}