{"id":246076,"date":"2026-01-02T23:17:22","date_gmt":"2026-01-02T20:17:22","guid":{"rendered":"https:\/\/baldumarket.lt\/product\/zestaw-szafka-pod-umywalke-z-blatem-80-cm-i-slupek-wysoki-ovalia-cremona\/"},"modified":"2026-02-11T18:33:03","modified_gmt":"2026-02-11T15:33:03","slug":"zestaw-szafka-pod-umywalke-z-blatem-80-cm-i-slupek-wysoki-ovalia-cremona","status":"publish","type":"product","link":"https:\/\/baldumarket.lt\/lt\/product\/zestaw-szafka-pod-umywalke-z-blatem-80-cm-i-slupek-wysoki-ovalia-cremona\/","title":{"rendered":"Praustuvo spintel\u0117s su 80 cm stalvir\u0161iu ir auk\u0161ta kolona \u201eOvalia Cremona\u201c komplektas"},"content":{"rendered":"<p>Praustuvo spintel\u0117s su stalvir\u0161iu ir auk\u0161ta kolona Ovalia Cremona komplektasPraustuvo spintel\u0117s su stalvir\u0161iu ir auk\u0161ta kolona Ovalia Cremona komplektas: Eleganti\u0161ka 80 cm praustuvo spintel\u0117 i\u0161siskiria u\u017eapvalintais kampais ir \u0161velnaus u\u017edarymo funkcija. Nat\u016bralaus Kremonos \u0105\u017euolo dekoras sukuria jauki\u0105 atmosfer\u0105. Matmenys: Plotis (cm): 80 Gylis (cm): 46 Auk\u0161tis (cm): 52 Techniniai duomenys: Komplekt\u0105 sudaro: Ovalia Cremona praustuvo spintel\u0117 2S 80 cm, Ovalia Cremona vonios stalvir\u0161is 80 cm, Ovalia Cremona 1 dur\u0173 auk\u0161ta kolona Korpuso spalva: Cremona \u0105\u017euolas Priekin\u0117s spalvos: Cremona \u0105\u017euolas Rankenos spalva: Matin\u0117 juoda Stalvir\u0161io spalva: Cremona \u0105\u017euolas Korpuso med\u017eiaga: laminuota plok\u0161t\u0117 Priekin\u0117 med\u017eiaga: MDF plok\u0161t\u0117 Rankenos med\u017eiaga: Metalas Stalvir\u0161io med\u017eiaga: MDF plok\u0161t\u0117 B\u0117geliai: \u0160velniai u\u017esidarantys Vyriai: \u0160velniai u\u017esidarantys Dur\u0173 tvirtinimo kryptis: De\u0161in\u0117 \/ Kair\u0117 Stalvir\u0161is \u012ftrauktas: Taip Tvirtinimo pakuot\u0117 \u012ftraukta: Taip Surinkimas: Savaranki\u0161kas surinkimas Ovalia Cremona 80 cm praustuvo spintel\u0117s su stalvir\u0161iu ir auk\u0161ta kolona komplektas yra eleganti\u0161kas pasirinkimas bet kokiam moderniam vonios kambariui. Sukurtas atid\u017eiai \u012f detales, komplektas derina stilingus sprendimus su dideliu funkcionalumu. \u0160ilta Cremona \u0105\u017euolo spalva gra\u017eiai atspindi nat\u016bral\u0173 medienos gro\u017e\u012f, suteikdama interjerui jauki\u0105 ir harmoning\u0105 atmosfer\u0105, kuri skatina atsipalaidavim\u0105. \u201eOvalia Cremona\u201c kolekcijos praustuvo spintel\u0117 su dviem erdviais stal\u010diais yra puiki vieta laikyti visus j\u016bs\u0173 vonios kambario aksesuarus. I\u0161skirtiniai, u\u017eapvalinti kampai ir i\u0161rai\u0161kingi vertikal\u016bs grioveliai suteikia baldui vizualinio lengvumo, tod\u0117l jis yra ne tik prakti\u0161kas baldas, bet ir dekoratyvus akcentas. \u0160is unikalus estetikos ir moderni\u0173 funkcini\u0173 sprendim\u0173, toki\u0173 kaip \u0161velnaus u\u017edarymo sistema, derinys u\u017etikrina skland\u0173 ir tyl\u0173 veikim\u0105. Be to, d\u0117l savo matmen\u0173 46 cm gylio spintel\u0117 puikiai dera su kitais kolekcijos elementais, leisdama sukurti visapusi\u0161k\u0105 vonios kambario dizain\u0105. Nepriklausomai nuo j\u016bs\u0173 vonios kambario stiliaus, \u201eOvalia Cremona\u201c komplektas, pasi\u017eymintis nat\u016bralia \u201eCremona\u201c \u0105\u017euolo apdaila, puikiai der\u0117s prie bet kokio interjero. Lenki\u0161ka gamyba ir FSC sertifikuotos med\u017eiagos u\u017etikrina ne tik auk\u0161t\u0105 kokyb\u0119, bet ir ekologi\u0161kum\u0105. Be to, komplektas pristatomas savaranki\u0161kai surenkamose pakuot\u0117se, tod\u0117l j\u012f lengva surinkti, tod\u0117l net ir neprofesionalai gali efektyviai surinkti baldus. Kalbant apie estetik\u0105 ir funkcionalum\u0105, \u201eOvalia Cremona\u201c kolekcija i\u0161siskiria i\u0161 minios. Nesvarbu, ar ie\u0161kote \u012fsp\u016bdingos praustuvo spintel\u0117s, stalvir\u0161io ar auk\u0161tos kolonos, \u0161is komplektas bus stiliaus ir prakti\u0161kumo j\u016bs\u0173 vonios kambaryje \u012fsik\u016bnijimas.<\/p>","protected":false},"excerpt":{"rendered":"<p>Plotis (cm): 80<br \/>\n\u016agis (cm): 52<br \/>\nGylis (cm): 46<\/p>","protected":false},"featured_media":246077,"comment_status":"open","ping_status":"open","template":"","meta":[],"product_brand":[],"product_cat":[9117,2015,9183],"product_tag":[],"class_list":{"0":"post-246076","1":"product","2":"type-product","3":"status-publish","4":"has-post-thumbnail","6":"product_cat-bathroom","7":"product_cat-comad","8":"product_cat-bathroom-furniture-sets-comad","10":"first","11":"instock","12":"purchasable","13":"product-type-simple"},"_links":{"self":[{"href":"https:\/\/baldumarket.lt\/lt\/wp-json\/wp\/v2\/product\/246076","targetHints":{"allow":["GET"]}}],"collection":[{"href":"https:\/\/baldumarket.lt\/lt\/wp-json\/wp\/v2\/product"}],"about":[{"href":"https:\/\/baldumarket.lt\/lt\/wp-json\/wp\/v2\/types\/product"}],"replies":[{"embeddable":true,"href":"https:\/\/baldumarket.lt\/lt\/wp-json\/wp\/v2\/comments?post=246076"}],"wp:featuredmedia":[{"embeddable":true,"href":"https:\/\/baldumarket.lt\/lt\/wp-json\/wp\/v2\/media\/246077"}],"wp:attachment":[{"href":"https:\/\/baldumarket.lt\/lt\/wp-json\/wp\/v2\/media?parent=246076"}],"wp:term":[{"taxonomy":"product_brand","embeddable":true,"href":"https:\/\/baldumarket.lt\/lt\/wp-json\/wp\/v2\/product_brand?post=246076"},{"taxonomy":"product_cat","embeddable":true,"href":"https:\/\/baldumarket.lt\/lt\/wp-json\/wp\/v2\/product_cat?post=246076"},{"taxonomy":"product_tag","embeddable":true,"href":"https:\/\/baldumarket.lt\/lt\/wp-json\/wp\/v2\/product_tag?post=246076"}],"curies":[{"name":"wp","href":"https:\/\/api.w.org\/{rel}","templated":true}]}}