{"id":246070,"date":"2026-01-02T23:17:19","date_gmt":"2026-01-02T20:17:19","guid":{"rendered":"https:\/\/baldumarket.lt\/product\/zestaw-szafka-pod-umywalke-z-blatem-80-cm-i-slupek-wysoki-nordic-cremona\/"},"modified":"2026-02-11T18:33:04","modified_gmt":"2026-02-11T15:33:04","slug":"zestaw-szafka-pod-umywalke-z-blatem-80-cm-i-slupek-wysoki-nordic-cremona","status":"publish","type":"product","link":"https:\/\/baldumarket.lt\/lt\/product\/zestaw-szafka-pod-umywalke-z-blatem-80-cm-i-slupek-wysoki-nordic-cremona\/","title":{"rendered":"Praustuvo spintel\u0117s su 80 cm stalvir\u0161iu ir auk\u0161ta \u201eNordic Cremona\u201c kolonos komplektas"},"content":{"rendered":"<p>Praustuvo spintel\u0117s su 80 cm stalvir\u0161iu ir auk\u0161ta kolona komplektas \u201eNordic Cremona\u201c. \u201eNordic Cremona\u201c vonios kambario komplektas \u2013 tai harmoningas modernumo ir elegancijos derinys. Praustuvo spintel\u0117 su dviem stal\u010diais ir auk\u0161ta kolona su vertikaliais grioveliais bei \u201eCremona Oak\u201c dekoracija suteikia erdv\u0117s ir stiliaus. Matmenys: Plotis (cm): 80 Gylis (cm): 46 Auk\u0161tis (cm): 57 Techniniai duomenys: Komplekt\u0105 sudaro: Praustuvo spintel\u0117 80 cm su 2 stal\u010diais \u201eNordic Cremona\u201c, vonios stalvir\u0161is 80 cm \u201eCremona Oak\u201c, auk\u0161ta kolona 2 dur\u0173 \u201eNordic Cremona\u201c. Korpuso spalva: \u201eCremona Oak\u201c; Priekin\u0117s spalvos: \u201eCremona Oak\u201c; Stalvir\u0161io spalva: \u201eCremona Oak\u201c; Korpuso med\u017eiaga: laminuota plok\u0161t\u0117; Priekin\u0117 med\u017eiaga: MDF plok\u0161t\u0117; Stalvir\u0161io med\u017eiaga: MDF plok\u0161t\u0117; Dur\u0173 tvirtinimo kryptis: De\u0161in\u0117 \/ Kair\u0117; B\u0117geliai: \u0160velniai u\u017esidarantys; Vyriai: \u0160velniai u\u017esidarantys; Stalvir\u0161is \u012ftrauktas: Taip; Pakuot\u0117s surinkimas \u012ftrauktas: Taip; Surinkimas: Savaranki\u0161kas surinkimas. \u201eNordic Cremona\u201c praustuvo spintel\u0117 su 80 cm stalvir\u0161iu ir auk\u0161ta kolona yra unikalus modernaus dizaino ir funkcionalumo derinys, kuris lengvai tilps bet kuriame vonios kambaryje. Subtil\u016bs kont\u016brai ir subtil\u016bs vertikal\u016bs grioveliai daro \u0161i\u0105 kolekcij\u0105 ne tik prakti\u0161k\u0105, bet ir suteikia j\u016bs\u0173 interjerui elegancijos bei stiliaus. \u201eCremona Oak\u201c spalva spinduliuoja \u0161ilum\u0105 ir nat\u016bral\u0173 medienos gro\u017e\u012f, sukurdama jauki\u0105 atmosfer\u0105, kuri jums patiks.<\/p>\n<p>D\u0117l prakti\u0161ko dizaino, praustuvo spintel\u0117 su dviem erdviais stal\u010diais suteikia daug vietos visiems svarbiausiems vonios kambario aksesuarams. \u0160velnaus u\u017edarymo stal\u010di\u0173 sistema suteikia papildomo komforto, ypa\u010d vertinamo kasdien naudojant. Be to, lengvai pri\u017ei\u016brimos med\u017eiagos, tokios kaip MDF ir laminatas, garantuoja, kad baldai daugel\u012f met\u0173 d\u017eiugins savo estetika, nereikalaujant specializuotos prie\u017ei\u016bros.<\/p>\n<p>80 cm ilgio vonios stalvir\u0161is yra tobulas komplekto akcentas, o nat\u016brali \u201eCremona Oak\u201c apdaila sukuria harmoning\u0105 visum\u0105. Jis taip pat ne\u012ftik\u0117tinai funkcionalus \u2013 lengvai valomas, o kriaukl\u0117s montavimo b\u016bdas su sifono i\u0161pjova leid\u017eia lengvai montuoti bet kam, turin\u010diam \u0161iek tiek praktikos. Auk\u0161tos kokyb\u0117s meistri\u0161kumas ir d\u0117mesys detal\u0117ms kiekvienam \u201eNordic Cremona\u201c kolekcijos baldui daro j\u012f ilgalaike investicija.<\/p>\n<p>Dviej\u0173 dur\u0173 auk\u0161ta kolon\u0117l\u0117 i\u0161 tos pa\u010dios kolekcijos \u2013 puikus sprendimas papildomam daikt\u0173 laikymui. D\u0117l keturi\u0173 lentyn\u0173 ir kompakti\u0161ko dizaino ji leid\u017eia lengvai susitvarkyti kosmetik\u0105, rank\u0161luos\u010dius ir valymo priemones. Modernus dizainas ir nat\u016brali apdaila sukuria darni\u0105 estetik\u0105 su praustuvo spintele, suteikdami visam komplektui eleganti\u0161k\u0105 ir modern\u0173 poj\u016bt\u012f.<\/p>\n<p>Jis ne tik puikiai atrodo, bet ir atitinka auk\u0161\u010diausius kokyb\u0117s standartus. Lenki\u0161ka gamyba naudojant FSC sertifikuotas med\u017eiagas u\u017etikrina, kad bald\u0173 komplektas yra ekologi\u0161kas ir patvarus. Patogus dureli\u0173 atidarymas d\u0117l tyli\u0173 vyri\u0173, taip pat lengvas montavimas yra papildomi privalumai, d\u0117l kuri\u0173 \u0161is komplektas yra idealus pasirinkimas visiems, ie\u0161kantiems moderni\u0173 ir funkcionali\u0173 vonios kambario sprendim\u0173.<\/p>","protected":false},"excerpt":{"rendered":"<p>Plotis (cm): 80<br \/>\n\u016agis (cm): 57<br \/>\nGylis (cm): 46<\/p>","protected":false},"featured_media":246071,"comment_status":"open","ping_status":"open","template":"","meta":[],"product_brand":[],"product_cat":[9117,2015,9183],"product_tag":[],"class_list":{"0":"post-246070","1":"product","2":"type-product","3":"status-publish","4":"has-post-thumbnail","6":"product_cat-bathroom","7":"product_cat-comad","8":"product_cat-bathroom-furniture-sets-comad","10":"first","11":"instock","12":"purchasable","13":"product-type-simple"},"_links":{"self":[{"href":"https:\/\/baldumarket.lt\/lt\/wp-json\/wp\/v2\/product\/246070","targetHints":{"allow":["GET"]}}],"collection":[{"href":"https:\/\/baldumarket.lt\/lt\/wp-json\/wp\/v2\/product"}],"about":[{"href":"https:\/\/baldumarket.lt\/lt\/wp-json\/wp\/v2\/types\/product"}],"replies":[{"embeddable":true,"href":"https:\/\/baldumarket.lt\/lt\/wp-json\/wp\/v2\/comments?post=246070"}],"wp:featuredmedia":[{"embeddable":true,"href":"https:\/\/baldumarket.lt\/lt\/wp-json\/wp\/v2\/media\/246071"}],"wp:attachment":[{"href":"https:\/\/baldumarket.lt\/lt\/wp-json\/wp\/v2\/media?parent=246070"}],"wp:term":[{"taxonomy":"product_brand","embeddable":true,"href":"https:\/\/baldumarket.lt\/lt\/wp-json\/wp\/v2\/product_brand?post=246070"},{"taxonomy":"product_cat","embeddable":true,"href":"https:\/\/baldumarket.lt\/lt\/wp-json\/wp\/v2\/product_cat?post=246070"},{"taxonomy":"product_tag","embeddable":true,"href":"https:\/\/baldumarket.lt\/lt\/wp-json\/wp\/v2\/product_tag?post=246070"}],"curies":[{"name":"wp","href":"https:\/\/api.w.org\/{rel}","templated":true}]}}