{"id":246062,"date":"2026-01-02T23:17:17","date_gmt":"2026-01-02T20:17:17","guid":{"rendered":"https:\/\/baldumarket.lt\/product\/zestaw-szafka-pod-umywalke-z-blatem-80-cm-i-slupek-wysoki-donna-sand\/"},"modified":"2026-02-11T18:33:04","modified_gmt":"2026-02-11T15:33:04","slug":"zestaw-szafka-pod-umywalke-z-blatem-80-cm-i-slupek-wysoki-donna-sand","status":"publish","type":"product","link":"https:\/\/baldumarket.lt\/lt\/product\/zestaw-szafka-pod-umywalke-z-blatem-80-cm-i-slupek-wysoki-donna-sand\/","title":{"rendered":"Praustuvo spintel\u0117s su 80 cm stalvir\u0161iu ir auk\u0161ta kolona Donna Sand komplektas"},"content":{"rendered":"<p>Donna Sand 80 cm praustuvo spintel\u0117 su stalvir\u0161iu ir auk\u0161ta kolona. Donna Sand 80 cm praustuvo spintel\u0117s su stalvir\u0161iu ir auk\u0161ta kolona komplektas derina elegancij\u0105 ir funkcionalum\u0105. Sm\u0117lio spalvos apdaila, auksin\u0117s ranken\u0117l\u0117s ir \u0161velniai u\u017esidarantys stal\u010diai sukuria harmoning\u0105 visum\u0105, puikiai tinkan\u010di\u0105 bet kokiam vonios kambariui. Auk\u0161tos kokyb\u0117s ir patvarios med\u017eiagos. Matmenys: Plotis (cm): 80 Gylis (cm): 46 Auk\u0161tis (cm): 57 Svoris (kg): 50,9 Techniniai duomenys: Komplekt\u0105 sudaro: Praustuvo spintel\u0117 80 cm su 2 stal\u010diais Donna Sand, vonios kambario stalvir\u0161is 80 cm Donna Sand Sand Beige, auk\u0161ta 1 dur\u0173 priekyje kabanti kolona Donna Sand Korpuso spalva: Sm\u0117lio sm\u0117lio spalvos Priekin\u0117 spalva: Sm\u0117lio sm\u0117lio spalvos Rankenos spalva: Blizgi auksin\u0117 Stalvir\u0161io spalva: Sm\u0117lio sm\u0117lio spalvos Korpuso med\u017eiaga: Laminuota plok\u0161t\u0117 Priekin\u0117 med\u017eiaga: MDF plok\u0161t\u0117 Rankenos med\u017eiaga: Metalas Stalvir\u0161io med\u017eiaga: MDF plok\u0161t\u0117 B\u0117geliai: \u0160velniai u\u017esidarantys Vyriai: \u0160velniai u\u017esidarantys Dur\u0173 tvirtinimo kryptis: De\u0161in\u0117 \/ Kair\u0117 Stalvir\u0161is \u012ftrauktas: Taip Surinkimo rinkinys \u012ftrauktas: Taip Surinkimas: Savaranki\u0161kas surinkimas. 80 cm praustuvo spintel\u0117s su stalvir\u0161iu ir auk\u0161ta kolona komplektas i\u0161 \u201eDonna Sand\u201c kolekcijos, kuri\u0105 gamina \u201eComad\u201c, yra puikus pasirinkimas ie\u0161kantiems bald\u0173, kurie derint\u0173 elegancij\u0105 ir prakti\u0161kum\u0105. Madingo sm\u0117lio spalvos atspalvio komplektas vonios kambariui suteikia \u0161ilumos ir harmonijos, sukurdamas jauki\u0105 atmosfer\u0105. \u0160velniai frezuoti fasadai ne tik puo\u0161ia, bet ir suteikia lengvumo, tod\u0117l baldai puikiai tinka tiek moderniam, tiek klasikiniam interjerui. \u0160io komplekto prakti\u0161kumas slypi sumaniame dizaine. Du erdv\u016bs stal\u010diai suteikia daug vietos vonios kambario aksesuarams, o j\u0173 \u0161velnaus u\u017edarymo funkcija yra papildomas privalumas, u\u017etikrinantis kasdienio naudojimo patogum\u0105. Auk\u0161ta kolona su keturiomis reguliuojamomis lentynomis u\u017etikrina efektyv\u0173 erdv\u0117s panaudojim\u0105 ir padeda palaikyti tvark\u0105 bet kuriame kambaryje. Subalansuotas med\u017eiag\u0173, toki\u0173 kaip MDF ir laminuota plok\u0161t\u0117, pasirinkimas u\u017etikrina, kad baldai b\u016bt\u0173 ne tik esteti\u0161kai patraukl\u016bs, bet ir patvar\u016bs bei funkcional\u016bs. Aukso blizgesio metalin\u0117s ranken\u0117l\u0117s suteikia prabangos \u012fsp\u016bd\u012f, pabr\u0117\u017eiant visos kolekcijos elegancij\u0105. Komplekt\u0105 galima \u012fsigyti kaip savaranki\u0161ko surinkimo rinkin\u012f, tod\u0117l j\u012f patogu naudoti, o intuityvus dizainas leid\u017eia lengvai surinkti. Kiekviena \u201eDonna Sand\u201c komplekto detal\u0117 buvo kruop\u0161\u010diai apgalvota ir sukurta atsi\u017evelgiant \u012f naudotojus. Lenki\u0161ka gamyba, pagr\u012fsta sertifikuotomis med\u017eiagomis, atitinkan\u010diomis FSC standart\u0105, u\u017etikrina ne tik kokyb\u0119, bet ir ekologi\u0161kum\u0105. Kruop\u0161tus darbas pagerina komplekto estetik\u0105, tod\u0117l jis puikiai tinka bet kokiam vonios kambariui. Atraskite 80 cm praustuvo spintel\u0117s su stalvir\u0161iu ir auk\u0161ta kolona komplekto teikiamas galimybes. Nesvarbu, ar projektuojate nauj\u0105 vonios kambar\u012f, ar tiesiog atnaujinate esam\u0105, \u0161ie baldai tikrai pateisins j\u016bs\u0173 l\u016bkes\u010dius ir suteiks j\u016bs\u0173 interjerui elegancijos bei funkcionalumo. Kartu su \u201eDonna Sand\u201c kolekcija sukursite unikali\u0105 erdv\u0119, kuri atlaikys kasdienius i\u0161\u0161\u016bkius ir tuo pa\u010diu metu d\u017eiugins ak\u012f moderniu dizainu.<\/p>","protected":false},"excerpt":{"rendered":"<p>Plotis (cm): 80<br \/>\n\u016agis (cm): 57<br \/>\nGylis (cm): 46<\/p>","protected":false},"featured_media":246063,"comment_status":"open","ping_status":"open","template":"","meta":[],"product_brand":[],"product_cat":[9117,2015,9183],"product_tag":[],"class_list":{"0":"post-246062","1":"product","2":"type-product","3":"status-publish","4":"has-post-thumbnail","6":"product_cat-bathroom","7":"product_cat-comad","8":"product_cat-bathroom-furniture-sets-comad","10":"first","11":"instock","12":"purchasable","13":"product-type-simple"},"_links":{"self":[{"href":"https:\/\/baldumarket.lt\/lt\/wp-json\/wp\/v2\/product\/246062","targetHints":{"allow":["GET"]}}],"collection":[{"href":"https:\/\/baldumarket.lt\/lt\/wp-json\/wp\/v2\/product"}],"about":[{"href":"https:\/\/baldumarket.lt\/lt\/wp-json\/wp\/v2\/types\/product"}],"replies":[{"embeddable":true,"href":"https:\/\/baldumarket.lt\/lt\/wp-json\/wp\/v2\/comments?post=246062"}],"wp:featuredmedia":[{"embeddable":true,"href":"https:\/\/baldumarket.lt\/lt\/wp-json\/wp\/v2\/media\/246063"}],"wp:attachment":[{"href":"https:\/\/baldumarket.lt\/lt\/wp-json\/wp\/v2\/media?parent=246062"}],"wp:term":[{"taxonomy":"product_brand","embeddable":true,"href":"https:\/\/baldumarket.lt\/lt\/wp-json\/wp\/v2\/product_brand?post=246062"},{"taxonomy":"product_cat","embeddable":true,"href":"https:\/\/baldumarket.lt\/lt\/wp-json\/wp\/v2\/product_cat?post=246062"},{"taxonomy":"product_tag","embeddable":true,"href":"https:\/\/baldumarket.lt\/lt\/wp-json\/wp\/v2\/product_tag?post=246062"}],"curies":[{"name":"wp","href":"https:\/\/api.w.org\/{rel}","templated":true}]}}