{"id":246054,"date":"2026-01-02T23:17:14","date_gmt":"2026-01-02T20:17:14","guid":{"rendered":"https:\/\/baldumarket.lt\/product\/zestaw-szafka-pod-umywalke-z-blatem-80-cm-2-szuflady-i-umywalka-nablatowa-donna-sand\/"},"modified":"2026-02-11T18:33:04","modified_gmt":"2026-02-11T15:33:04","slug":"zestaw-szafka-pod-umywalke-z-blatem-80-cm-2-szuflady-i-umywalka-nablatowa-donna-sand","status":"publish","type":"product","link":"https:\/\/baldumarket.lt\/lt\/product\/zestaw-szafka-pod-umywalke-z-blatem-80-cm-2-szuflady-i-umywalka-nablatowa-donna-sand\/","title":{"rendered":"Praustuvo spintel\u0117s su 80 cm stalvir\u0161iu, 2 stal\u010diais ir stalvir\u0161io praustuvo Donna Sand komplektas"},"content":{"rendered":"<p>\u201eDonna Sand\u201c 80 cm praustuvo spintel\u0117 su stalvir\u0161iu, 2 stal\u010diais ir praustuvo komplektu. \u0160i eleganti\u0161ka \u201eDonna Sand\u201c spintel\u0117 su sm\u0117lio spalvos stalvir\u0161iu turi du erdvius stal\u010dius ir matin\u012f kapu\u010dino spalvos keramin\u012f praustuv\u0105. Auksin\u0117s ranken\u0117l\u0117s ir \u0161velnaus u\u017edarymo sistema garantuoja komfort\u0105 ir stili\u0173. Auk\u0161ta kokyb\u0117. Matmenys: Plotis (cm): 80 Gylis (cm): 46 Auk\u0161tis (cm): 57 Svoris (kg): 41,1 Techniniai duomenys: Komplekt\u0105 sudaro: 80 cm \u201eDonna Sand\u201c praustuvo spintel\u0117 su 2 stal\u010diais, 80 cm \u201eDonna Sand\u201c vonios kambario stalvir\u0161is, sm\u0117lio spalvos, 36 cm WIKI-MC matin\u0117s keramikos praustuvas su kapu\u010dino spalvos stalvir\u0161iu Korpuso spalva: sm\u0117lio sm\u0117lio spalvos Priekin\u0117 spalva: sm\u0117lio sm\u0117lio spalvos Ranken\u0117l\u0117s spalva: blizgi auksin\u0117 Stalvir\u0161io spalva: sm\u0117lio sm\u0117lio spalvos Praustuvo spalva: matin\u0117 kapu\u010dino spalvos Korpuso med\u017eiaga: laminuota plok\u0161t\u0117 Priekin\u0117 med\u017eiaga: MDF plok\u0161t\u0117 Ranken\u0117l\u0117s med\u017eiaga: metalin\u0117 Stalvir\u0161io med\u017eiaga: MDF plok\u0161t\u0117 Praustuvo med\u017eiaga: keramika B\u0117geliai: tylus u\u017edarymas: Praustuvas \u012fskai\u010diuotas: taip, stalvir\u0161is \u012fskai\u010diuotas: taip, surinkimo komplektas \u012fskai\u010diuotas: taip, surinkimas: savaranki\u0161kas surinkimas. 80 cm praustuvo spintel\u0117 su stalvir\u0161iu \u2013 tai puikus modernumo ir elegancijos derinys, suteikiantis j\u016bs\u0173 vonios kambariui jauki\u0105 ir harmoning\u0105 atmosfer\u0105. Sm\u0117lio sm\u0117lio spalva ir subtiliai u\u017eapvalinti fasadai daro \u0161\u012f bald\u0105 ne tik funkcional\u0173, bet ir kupin\u0105 charakterio. Tai puikus sprendimas tiems, kurie nori derinti estetik\u0105 su kasdieniu prakti\u0161kumu, sukurdami viet\u0105, kurioje gal\u0117t\u0173 atsipalaiduoti. D\u0117l dviej\u0173 erdvi\u0173 stal\u010di\u0173 komplektas si\u016blo pakankamai vietos visiems b\u016btiniausiems vonios kambario aksesuarams, padedant palaikyti tvark\u0105. Novatori\u0161ka \u0161velnaus u\u017edarymo sistema dar labiau padidina komfort\u0105 ir parodo d\u0117mes\u012f detal\u0117ms, kuris yra toks svarbus kasdien naudojant baldus. Med\u017eiagos, i\u0161 kuri\u0173 pagamintas komplektas, garantuoja jo patvarum\u0105 ir estetin\u012f patrauklum\u0105 ilgus metus. Komplektas, papildytas matin\u0117s kapu\u010dino spalvos keraminiu stalvir\u0161io praustuvu, eleganti\u0161kai u\u017ebaigia bendr\u0105 vaizd\u0105. 80 cm stalvir\u0161is kartu su praustuvu sukuria darni\u0105 ir rafinuot\u0105 erdv\u0119, kurioje kiekviena detal\u0117 kruop\u0161\u010diai suplanuota. \u0160ilti sm\u0117lio spalvos atspalviai puikiai papildo minimalistin\u012f stili\u0173, tod\u0117l \u0161is komplektas idealiai tinka subtilumo ir paprastumo interjero dizaino m\u0117g\u0117jams. Nereik\u0117t\u0173 pamir\u0161ti ir lenki\u0161kos gamybos, kuri pagaminta i\u0161 sertifikuot\u0173 med\u017eiag\u0173, atitinkan\u010di\u0173 FSC standart\u0105, garantuojant\u012f kokyb\u0119 ir tvarum\u0105. Baldai pristatomi savaranki\u0161kam surinkimui, tod\u0117l juos lengva naudoti, o intuityvus dizainas leid\u017eia greitai surinkti. 80 cm praustuvo spintel\u0117 su stalvir\u0161iu yra ne tik puikus pasirinkimas vonios kambariui, bet ir b\u016bdas i\u0161reik\u0161ti savo stili\u0173 bei elegancij\u0105 kasdieniame gyvenime.<\/p>","protected":false},"excerpt":{"rendered":"<p>Plotis (cm): 80<br \/>\n\u016agis (cm): 57<br \/>\nGylis (cm): 46<\/p>","protected":false},"featured_media":246055,"comment_status":"open","ping_status":"open","template":"","meta":[],"product_brand":[],"product_cat":[9117,2015,9183],"product_tag":[],"class_list":{"0":"post-246054","1":"product","2":"type-product","3":"status-publish","4":"has-post-thumbnail","6":"product_cat-bathroom","7":"product_cat-comad","8":"product_cat-bathroom-furniture-sets-comad","10":"first","11":"instock","12":"purchasable","13":"product-type-simple"},"_links":{"self":[{"href":"https:\/\/baldumarket.lt\/lt\/wp-json\/wp\/v2\/product\/246054","targetHints":{"allow":["GET"]}}],"collection":[{"href":"https:\/\/baldumarket.lt\/lt\/wp-json\/wp\/v2\/product"}],"about":[{"href":"https:\/\/baldumarket.lt\/lt\/wp-json\/wp\/v2\/types\/product"}],"replies":[{"embeddable":true,"href":"https:\/\/baldumarket.lt\/lt\/wp-json\/wp\/v2\/comments?post=246054"}],"wp:featuredmedia":[{"embeddable":true,"href":"https:\/\/baldumarket.lt\/lt\/wp-json\/wp\/v2\/media\/246055"}],"wp:attachment":[{"href":"https:\/\/baldumarket.lt\/lt\/wp-json\/wp\/v2\/media?parent=246054"}],"wp:term":[{"taxonomy":"product_brand","embeddable":true,"href":"https:\/\/baldumarket.lt\/lt\/wp-json\/wp\/v2\/product_brand?post=246054"},{"taxonomy":"product_cat","embeddable":true,"href":"https:\/\/baldumarket.lt\/lt\/wp-json\/wp\/v2\/product_cat?post=246054"},{"taxonomy":"product_tag","embeddable":true,"href":"https:\/\/baldumarket.lt\/lt\/wp-json\/wp\/v2\/product_tag?post=246054"}],"curies":[{"name":"wp","href":"https:\/\/api.w.org\/{rel}","templated":true}]}}