{"id":246047,"date":"2026-01-02T23:17:11","date_gmt":"2026-01-02T20:17:11","guid":{"rendered":"https:\/\/baldumarket.lt\/product\/zestaw-szafka-pod-umywalke-z-blatem-80-cm-2-szuflady-donna-sand\/"},"modified":"2026-02-11T18:33:04","modified_gmt":"2026-02-11T15:33:04","slug":"zestaw-szafka-pod-umywalke-z-blatem-80-cm-2-szuflady-donna-sand","status":"publish","type":"product","link":"https:\/\/baldumarket.lt\/lt\/product\/zestaw-szafka-pod-umywalke-z-blatem-80-cm-2-szuflady-donna-sand\/","title":{"rendered":"Donna Sand praustuvo spintel\u0117 su stalvir\u0161iu, 80 cm, 2 stal\u010diai, komplektas"},"content":{"rendered":"<p>Donna Sand 80 cm praustuvo spintel\u0117s su stalvir\u0161iu ir 2 stal\u010diais komplektas. Donna Sand praustuvo spintel\u0117s su stalvir\u0161iu komplektas derina modern\u0173 stili\u0173 su klasikine elegancija. Sm\u0117lio spalvos fasadai su subtiliais frezavimais ir auksin\u0117mis ranken\u0117l\u0117mis suteiks bet kokio vonios kambario harmonij\u0105. Du prakti\u0161ki stal\u010diai su \u0161velnaus u\u017edarymo sistema. Matmenys: Plotis (cm): 80 Gylis (cm): 46 Auk\u0161tis (cm): 57 Svoris (kg): 34,1 Techniniai duomenys: Komplekt\u0105 sudaro: 80 cm praustuvo spintel\u0117 su 2 stal\u010diais Donna Sand, 80 cm Donna Sand vonios kambario stalvir\u0161is sm\u0117lio sm\u0117lio spalvos Korpuso spalva: sm\u0117lio sm\u0117lio spalvos Priekin\u0117s spalvos: sm\u0117lio sm\u0117lio spalvos Rankenos spalva: blizgi auksin\u0117 Stalvir\u0161io spalva: sm\u0117lio sm\u0117lio spalvos Korpuso med\u017eiaga: laminuota plok\u0161t\u0117 Priekin\u0117 med\u017eiaga: MDF plok\u0161t\u0117 Rankenos med\u017eiaga: metalas Stalvir\u0161io med\u017eiaga: MDF plok\u0161t\u0117 B\u0117geliai: \u0161velnaus u\u017edarymo sistema Stalvir\u0161is \u012ftrauktas: taip Surinkimo pakuot\u0117 \u012ftraukta: taip Surinkimas: savaranki\u0161kam surinkimui Praustuvo spintel\u0117s su stalvir\u0161iu komplektas 80 Donna Sand stal\u010di\u0173 yra puikus sprendimas visiems, norintiems vonios kambaryje suderinti prakti\u0161kum\u0105 ir elegancij\u0105. Subtilios sm\u0117lio spalvos baldai ne tik suteikia interjerui \u0161ilt\u0105 aur\u0105, bet ir puikiai dera su \u012fvairiais dizaino stiliais. Aukso spalvos metalin\u0117mis ranken\u0117l\u0117mis ir \u0161iek tiek u\u017eapvalintais fasadais dekoruotas komplektas suteikia unikal\u0173 charakter\u012f ir kartu lengvumo bei subtilumo bet kuriam kambariui. Du erdv\u016bs stal\u010diai labai palengvins vonios kambario aksesuar\u0173 organizavim\u0105, leis palaikyti tvark\u0105 ir estetik\u0105. D\u0117l \u0161velnaus u\u017edarymo sistemos kasdienis naudojimas yra ne tik patogus, bet ir kruop\u0161\u010diai apgalvotas, pabr\u0117\u017eiant d\u0117mes\u012f detal\u0117ms. Auk\u0161tos kokyb\u0117s med\u017eiagos, tokios kaip MDF ir laminuota plok\u0161t\u0117, u\u017etikrina, kad \u0161is komplektas daugel\u012f met\u0173 atrodys kaip naujas. Kiekvienas \u201eDonna Sand\u201c kolekcijos baldas yra kruop\u0161taus projektavimo proceso, kuriame derinamas modernumas ir ilgaam\u017ei\u0161kumas, rezultatas. Lenki\u0161ka gamyba, pagr\u012fsta FSC sertifikuotomis med\u017eiagomis, rei\u0161kia ne tik kokyb\u0119, bet ir ekologi\u0161kum\u0105. Komplektas pristatomas savaranki\u0161kai surenkamose pakuot\u0117se, o jo dizainas leid\u017eia lengvai surinkti, tod\u0117l galite greitai m\u0117gautis nauju baldu. Stalvir\u0161is, taip pat sm\u0117lio spalvos, yra lengvai valomas ir pri\u017ei\u016brimas. Nor\u0117dami sumontuoti kriaukl\u0119, tiesiog paruo\u0161kite sifono ang\u0105, u\u017etikrindami, kad komplektas puikiai atitikt\u0173 j\u016bs\u0173 poreikius ir reikalavimus. D\u0117l kruop\u0161taus meistri\u0161kumo ir d\u0117mesio kiekvienai detalei, 80 cm praustuvo spintel\u0117s su stalvir\u0161iu komplektas bus ne tik funkcionalus j\u016bs\u0173 vonios kambario elementas, bet ir gra\u017eus dekoratyvinis elementas, kuris d\u017eiugins ak\u012f ilgus metus.<\/p>","protected":false},"excerpt":{"rendered":"<p>Plotis (cm): 80<br \/>\n\u016agis (cm): 57<br \/>\nGylis (cm): 46<\/p>","protected":false},"featured_media":246048,"comment_status":"open","ping_status":"open","template":"","meta":[],"product_brand":[],"product_cat":[9117,2015,9183],"product_tag":[],"class_list":{"0":"post-246047","1":"product","2":"type-product","3":"status-publish","4":"has-post-thumbnail","6":"product_cat-bathroom","7":"product_cat-comad","8":"product_cat-bathroom-furniture-sets-comad","10":"first","11":"instock","12":"purchasable","13":"product-type-simple"},"_links":{"self":[{"href":"https:\/\/baldumarket.lt\/lt\/wp-json\/wp\/v2\/product\/246047","targetHints":{"allow":["GET"]}}],"collection":[{"href":"https:\/\/baldumarket.lt\/lt\/wp-json\/wp\/v2\/product"}],"about":[{"href":"https:\/\/baldumarket.lt\/lt\/wp-json\/wp\/v2\/types\/product"}],"replies":[{"embeddable":true,"href":"https:\/\/baldumarket.lt\/lt\/wp-json\/wp\/v2\/comments?post=246047"}],"wp:featuredmedia":[{"embeddable":true,"href":"https:\/\/baldumarket.lt\/lt\/wp-json\/wp\/v2\/media\/246048"}],"wp:attachment":[{"href":"https:\/\/baldumarket.lt\/lt\/wp-json\/wp\/v2\/media?parent=246047"}],"wp:term":[{"taxonomy":"product_brand","embeddable":true,"href":"https:\/\/baldumarket.lt\/lt\/wp-json\/wp\/v2\/product_brand?post=246047"},{"taxonomy":"product_cat","embeddable":true,"href":"https:\/\/baldumarket.lt\/lt\/wp-json\/wp\/v2\/product_cat?post=246047"},{"taxonomy":"product_tag","embeddable":true,"href":"https:\/\/baldumarket.lt\/lt\/wp-json\/wp\/v2\/product_tag?post=246047"}],"curies":[{"name":"wp","href":"https:\/\/api.w.org\/{rel}","templated":true}]}}