{"id":246042,"date":"2026-01-02T23:17:09","date_gmt":"2026-01-02T20:17:09","guid":{"rendered":"https:\/\/baldumarket.lt\/product\/zestaw-szafka-pod-umywalke-z-blatem-80-cm-2-szuflady-dalia-cashmere\/"},"modified":"2026-02-11T18:33:04","modified_gmt":"2026-02-11T15:33:04","slug":"zestaw-szafka-pod-umywalke-z-blatem-80-cm-2-szuflady-dalia-cashmere","status":"publish","type":"product","link":"https:\/\/baldumarket.lt\/lt\/product\/zestaw-szafka-pod-umywalke-z-blatem-80-cm-2-szuflady-dalia-cashmere\/","title":{"rendered":"Praustuvo spintel\u0117s komplektas su stalvir\u0161iu 80 cm, 2 stal\u010diais, Dalia Cashmere"},"content":{"rendered":"<p>Praustuvo spintel\u0117s su stalvir\u0161iu komplektas, 80 cm, 2 stal\u010diai, Dalia Cashmere. Praustuvo spintel\u0117s su stalvir\u0161iu komplektas, 80 cm, Dalia Cashmere \u2013 tai modernios formos ir nesenstan\u010dio elegancijos derinys. Lyg\u016bs ka\u0161myro spalvos fasadai, du erdv\u016bs stal\u010diai su \u0161velnaus u\u017edarymo sistema ir trys ranken\u0117li\u0173 variantai. Matmenys: Plotis (cm): 80 Gylis (cm): 46 Auk\u0161tis (cm): 50 Svoris (kg): 26 Techniniai duomenys: Komplekt\u0105 sudaro: Praustuvo spintel\u0117 2S 80 cm Dalia Cashmere, Vonios stalvir\u0161is 80 cm Dalia Cashmere Korpuso spalva: Matin\u0117 ka\u0161myro spalva Priekin\u0117s spalvos: Matin\u0117 ka\u0161myro spalva Ranken\u0117li\u0173 spalva: Blizgi auksin\u0117, blizgi chromo spalva, matin\u0117 juoda Stalvir\u0161io spalva: Matin\u0117 ka\u0161myro spalva Korpuso med\u017eiaga: Laminuota plok\u0161t\u0117 Priekin\u0117s med\u017eiagos: Laminuota plok\u0161t\u0117 Ranken\u0117li\u0173 med\u017eiaga: Metalas Stalvir\u0161io med\u017eiaga: Laminuota plok\u0161t\u0117 B\u0117geliai: \u0160velniai u\u017esidaro Stalvir\u0161is prid\u0117tas: Taip Tvirtinimo pakuot\u0117 \u012ftraukta: Taip Surinkimas: Savaranki\u0161kas surinkimas. Modernus \u201eComad\u201c \u201eDalia Cashmere\u201c 80 cm praustuvo spintel\u0117 su stalvir\u0161iu yra puikus pasirinkimas tiems, kurie vertina minimalistin\u012f dizain\u0105, auk\u0161tos kokyb\u0117s meistri\u0161kum\u0105 ir galimyb\u0119 j\u0105 suasmeninti pagal individual\u0173 interjero stili\u0173. Eleganti\u0161ka ka\u0161myro spalva apdailintas komplektas vonios kambariui suteikia jauki\u0105 atmosfer\u0105 ir nesenstant\u012f charakter\u012f. Lyg\u016bs, be ranken\u0117li\u0173 fasadai ir subtili apdaila \u017eavi savo nesenstan\u010diu paprastumu. Trys ranken\u0117li\u0173 spalvos \u2013 blizgus auksas, blizgus chromas ir matin\u0117 juoda \u2013 leid\u017eia \u0161iam baldui papildyti \u012fvairius interjero stilius \u2013 nuo skandinavi\u0161ko iki modernaus su \u017eavesio prieskoniu. Du funkcional\u016bs stal\u010diai su \u0161velnaus u\u017edarymo mechanizmu ne tik u\u017etikrina patog\u0173 naudojim\u0105, bet ir padeda palaikyti tvark\u0105 vonios kambaryje. D\u0117l gerai apgalvoto dizaino ir ergonomi\u0161ko auk\u0161\u010dio spintel\u0117 vizualiai padidina erdv\u0119, suteikdama jai lengvumo ir modernumo poj\u016bt\u012f. Komplekt\u0105 papildo 80 cm stalvir\u0161is, kuris harmoningai papildo spintel\u0119 ir sukuria darni\u0105 visum\u0105. Pagamintas i\u0161 patvarios, lengvai pri\u017ei\u016brimos laminuotos plok\u0161t\u0117s, jis u\u017etikrina patvarum\u0105 ir komfort\u0105 ilgus metus. Galimyb\u0117 pritaikyti kriaukl\u0117s ang\u0105 suteikia lankstumo projektuojant ir montuojant. Kiekvienas \u201eDalia Cashmere\u201c kolekcijos baldas buvo sukurtas atsi\u017evelgiant \u012f estetik\u0105, ilgaam\u017ei\u0161kum\u0105 ir kasdien\u012f komfort\u0105. \u0160is sprendimas pabr\u0117\u0161 unikal\u0173 j\u016bs\u0173 vonios kambario charakter\u012f ir kartu pasi\u016blys sprendimus, pritaikytus \u0161iuolaikiniams naudotoj\u0173 poreikiams.<\/p>","protected":false},"excerpt":{"rendered":"<p>Plotis (cm): 80<br \/>\n\u016agis (cm): 50<br \/>\nGylis (cm): 46<\/p>","protected":false},"featured_media":246043,"comment_status":"open","ping_status":"open","template":"","meta":[],"product_brand":[],"product_cat":[9117,2015,9183],"product_tag":[],"class_list":{"0":"post-246042","1":"product","2":"type-product","3":"status-publish","4":"has-post-thumbnail","6":"product_cat-bathroom","7":"product_cat-comad","8":"product_cat-bathroom-furniture-sets-comad","10":"first","11":"instock","12":"purchasable","13":"product-type-simple"},"_links":{"self":[{"href":"https:\/\/baldumarket.lt\/lt\/wp-json\/wp\/v2\/product\/246042","targetHints":{"allow":["GET"]}}],"collection":[{"href":"https:\/\/baldumarket.lt\/lt\/wp-json\/wp\/v2\/product"}],"about":[{"href":"https:\/\/baldumarket.lt\/lt\/wp-json\/wp\/v2\/types\/product"}],"replies":[{"embeddable":true,"href":"https:\/\/baldumarket.lt\/lt\/wp-json\/wp\/v2\/comments?post=246042"}],"wp:featuredmedia":[{"embeddable":true,"href":"https:\/\/baldumarket.lt\/lt\/wp-json\/wp\/v2\/media\/246043"}],"wp:attachment":[{"href":"https:\/\/baldumarket.lt\/lt\/wp-json\/wp\/v2\/media?parent=246042"}],"wp:term":[{"taxonomy":"product_brand","embeddable":true,"href":"https:\/\/baldumarket.lt\/lt\/wp-json\/wp\/v2\/product_brand?post=246042"},{"taxonomy":"product_cat","embeddable":true,"href":"https:\/\/baldumarket.lt\/lt\/wp-json\/wp\/v2\/product_cat?post=246042"},{"taxonomy":"product_tag","embeddable":true,"href":"https:\/\/baldumarket.lt\/lt\/wp-json\/wp\/v2\/product_tag?post=246042"}],"curies":[{"name":"wp","href":"https:\/\/api.w.org\/{rel}","templated":true}]}}