{"id":246037,"date":"2026-01-02T23:17:07","date_gmt":"2026-01-02T20:17:07","guid":{"rendered":"https:\/\/baldumarket.lt\/product\/zestaw-szafka-pod-umywalke-z-blatem-60-cm-talia-casella-czarny-mat\/"},"modified":"2026-02-11T18:33:04","modified_gmt":"2026-02-11T15:33:04","slug":"zestaw-szafka-pod-umywalke-z-blatem-60-cm-talia-casella-czarny-mat","status":"publish","type":"product","link":"https:\/\/baldumarket.lt\/lt\/product\/zestaw-szafka-pod-umywalke-z-blatem-60-cm-talia-casella-czarny-mat\/","title":{"rendered":"60 cm Talia Casella juodos matin\u0117s praustuvo spinteli\u0173 su stalvir\u0161iu komplektas"},"content":{"rendered":"<p>\u201eTalia Casella\u201c 60 cm matin\u0117s juodos spalvos kriaukl\u0117s spintel\u0117 su stalvir\u0161iu. \u201eTalia Casella\u201c kriaukl\u0117s spintel\u0117s komplektas \u2013 tai tobulas elegancijos ir modernumo derinys. Matin\u0117 juoda spalva puikiai dera su nat\u016bralaus \u0105\u017euolo dekoru, o frezuoti fasadai traukia ak\u012f. Du stal\u010diai su \u0161velnaus u\u017edarymo sistema u\u017etikrina komfort\u0105 ir tvark\u0105. Matmenys: Plotis (cm): 60 Gylis (cm): 46 Auk\u0161tis (cm): 50 Svoris (kg): 23,8 Techniniai duomenys: Komplekt\u0105 sudaro: Praustuvo spintel\u0117 60 cm, 2 stal\u010diai \u201eTalia Casella\u201c, vonios stalvir\u0161is juodas 60 cm Korpuso spalva: Matin\u0117 juoda Priekin\u0117s dalies spalva: \u201eCasella Oak\u201c Rankenos spalva: Pakuot\u0117je \u2013 aukso blizgi, matin\u0117 juoda, blizgus chromas Stalvir\u0161io spalva: Matin\u0117 juoda Korpuso med\u017eiaga: laminuota plok\u0161t\u0117 Priekin\u0117 dalis: MDF plok\u0161t\u0117 Rankenos med\u017eiaga: Plastikas Stalvir\u0161io med\u017eiaga: Laminuota plok\u0161t\u0117 B\u0117geliai: \u0160velnaus u\u017edarymo sistema \u012e komplekt\u0105 \u012feina stalvir\u0161is: Taip \u012e komplekt\u0105 \u012feina surinkimo pakuot\u0117: Taip Surinkimas: Savaranki\u0161kam surinkimui Pristatome praustuvo spintel\u0117s su stalvir\u0161iu komplekt\u0105. \u0160i 60 cm ilgio \u201eTalia Casella\u201c kolekcijos spintel\u0117 derina elegancij\u0105 ir modern\u0173 stili\u0173. D\u0117l matin\u0117s juodos spalvos korpuso ir \u201eCasella Oak\u201c fasad\u0173 derinio jis pasi\u017eymi unikalia estetika. \u0160is dizainas suteikia interjerui \u0161ilumos ir harmonijos, sukurdamas tobul\u0105 erdv\u0119 tiek poilsiui, tiek kasdieniams gro\u017eio ritualams.<\/p>\n<p>\u0160i dviej\u0173 dali\u0173 spintel\u0117 su dviem stal\u010diais ne tik atrodo stilingai, bet ir yra prakti\u0161kas sprendimas j\u016bs\u0173 vonios kambariui. Ergonomi\u0161kas 50 cm auk\u0161tis sukuria erdvesn\u012f interjer\u0105, o lengvumas kasdien\u012f naudojim\u0105 paver\u010dia malonumu. \u0160velnaus u\u017edarymo sistema suteikia papildomo komforto, pa\u0161alindama nemalonius garsus, susijusius su stal\u010di\u0173 u\u017edarymu, k\u0105 tikrai \u012fvertinsite rytinio ruo\u0161imo metu.<\/p>\n<p>Taip pat reik\u0161mingos yra ir pritaikymo galimyb\u0117s, leid\u017eian\u010dios pritaikyti rinkin\u012f prie savo individualaus stiliaus. Trys skirtingos ranken\u0117li\u0173 spalvos \u2013 blizgios aukso, matin\u0117s juodos ir blizgios chromo \u2013 leid\u017eia sukurti \u012fdomius derinius, kurie sustiprins j\u016bs\u0173 vonios kambario charakter\u012f. Kiekviena \u201eTalia Casella\u201c kolekcijos detal\u0117 buvo sukurta kruop\u0161\u010diai, tod\u0117l ji yra ne tik esteti\u0161kai patraukli, bet ir funkcionali.<\/p>\n<p>Gilus, matin\u0117s juodos spalvos vonios stalvir\u0161is puikiai papildo vis\u0105 komplekt\u0105. Pagamintas i\u0161 laminuotos plok\u0161t\u0117s, jis u\u017etikrina patvarum\u0105 ir lengv\u0105 prie\u017ei\u016br\u0105. Surinkimas patiems netur\u0117t\u0173 b\u016bti problema, o prid\u0117tos instrukcijos tikrai palengvins \u0161\u012f proces\u0105. Be to, gaminiai yra sertifikuoti kokyb\u0117s po\u017ei\u016briu, tod\u0117l dar labiau patenkinsite savo poreikius.<\/p>\n<p>Pasirinkite \u201eTalia Casella\u201c praustuvo spintel\u0119 ir paverskite savo vonios kambar\u012f prabangia erdve, kurioje dera modernus po\u017ei\u016bris ir nesenstanti elegancija. Baldams suteikiama 2 met\u0173 garantija, tod\u0117l galite b\u016bti tikri, kad j\u016bs\u0173 investicija \u012f \u0161\u012f komplekt\u0105 tarnaus ilgus metus, d\u017eiugindama tiek i\u0161vaizda, tiek funkcionalumu.<\/p>","protected":false},"excerpt":{"rendered":"<p>Plotis (cm): 60<br \/>\n\u016agis (cm): 50<br \/>\nGylis (cm): 46<\/p>","protected":false},"featured_media":246038,"comment_status":"open","ping_status":"open","template":"","meta":[],"product_brand":[],"product_cat":[9117,2015,9183],"product_tag":[],"class_list":{"0":"post-246037","1":"product","2":"type-product","3":"status-publish","4":"has-post-thumbnail","6":"product_cat-bathroom","7":"product_cat-comad","8":"product_cat-bathroom-furniture-sets-comad","10":"first","11":"instock","12":"purchasable","13":"product-type-simple"},"_links":{"self":[{"href":"https:\/\/baldumarket.lt\/lt\/wp-json\/wp\/v2\/product\/246037","targetHints":{"allow":["GET"]}}],"collection":[{"href":"https:\/\/baldumarket.lt\/lt\/wp-json\/wp\/v2\/product"}],"about":[{"href":"https:\/\/baldumarket.lt\/lt\/wp-json\/wp\/v2\/types\/product"}],"replies":[{"embeddable":true,"href":"https:\/\/baldumarket.lt\/lt\/wp-json\/wp\/v2\/comments?post=246037"}],"wp:featuredmedia":[{"embeddable":true,"href":"https:\/\/baldumarket.lt\/lt\/wp-json\/wp\/v2\/media\/246038"}],"wp:attachment":[{"href":"https:\/\/baldumarket.lt\/lt\/wp-json\/wp\/v2\/media?parent=246037"}],"wp:term":[{"taxonomy":"product_brand","embeddable":true,"href":"https:\/\/baldumarket.lt\/lt\/wp-json\/wp\/v2\/product_brand?post=246037"},{"taxonomy":"product_cat","embeddable":true,"href":"https:\/\/baldumarket.lt\/lt\/wp-json\/wp\/v2\/product_cat?post=246037"},{"taxonomy":"product_tag","embeddable":true,"href":"https:\/\/baldumarket.lt\/lt\/wp-json\/wp\/v2\/product_tag?post=246037"}],"curies":[{"name":"wp","href":"https:\/\/api.w.org\/{rel}","templated":true}]}}