{"id":246032,"date":"2026-01-02T23:17:05","date_gmt":"2026-01-02T20:17:05","guid":{"rendered":"https:\/\/baldumarket.lt\/product\/zestaw-szafka-pod-umywalke-z-blatem-60-cm-nordic-cremona\/"},"modified":"2026-02-11T18:33:04","modified_gmt":"2026-02-11T15:33:04","slug":"zestaw-szafka-pod-umywalke-z-blatem-60-cm-nordic-cremona","status":"publish","type":"product","link":"https:\/\/baldumarket.lt\/lt\/product\/zestaw-szafka-pod-umywalke-z-blatem-60-cm-nordic-cremona\/","title":{"rendered":"Nordic Cremona praustuvo spintel\u0117 su stalvir\u0161iu, 60 cm"},"content":{"rendered":"<p>\u201eNordic Cremona\u201c 60 cm praustuvo spintel\u0117 su stalvir\u0161iu. \u201eNordic Cremona\u201c 60 cm praustuvo spintel\u0117s komplektas derina elegancij\u0105 ir funkcionalum\u0105. Du \u0161velniai u\u017esidarantys stal\u010diai suteikia daug vietos aksesuarams. Nat\u016bralaus \u201eCremona\u201c \u0105\u017euolo dekoras ir subtil\u016bs grioveliai suteikia lengvumo ir stiliaus. Matmenys: Plotis (cm): 60 Gylis (cm): 46 Auk\u0161tis (cm): 57 Techniniai duomenys: Komplekt\u0105 sudaro: \u201eNordic Cremona\u201c praustuvo spintel\u0117 60 cm su 2 stal\u010diais, vonios stalvir\u0161is 60 cm, \u201eCremona\u201c \u0105\u017euolas Korpuso spalva: \u201eCremona\u201c \u0105\u017euolas Priekin\u0117s dalies spalva: \u201eCremona\u201c \u0105\u017euolas Stalvir\u0161io spalva: \u201eCremona\u201c \u0105\u017euolas Korpuso med\u017eiaga: laminuota plok\u0161t\u0117 Priekin\u0117 dalis: MDF plok\u0161t\u0117 Stalvir\u0161io med\u017eiaga: MDF plok\u0161t\u0117 B\u0117geliai: \u0161velniai u\u017esidarantis Stalvir\u0161is \u012ftrauktas: Taip Surinkimo pakuot\u0117 \u012ftraukta: Taip Surinkimas: Skirtas savaranki\u0161kam surinkimui \u201eNordic Cremona\u201c praustuvo spintel\u0117s su stalvir\u0161iu 60 cm komplektas yra puikus sprendimas tiems, kurie nori savo vonios kambariui suteikti harmonijos ir modernaus stiliaus. Eleganti\u0161ki, subtil\u016bs grioveliai fasaduose suteikia \u0161iam komplektui subtili\u0105 estetik\u0105, suteikian\u010di\u0105 jam lengvumo ir rafinuotumo. Kremonos \u0105\u017euolo apdaila skleid\u017eia nat\u016brali\u0105 \u0161ilum\u0105, kuri su\u0161ildys bet kok\u012f interjer\u0105 ir sukurs jauki\u0105 atmosfer\u0105, skatinan\u010di\u0105 atsipalaidavim\u0105.<\/p>\n<p>Komplekto funkcionalumas yra toks pat gra\u017eus, kaip ir jo gro\u017eis. Dviejuose erdviuose stal\u010diuose praustuvo spintel\u0117je lengvai tilps visi b\u016btini vonios kambario aksesuarai, viskas i\u0161liks tvarkinga. D\u0117l \u0161velnaus u\u017edarymo sistemos kiekvienas naudotojas \u012fvertins kasdienio naudojimo patogum\u0105. Jums nereikia jaudintis d\u0117l triuk\u0161mo ar pa\u017eeidim\u0173 \u2013 \u0161is baldas buvo kruop\u0161\u010diai pagamintas, atsi\u017evelgiant \u012f kiekvien\u0105 detal\u0119.<\/p>\n<p>Verta pamin\u0117ti, kad kiekvienas \u201eNordic Cremona\u201c kolekcijos baldas buvo sukurtas atsi\u017evelgiant \u012f auk\u0161t\u0105 kokyb\u0119 ir ilgaam\u017ei\u0161kum\u0105. Lenki\u0161ka gamyba, paremta sertifikuotomis med\u017eiagomis, atitinkan\u010diomis FSC standart\u0105, u\u017etikrina, kad j\u016bs\u0173 interjeras bus ne tik gra\u017eus, bet ir ekologi\u0161kas. Baldai pristatomi savaranki\u0161kai surenkamose pakuot\u0117se, tod\u0117l jie prieinami visiems \u2013 net ir tiems, kurie neturi bald\u0173 surinkimo patirties.<\/p>\n<p>60 cm ilgio stalvir\u0161is, taip pat i\u0161 \u201eCremona Oak\u201c spalvos, puikiai papildo vis\u0105 komplekt\u0105. Be estetinio patrauklumo, stalvir\u0161io pavir\u0161i\u0173 lengva valyti \u2013 tai dar vienas privalumas. Nor\u0117dami sumontuoti kriaukl\u0119, tiesiog i\u0161pjaukite skyl\u0119, tod\u0117l procesas yra paprastas ir patogus. Auk\u0161tos kokyb\u0117s meistri\u0161kumas ir kruop\u0161\u010diai pagamintos detal\u0117s garantuoja, kad komplektas atlaikys laiko i\u0161bandym\u0105 ir d\u017eiugins savo i\u0161vaizda daugel\u012f met\u0173.<\/p>\n<p>Ie\u0161kote b\u016bdo suasmeninti savo vonios kambario erdv\u0119? \u201eNordic Cremona\u201c 60 cm praustuvo spintel\u0117 su stalvir\u0161iu yra puikus pasirinkimas, suteiksiantis j\u016bs\u0173 vonios kambariui nauj\u0105 charakter\u012f. Modernumo ir funkcionalumo derinys bei d\u0117mesys detal\u0117ms daro \u0161\u012f bald\u0105 vertu investavimo. Investuokite \u012f savo komfort\u0105 ir estetik\u0105 jau \u0161iandien!<\/p>","protected":false},"excerpt":{"rendered":"<p>Plotis (cm): 60<br \/>\n\u016agis (cm): 57<br \/>\nGylis (cm): 46<\/p>","protected":false},"featured_media":246033,"comment_status":"open","ping_status":"open","template":"","meta":[],"product_brand":[],"product_cat":[9117,2015,9183],"product_tag":[],"class_list":{"0":"post-246032","1":"product","2":"type-product","3":"status-publish","4":"has-post-thumbnail","6":"product_cat-bathroom","7":"product_cat-comad","8":"product_cat-bathroom-furniture-sets-comad","10":"first","11":"instock","12":"purchasable","13":"product-type-simple"},"_links":{"self":[{"href":"https:\/\/baldumarket.lt\/lt\/wp-json\/wp\/v2\/product\/246032","targetHints":{"allow":["GET"]}}],"collection":[{"href":"https:\/\/baldumarket.lt\/lt\/wp-json\/wp\/v2\/product"}],"about":[{"href":"https:\/\/baldumarket.lt\/lt\/wp-json\/wp\/v2\/types\/product"}],"replies":[{"embeddable":true,"href":"https:\/\/baldumarket.lt\/lt\/wp-json\/wp\/v2\/comments?post=246032"}],"wp:featuredmedia":[{"embeddable":true,"href":"https:\/\/baldumarket.lt\/lt\/wp-json\/wp\/v2\/media\/246033"}],"wp:attachment":[{"href":"https:\/\/baldumarket.lt\/lt\/wp-json\/wp\/v2\/media?parent=246032"}],"wp:term":[{"taxonomy":"product_brand","embeddable":true,"href":"https:\/\/baldumarket.lt\/lt\/wp-json\/wp\/v2\/product_brand?post=246032"},{"taxonomy":"product_cat","embeddable":true,"href":"https:\/\/baldumarket.lt\/lt\/wp-json\/wp\/v2\/product_cat?post=246032"},{"taxonomy":"product_tag","embeddable":true,"href":"https:\/\/baldumarket.lt\/lt\/wp-json\/wp\/v2\/product_tag?post=246032"}],"curies":[{"name":"wp","href":"https:\/\/api.w.org\/{rel}","templated":true}]}}