{"id":246028,"date":"2026-01-02T23:17:03","date_gmt":"2026-01-02T20:17:03","guid":{"rendered":"https:\/\/baldumarket.lt\/product\/zestaw-szafka-pod-umywalke-z-blatem-60-cm-i-slupek-wysoki-talia-casella-czarny-mat\/"},"modified":"2026-02-11T18:33:04","modified_gmt":"2026-02-11T15:33:04","slug":"zestaw-szafka-pod-umywalke-z-blatem-60-cm-i-slupek-wysoki-talia-casella-czarny-mat","status":"publish","type":"product","link":"https:\/\/baldumarket.lt\/lt\/product\/zestaw-szafka-pod-umywalke-z-blatem-60-cm-i-slupek-wysoki-talia-casella-czarny-mat\/","title":{"rendered":"60 cm praustuvo spintel\u0117s su stalvir\u0161iu ir auk\u0161to liemens \u201eCasella Black Matte\u201c kolon\u0117le komplektas"},"content":{"rendered":"<p>\u201eTalia Casella\u201c 60 cm kriaukl\u0117s spintel\u0117 su stalvir\u0161iu ir auk\u0161ta kolona, matin\u0117s juodos spalvos. \u201eTalia Casella\u201c vonios kambario komplektas \u2013 tai harmoningas klasikos ir modernumo derinys. Dviej\u0173 stal\u010di\u0173 kriaukl\u0117s spintel\u0117 ir auk\u0161ta kolona pasi\u017eymi eleganti\u0161ka matin\u0117s juodos ir \u201eCasella\u201c \u0105\u017euolo apdaila, suteikian\u010dia interjerui \u0161ilumos. \u0160velniai u\u017esidarantys stal\u010diai ir durys. Matmenys: Plotis (cm): 60 Gylis (cm): 46 Auk\u0161tis (cm): 50 Svoris (kg): 40,6 Techniniai duomenys: Komplekt\u0105 sudaro: \u201eTalia Casella\u201c 1 dur\u0173 auk\u0161ta kolona, 30 cm, \u201eTalia Casella\u201c praustuvo spintel\u0117, 60 cm, 2 stal\u010diai, juodas vonios stalvir\u0161is, 60 cm Korpuso spalva: Matin\u0117 juoda Priekin\u0117s dalies spalva: \u201eCasella\u201c \u0105\u017euolas Rankenos spalva: Pakuot\u0117je \u2013 auksin\u0117 blizgi, matin\u0117 juoda, blizgus chromas Stalvir\u0161io spalva: Matin\u0117 juoda Korpuso med\u017eiaga: laminuota plok\u0161t\u0117 Priekin\u0117 dalis: MDF plok\u0161t\u0117 Rankenos med\u017eiaga: Plastikas Stalvir\u0161io med\u017eiaga: Laminuota plok\u0161t\u0117 Vyriai: \u0160velniai u\u017esidarantys B\u0117geliai: \u0160velniai u\u017esidarantys Stalvir\u0161is prid\u0117tas: Taip Tvirtinimo pakuot\u0117je yra: Taip Surinkimas: Savaranki\u0161kas surinkimas. \u201eCasella\u201c 60 cm praustuvo spintel\u0117 su stalvir\u0161iu ir \u201eTalia Talia\u201c auk\u0161t\u0173 kolon\u0173 komplektu \u2013 eleganti\u0161kas pasirinkimas, kuris j\u016bs\u0173 vonios kambariui suteiks modernaus stiliaus. D\u0117l i\u0161skirtini\u0173 fasad\u0173 su frezuotu r\u0117mu ir \u201eCasella Oak\u201c apdailos kiekvienas baldas spinduliuoja nesenstan\u010diu \u017eavesiu ir pabr\u0117\u017eia nat\u016bral\u0173 medienos gro\u017e\u012f. Matin\u0117 juoda spalva sukuria harmoning\u0105 kontrast\u0105 su \u0161viesia fasad\u0173 apdaila, traukia ak\u012f ir suteikia interjerui i\u0161skirtinumo.<\/p>\n<p>\u0160ios kolekcijos funkcionalumas \u2013 ne i\u0161imtis. Du erdv\u016bs stal\u010diai praustuvo spintel\u0117je ir auk\u0161tas stulpelis su keturiomis lentynomis suteikia daug vietos vonios kambario aksesuarams. 50 cm auk\u0161\u010dio spintel\u0117 suteikia kambariui lengvumo ir erdv\u0117s. \u0160velnaus u\u017edarymo sistema leid\u017eia patogiai ir tyliai naudotis baldais, pa\u0161alindama nemalonius u\u017edarymo garsus.<\/p>\n<p>Visi \u201eTalia Casella\u201c kolekcijos baldai pagaminti i\u0161 patvari\u0173 med\u017eiag\u0173, toki\u0173 kaip MDF ir laminuota plok\u0161t\u0117, u\u017etikrinan\u010di\u0173 ne tik nepriekai\u0161ting\u0105 i\u0161vaizd\u0105, bet ir ilgaam\u017ei\u0161kum\u0105. Be to, spinteles galite suasmeninti naudodami tris skirtingas ranken\u0117li\u0173 spalvas, esan\u010dias komplekte \u2013 blizgi\u0105 auksin\u0119, matin\u0119 juod\u0105 ir chromuot\u0105 \u2013 taip pritaikysite baldus pagal savo individualius pageidavimus.<\/p>\n<p>Baldai pristatomi savaranki\u0161kai surenkamose pakuot\u0117se, o d\u0117l intuityvaus dizaino surinkimui nereikia speciali\u0173 \u017eini\u0173. Visai \u201eTalia Casella\u201c kolekcijai suteikiama 2 met\u0173 garantija, u\u017etikrinanti kokyb\u0119 ir ilgaam\u017ei\u0161kum\u0105. Taigi, jei ie\u0161kote eleganti\u0161ko, funkcionalaus ir \u0161iuolaikines tendencijas atitinkan\u010dio vonios kambario, \u0161is komplektas yra puikus pasirinkimas.<\/p>","protected":false},"excerpt":{"rendered":"<p>Plotis (cm): 60<br \/>\n\u016agis (cm): 50<br \/>\nGylis (cm): 46<\/p>","protected":false},"featured_media":246029,"comment_status":"open","ping_status":"open","template":"","meta":[],"product_brand":[],"product_cat":[9117,2015,9183],"product_tag":[],"class_list":{"0":"post-246028","1":"product","2":"type-product","3":"status-publish","4":"has-post-thumbnail","6":"product_cat-bathroom","7":"product_cat-comad","8":"product_cat-bathroom-furniture-sets-comad","10":"first","11":"instock","12":"purchasable","13":"product-type-simple"},"_links":{"self":[{"href":"https:\/\/baldumarket.lt\/lt\/wp-json\/wp\/v2\/product\/246028","targetHints":{"allow":["GET"]}}],"collection":[{"href":"https:\/\/baldumarket.lt\/lt\/wp-json\/wp\/v2\/product"}],"about":[{"href":"https:\/\/baldumarket.lt\/lt\/wp-json\/wp\/v2\/types\/product"}],"replies":[{"embeddable":true,"href":"https:\/\/baldumarket.lt\/lt\/wp-json\/wp\/v2\/comments?post=246028"}],"wp:featuredmedia":[{"embeddable":true,"href":"https:\/\/baldumarket.lt\/lt\/wp-json\/wp\/v2\/media\/246029"}],"wp:attachment":[{"href":"https:\/\/baldumarket.lt\/lt\/wp-json\/wp\/v2\/media?parent=246028"}],"wp:term":[{"taxonomy":"product_brand","embeddable":true,"href":"https:\/\/baldumarket.lt\/lt\/wp-json\/wp\/v2\/product_brand?post=246028"},{"taxonomy":"product_cat","embeddable":true,"href":"https:\/\/baldumarket.lt\/lt\/wp-json\/wp\/v2\/product_cat?post=246028"},{"taxonomy":"product_tag","embeddable":true,"href":"https:\/\/baldumarket.lt\/lt\/wp-json\/wp\/v2\/product_tag?post=246028"}],"curies":[{"name":"wp","href":"https:\/\/api.w.org\/{rel}","templated":true}]}}