{"id":246020,"date":"2026-01-02T23:17:00","date_gmt":"2026-01-02T20:17:00","guid":{"rendered":"https:\/\/baldumarket.lt\/product\/zestaw-szafka-pod-umywalke-z-blatem-60-cm-i-slupek-wysoki-nordic-cremona\/"},"modified":"2026-02-11T18:33:04","modified_gmt":"2026-02-11T15:33:04","slug":"zestaw-szafka-pod-umywalke-z-blatem-60-cm-i-slupek-wysoki-nordic-cremona","status":"publish","type":"product","link":"https:\/\/baldumarket.lt\/lt\/product\/zestaw-szafka-pod-umywalke-z-blatem-60-cm-i-slupek-wysoki-nordic-cremona\/","title":{"rendered":"60 cm praustuvo spintel\u0117s su stalvir\u0161iu ir auk\u0161ta \u201eNordic Cremona\u201c kolona komplektas"},"content":{"rendered":"<p>Praustuvo spintel\u0117s su 60 cm stalvir\u0161iu ir auk\u0161ta kolona komplektas \u201eNordic Cremona\u201c. Praustuvo spintel\u0117s su 60 cm stalvir\u0161iu ir auk\u0161ta kolona komplektas \u201eNordic Cremona\u201c \u2013 tai tobulas modernumo ir elegancijos derinys. Subtil\u016bs grioveliai, \u0161iltas \u201eCremona Oak\u201c dekoras ir \u0161velnaus u\u017edarymo sistema \u2013 puikus sprendimas stilingam vonios kambariui. Matmenys: Plotis (cm): 60 Gylis (cm): 46 Auk\u0161tis (cm): 57 Techniniai duomenys: Komplekt\u0105 sudaro: \u201eNordic Cremona\u201c praustuvo spintel\u0117 60 cm su 2 stal\u010diais, \u201eCremona Oak\u201c vonios stalvir\u0161is 60 cm, \u201eNordic Cremona Oak\u201c auk\u0161ta kolona, 2 durys Korpuso spalva: \u201eCremona Oak\u201c Priekin\u0117s dalies spalva: \u201eCremona Oak\u201c Stalvir\u0161io spalva: \u201eCremona Oak\u201c Korpuso med\u017eiaga: laminuota plok\u0161t\u0117 Priekin\u0117 dalis: MDF plok\u0161t\u0117 Stalvir\u0161io med\u017eiaga: MDF plok\u0161t\u0117 B\u0117geliai: \u0160velniai u\u017esidarantys Vyriai: \u0160velniai u\u017esidarantys Stalvir\u0161is prid\u0117tas: Taip Tvirtinimo rinkinys prid\u0117tas: Taip Surinkimas: Savaranki\u0161kas surinkimas \u201eNordic Cremona\u201c praustuvo spintel\u0117 su 60 cm stalvir\u0161iu ir auk\u0161ta kolona \u2013 tai unikalus estetikos ir funkcionalumo derinys, kuris bet kuriam vonios kambariui suteiks eleganti\u0161k\u0105 charakter\u012f. Apdailintas \u201eCremona Oak\u201c, komplektas puikiai dera su \u0161iuolaikin\u0117mis interjero dizaino tendencijomis ir si\u016blo prakti\u0161kus sprendimus. Subtil\u016bs, vertikal\u016bs grioveliai spintel\u0117s ir kolon\u0173 fasaduose suteikia visam kambariui lengvumo ir subtilumo. Spintel\u0117s i\u0161manus dizainas apima du erdvius stal\u010dius, puikiai tinkan\u010dius b\u016btiniausiems vonios kambario aksesuarams susid\u0117ti. Palaikyti tvark\u0105 vonios kambaryje dar niekada nebuvo taip paprasta! D\u0117l \u0161velnaus u\u017edarymo sistemos kiekvienas stal\u010dius u\u017esidaro \u0161velniai, o tai ne tik padidina komfort\u0105, bet ir pabr\u0117\u017eia auk\u0161t\u0105 bald\u0173 kokyb\u0119. Komplektas puikiai derina funkcionalum\u0105 ir modern\u0173 dizain\u0105. 60 cm stalvir\u0161is, taip pat i\u0161 \u201eCremona Oak\u201c spalvos, pagerina viso komplekto estetik\u0105 ir atspindi nat\u016bral\u0173 med\u017eio gro\u017e\u012f. Naudotos med\u017eiagos, tokios kaip MDF ir laminuota plok\u0161t\u0117, u\u017etikrina patvarum\u0105 ir atsparum\u0105 kasdieniam naudojimui, taip pat minimal\u0173 prie\u017ei\u016bros laik\u0105 ir pastangas. Komplektas yra ne tik gra\u017eus, bet ir prakti\u0161kas, tod\u0117l idealiai tinka bet kokiam vonios kambariui. Auk\u0161ta kolona taip pat vertinama d\u0117l savo talpumo ir efektyvumo. 170 cm auk\u0161\u010dio ir keturi\u0173 lentyn\u0173 baldas si\u016blo daug vietos \u012fvairiems daiktams ir aksesuarams. Modernus dizainas papildo vis\u0105 i\u0161vaizd\u0105, o \u012f bald\u0105 integruota asimetri\u0161ka rankena i\u0161skiria komplekt\u0105 i\u0161 kit\u0173 rinkoje esan\u010di\u0173 gamini\u0173. \u0160is baldas derina stili\u0173 ir inovacijas. D\u0117l m\u016bs\u0173 s\u0105moningumo aplinkai visos komplekto dalys yra pagamintos Lenkijoje i\u0161 FSC sertifikuot\u0173 med\u017eiag\u0173, o tai garantuoja kokyb\u0119 ir ilgaam\u017ei\u0161kum\u0105. Komplekte yra savaranki\u0161ko surinkimo rinkinys, supaprastinantis vonios kambario \u012frengimo proces\u0105. 2 met\u0173 gaminio garantija suteikia vartotojams pasitik\u0117jimo ir pasitenkinimo pirkiniu, tod\u0117l \u0161is rinkinys yra patikimas pasirinkimas visiems, ie\u0161kantiems stilingos, bet funkcionalios vonios \u012frangos.<\/p>","protected":false},"excerpt":{"rendered":"<p>Plotis (cm): 60<br \/>\n\u016agis (cm): 57<br \/>\nGylis (cm): 46<\/p>","protected":false},"featured_media":246021,"comment_status":"open","ping_status":"open","template":"","meta":[],"product_brand":[],"product_cat":[9117,2015,9183],"product_tag":[],"class_list":{"0":"post-246020","1":"product","2":"type-product","3":"status-publish","4":"has-post-thumbnail","6":"product_cat-bathroom","7":"product_cat-comad","8":"product_cat-bathroom-furniture-sets-comad","10":"first","11":"instock","12":"purchasable","13":"product-type-simple"},"_links":{"self":[{"href":"https:\/\/baldumarket.lt\/lt\/wp-json\/wp\/v2\/product\/246020","targetHints":{"allow":["GET"]}}],"collection":[{"href":"https:\/\/baldumarket.lt\/lt\/wp-json\/wp\/v2\/product"}],"about":[{"href":"https:\/\/baldumarket.lt\/lt\/wp-json\/wp\/v2\/types\/product"}],"replies":[{"embeddable":true,"href":"https:\/\/baldumarket.lt\/lt\/wp-json\/wp\/v2\/comments?post=246020"}],"wp:featuredmedia":[{"embeddable":true,"href":"https:\/\/baldumarket.lt\/lt\/wp-json\/wp\/v2\/media\/246021"}],"wp:attachment":[{"href":"https:\/\/baldumarket.lt\/lt\/wp-json\/wp\/v2\/media?parent=246020"}],"wp:term":[{"taxonomy":"product_brand","embeddable":true,"href":"https:\/\/baldumarket.lt\/lt\/wp-json\/wp\/v2\/product_brand?post=246020"},{"taxonomy":"product_cat","embeddable":true,"href":"https:\/\/baldumarket.lt\/lt\/wp-json\/wp\/v2\/product_cat?post=246020"},{"taxonomy":"product_tag","embeddable":true,"href":"https:\/\/baldumarket.lt\/lt\/wp-json\/wp\/v2\/product_tag?post=246020"}],"curies":[{"name":"wp","href":"https:\/\/api.w.org\/{rel}","templated":true}]}}