{"id":246013,"date":"2026-01-02T23:16:57","date_gmt":"2026-01-02T20:16:57","guid":{"rendered":"https:\/\/baldumarket.lt\/product\/zestaw-szafka-pod-umywalke-z-blatem-60-cm-i-slupek-wysoki-donna-sand\/"},"modified":"2026-02-11T18:33:04","modified_gmt":"2026-02-11T15:33:04","slug":"zestaw-szafka-pod-umywalke-z-blatem-60-cm-i-slupek-wysoki-donna-sand","status":"publish","type":"product","link":"https:\/\/baldumarket.lt\/lt\/product\/zestaw-szafka-pod-umywalke-z-blatem-60-cm-i-slupek-wysoki-donna-sand\/","title":{"rendered":"60 cm praustuvo spintel\u0117s su stalvir\u0161iu ir auk\u0161ta kolona komplektas Donna Sand"},"content":{"rendered":"<p>Praustuvo spintel\u0117s su 60 cm stalvir\u0161iu ir auk\u0161ta kolona komplektas Donna SandPraustuvo spintel\u0117s su 60 cm stalvir\u0161iu ir auk\u0161ta kolona komplektas Donna Sand \u2013 tai eleganti\u0161ka funkcijos ir stiliaus harmonija. Subtil\u016bs fasadai su apvaliais sm\u0117lio spalvos frezavimais, auksin\u0117s metalin\u0117s ranken\u0117l\u0117s ir \u0161velnaus u\u017edarymo sistema derina patvarum\u0105 ir dizain\u0105. Matmenys: Plotis (cm): 60 Gylis (cm): 46 Auk\u0161tis (cm): 57 Svoris (kg): 45,75 Techniniai duomenys: Komplekt\u0105 sudaro: Donna Sand praustuvo spintel\u0117 60 cm su 2 stal\u010diais, Donna Sand vonios stalvir\u0161is 60 cm sm\u0117lio spalvos, Donna Sand auk\u0161ta 1 dur\u0173 prie sienos pakabinama kolona Korpuso spalva: sm\u0117lio sm\u0117lio Priekio spalva: sm\u0117lio sm\u0117lio Rankenos spalva: blizgi auksin\u0117 Stalvir\u0161io spalva: sm\u0117lio sm\u0117lio Korpuso med\u017eiaga: laminuota plok\u0161t\u0117 Priekin\u0117 med\u017eiaga: MDF plok\u0161t\u0117 Rankenos med\u017eiaga: metalas Stalvir\u0161io med\u017eiaga: MDF plok\u0161t\u0117 B\u0117geliai: \u0161velnaus u\u017edarymo Vyriai: \u0161velnaus u\u017edarymo Dur\u0173 tvirtinimo kryptis: de\u0161in\u0117 \/ kair\u0117 Ant stalvir\u0161io prid\u0117ta: taip Tvirtinimo rinkinys prid\u0117tas: taip Surinkimas: savaranki\u0161kas surinkimas. Su \u201eDonna Sand\u201c 60 cm praustuvo spintele su stalvir\u0161iu ir auk\u0161ta kolona suteikite savo vonios kambariui elegancijos ir harmonijos. \u0160i unikali kolekcija derina modern\u0173 dizain\u0105 su klasikiniu stiliumi, pasi\u017eym\u0117dama i\u0161skirtin\u0117mis detal\u0117mis, suteikian\u010diomis jai unikal\u0173 charakter\u012f. Subtil\u016bs, apvaliais, sm\u0117lio spalvos fasadai suteiks j\u016bs\u0173 interjerui \u0161ilumos ir jaukumo, o auksin\u0117s metalin\u0117s ranken\u0117l\u0117s \u2013 elegancijos ir pra\u0161matnumo. Dviej\u0173 stal\u010di\u0173 spintel\u0117 suteikia puiki\u0105 viet\u0105 vonios kambario aksesuarams laikyti, taupydama j\u016bs\u0173 laik\u0105 ir erdv\u0119. \u0160velnaus u\u017edarymo sistema u\u017etikrina skland\u0173 ir patog\u0173 kiekvien\u0105 jud\u0117jim\u0105, pabr\u0117\u017eiant d\u0117mes\u012f detal\u0117ms kasdieniame naudojime. Bald\u0173 med\u017eiagos, tokios kaip patvari MDF ir laminuota plok\u0161t\u0117, garantuoja ne tik estetin\u012f patrauklum\u0105, bet ir ilgaam\u017ei\u0161kum\u0105. Auk\u0161ta kolona \u201eDonna Sand\u201c yra puikus papildymas, leid\u017eiantis efektyviai organizuoti erdv\u0119, si\u016blant keturias lentynas kompakti\u0161koje formoje. 140 cm auk\u0161\u010dio \u0161ios spintel\u0117s yra didel\u0117s talpos, tuo pa\u010diu i\u0161laikant minimalistin\u012f stili\u0173. Be to, \u0161velnaus u\u017edarymo dureli\u0173 sistema padidina bald\u0173 naudojimo patogum\u0105 atliekant kiekvien\u0105 kasdien\u0119 u\u017eduot\u012f. Saugi ir efektyvi gamyba Lenkijoje, naudojant FSC sertifikuotas med\u017eiagas, garantuoja kokyb\u0119 ir tvarum\u0105. Baldai pristatomi paruo\u0161tose surinkti pakuot\u0117se, tod\u0117l surinkimas yra paprastas ir intuityvus. Tai rei\u0161kia, kad galite greitai m\u0117gautis \u201eDonna Sand\u201c kolekcijos gro\u017eiu ir funkcionalumu. Pasirinkite \u201eDonna Sand\u201c 60 cm praustuvo spintel\u0117s su stalvir\u0161iu ir auk\u0161ta kolona komplekt\u0105 ir suteikite savo vonios kambariui modern\u0173 vaizd\u0105 su klasikin\u0117s elegancijos prisilietimu. \u0160i kolekcija, \u012fkv\u0117pta subtilumo ir \u0161ilt\u0173 atspalvi\u0173, pavers j\u016bs\u0173 erdv\u0119 tikra ramyb\u0117s oaze.<\/p>","protected":false},"excerpt":{"rendered":"<p>Plotis (cm): 60<br \/>\n\u016agis (cm): 57<br \/>\nGylis (cm): 46<\/p>","protected":false},"featured_media":246014,"comment_status":"open","ping_status":"open","template":"","meta":[],"product_brand":[],"product_cat":[9117,2015,9183],"product_tag":[],"class_list":{"0":"post-246013","1":"product","2":"type-product","3":"status-publish","4":"has-post-thumbnail","6":"product_cat-bathroom","7":"product_cat-comad","8":"product_cat-bathroom-furniture-sets-comad","10":"first","11":"instock","12":"purchasable","13":"product-type-simple"},"_links":{"self":[{"href":"https:\/\/baldumarket.lt\/lt\/wp-json\/wp\/v2\/product\/246013","targetHints":{"allow":["GET"]}}],"collection":[{"href":"https:\/\/baldumarket.lt\/lt\/wp-json\/wp\/v2\/product"}],"about":[{"href":"https:\/\/baldumarket.lt\/lt\/wp-json\/wp\/v2\/types\/product"}],"replies":[{"embeddable":true,"href":"https:\/\/baldumarket.lt\/lt\/wp-json\/wp\/v2\/comments?post=246013"}],"wp:featuredmedia":[{"embeddable":true,"href":"https:\/\/baldumarket.lt\/lt\/wp-json\/wp\/v2\/media\/246014"}],"wp:attachment":[{"href":"https:\/\/baldumarket.lt\/lt\/wp-json\/wp\/v2\/media?parent=246013"}],"wp:term":[{"taxonomy":"product_brand","embeddable":true,"href":"https:\/\/baldumarket.lt\/lt\/wp-json\/wp\/v2\/product_brand?post=246013"},{"taxonomy":"product_cat","embeddable":true,"href":"https:\/\/baldumarket.lt\/lt\/wp-json\/wp\/v2\/product_cat?post=246013"},{"taxonomy":"product_tag","embeddable":true,"href":"https:\/\/baldumarket.lt\/lt\/wp-json\/wp\/v2\/product_tag?post=246013"}],"curies":[{"name":"wp","href":"https:\/\/api.w.org\/{rel}","templated":true}]}}