{"id":246009,"date":"2026-01-02T23:16:55","date_gmt":"2026-01-02T20:16:55","guid":{"rendered":"https:\/\/baldumarket.lt\/product\/zestaw-szafka-pod-umywalke-z-blatem-60-cm-2-szuflady-i-umywalka-nablatowa-donna-sand\/"},"modified":"2026-02-11T18:33:04","modified_gmt":"2026-02-11T15:33:04","slug":"zestaw-szafka-pod-umywalke-z-blatem-60-cm-2-szuflady-i-umywalka-nablatowa-donna-sand","status":"publish","type":"product","link":"https:\/\/baldumarket.lt\/lt\/product\/zestaw-szafka-pod-umywalke-z-blatem-60-cm-2-szuflady-i-umywalka-nablatowa-donna-sand\/","title":{"rendered":"Praustuvo spintel\u0117s su 60 cm stalvir\u0161iu, 2 stal\u010diais ir stalvir\u0161io praustuvo Donna Sand komplektas"},"content":{"rendered":"<p>\u201eDonna Sand\u201c 60 cm praustuvo spintel\u0117 su stalvir\u0161iu, 2 stal\u010diais ir praustuvu. \u201eDonna Sand\u201c spintel\u0117 yra elegancijos ir funkcionalumo sinonimas. Du stal\u010diai su \u0161velnaus u\u017edarymo sistema ir matin\u0117s kapu\u010dino spalvos keraminis praustuvas sukuria harmoning\u0105 visum\u0105. Pagaminta i\u0161 patvari\u0173 med\u017eiag\u0173, u\u017etikrina estetik\u0105. Matmenys: Plotis (cm): 60 Gylis (cm): 46 Auk\u0161tis (cm): 57 Svoris (kg): 35,95 Techniniai duomenys: Komplekt\u0105 sudaro: Donna Sand praustuvo spintel\u0117 60 cm su 2 stal\u010diais, Donna Sand vonios stalvir\u0161is 60 cm sm\u0117lio spalvos, WIKI-MC matinio kapu\u010dino keraminis praustuvas su stalvir\u0161iu 36 cm Korpuso spalva: sm\u0117lio sm\u0117lio spalvos Priekin\u0117 spalva: sm\u0117lio sm\u0117lio spalvos Rankenos spalva: blizgi auksin\u0117 Stalvir\u0161io spalva: sm\u0117lio sm\u0117lio spalvos Praustuvo spalva: matin\u0117 kapu\u010dino Korpuso med\u017eiaga: laminuota plok\u0161t\u0117 Priekin\u0117 med\u017eiaga: MDF plok\u0161t\u0117 Rankenos med\u017eiaga: metalas Stalvir\u0161io med\u017eiaga: MDF plok\u0161t\u0117 Med\u017eiaga Kriaukl\u0117: keramika, B\u0117geliai: \u0161velniai u\u017esidarantys, Praustuvas yra komplekte: taip, Stalvir\u0161is yra komplekte: taip, Surinkimo rinkinys yra komplekte: taip, Surinkimas: savaranki\u0161kas surinkimas. Donna Sand praustuvo spintel\u0117 su stalvir\u0161iu 60 cm, 2 stal\u010diais ir praustuvo komplektu yra puikus pasirinkimas tiems, kurie ie\u0161ko elegancijos ir modernumo savo vonios kambaryje. Nuostabi sm\u0117lio spalvos harmonija ir auksini\u0173 ranken\u0117li\u0173 akcentai papildo \u012fvairius interjero stilius, sukurdami unikali\u0105 atmosfer\u0105. Subtil\u016bs fasadai su u\u017eapvalintais frezavimais suteikia baldams unikal\u0173 charakter\u012f, o subtil\u016bs atspalviai, atsirandantys d\u0117l \u012fkvepian\u010di\u0173 ka\u0161myro ton\u0173 naudojimo, suteikia interjerui \u0161ilumos ir harmonijos.<\/p>\n<p>\u0160io komplekto funkcionalumas nepalieka nieko pageidaujamo \u2013 du erdv\u016bs stal\u010diai pad\u0117s palaikyti tvark\u0105 vonios kambaryje, o \u0161velnaus u\u017edarymo sistema u\u017etikrina komfort\u0105, pa\u0161alindama triuk\u0161m\u0105 u\u017edarant. Pagaminti i\u0161 toki\u0173 med\u017eiag\u0173 kaip MDF ir laminuota plok\u0161t\u0117, baldai ne tik garantuoja ilgaam\u017ei\u0161kum\u0105, bet ir yra patvar\u016bs bei atspar\u016bs kasdieniam naudojimui.<\/p>\n<p>Baldai yra kruop\u0161\u010diai suprojektuoti, atkreipiant d\u0117mes\u012f \u012f detales, ir pagaminti Lenkijoje i\u0161 FSC sertifikuot\u0173 med\u017eiag\u0173. Tod\u0117l galite b\u016bti tikri, kad pirkdami remiate vietin\u0119 rink\u0105 ir saugote m\u016bs\u0173 aplink\u0105. Intuityvus komplekto dizainas leid\u017eia j\u012f lengvai ir patogiai surinkti, o supakuotas pristatymas leid\u017eia patogiai transportuoti \u012f namus.<\/p>\n<p>\u0160is eleganti\u0161kas vonios stalvir\u0161is, pagamintas i\u0161 MDF ir PVC folijos, yra ne tik esteti\u0161kai patrauklus, bet ir prakti\u0161kas. D\u0117l puikios kokyb\u0117s j\u012f lengva valyti, o tai labai svarbu kasdieniam naudojimui. D\u0117l precizi\u0161ko meistri\u0161kumo jis yra ne tik funkcionalus, bet ir stilingas. Be to, pasitelk\u0119 rekomenduojamus produktus, galite lengvai suasmeninti erdv\u0119, sukurdami savo svajoni\u0173 vonios kambar\u012f.<\/p>\n<p>WIKI-MC stalvir\u0161io praustuvas matin\u0117s kapu\u010dino spalvos puikiai papildo vis\u0105 komplekt\u0105, sukurdamas eleganti\u0161k\u0105 ir funkcionali\u0105 visum\u0105. Stilingas \u0161io gaminio dizainas ne tik traukia ak\u012f, bet ir puikiai papildo modernaus vonios kambario koncepcij\u0105. D\u0117l unikalaus estetikos ir funkcionalumo derinio 60 cm praustuvo spintel\u0117 su stalvir\u0161iu taps bet kurio vonios kambario traukos centru, suteikdama prabangos ir komforto.<\/p>","protected":false},"excerpt":{"rendered":"<p>Plotis (cm): 60<br \/>\n\u016agis (cm): 57<br \/>\nGylis (cm): 46<\/p>","protected":false},"featured_media":246010,"comment_status":"open","ping_status":"open","template":"","meta":[],"product_brand":[],"product_cat":[9117,2015,9183],"product_tag":[],"class_list":{"0":"post-246009","1":"product","2":"type-product","3":"status-publish","4":"has-post-thumbnail","6":"product_cat-bathroom","7":"product_cat-comad","8":"product_cat-bathroom-furniture-sets-comad","10":"first","11":"instock","12":"purchasable","13":"product-type-simple"},"_links":{"self":[{"href":"https:\/\/baldumarket.lt\/lt\/wp-json\/wp\/v2\/product\/246009","targetHints":{"allow":["GET"]}}],"collection":[{"href":"https:\/\/baldumarket.lt\/lt\/wp-json\/wp\/v2\/product"}],"about":[{"href":"https:\/\/baldumarket.lt\/lt\/wp-json\/wp\/v2\/types\/product"}],"replies":[{"embeddable":true,"href":"https:\/\/baldumarket.lt\/lt\/wp-json\/wp\/v2\/comments?post=246009"}],"wp:featuredmedia":[{"embeddable":true,"href":"https:\/\/baldumarket.lt\/lt\/wp-json\/wp\/v2\/media\/246010"}],"wp:attachment":[{"href":"https:\/\/baldumarket.lt\/lt\/wp-json\/wp\/v2\/media?parent=246009"}],"wp:term":[{"taxonomy":"product_brand","embeddable":true,"href":"https:\/\/baldumarket.lt\/lt\/wp-json\/wp\/v2\/product_brand?post=246009"},{"taxonomy":"product_cat","embeddable":true,"href":"https:\/\/baldumarket.lt\/lt\/wp-json\/wp\/v2\/product_cat?post=246009"},{"taxonomy":"product_tag","embeddable":true,"href":"https:\/\/baldumarket.lt\/lt\/wp-json\/wp\/v2\/product_tag?post=246009"}],"curies":[{"name":"wp","href":"https:\/\/api.w.org\/{rel}","templated":true}]}}