{"id":246004,"date":"2026-01-02T23:16:53","date_gmt":"2026-01-02T20:16:53","guid":{"rendered":"https:\/\/baldumarket.lt\/product\/zestaw-szafka-pod-umywalke-z-blatem-60-cm-2-szuflady-i-slupek-wysoki-dalia-cashmere\/"},"modified":"2026-02-11T18:33:04","modified_gmt":"2026-02-11T15:33:04","slug":"zestaw-szafka-pod-umywalke-z-blatem-60-cm-2-szuflady-i-slupek-wysoki-dalia-cashmere","status":"publish","type":"product","link":"https:\/\/baldumarket.lt\/lt\/product\/zestaw-szafka-pod-umywalke-z-blatem-60-cm-2-szuflady-i-slupek-wysoki-dalia-cashmere\/","title":{"rendered":"Praustuvo spintel\u0117s komplektas su 60 cm stalvir\u0161iu, 2 stal\u010diais ir auk\u0161tu stalvir\u0161iu Dalia Cashmere"},"content":{"rendered":"<p>Praustuvo spintel\u0117s su 60 cm stalvir\u0161iu, 2 stal\u010diais ir auk\u0161ta kolona \u201eDalia Cashmere\u201c komplektas. Matmenys: Plotis (cm): 60 Gylis (cm): 46 Auk\u0161tis (cm): 50 Svoris (kg): 44,5 Techniniai duomenys: Komplekt\u0105 sudaro: Praustuvo spintel\u0117 2S 60 cm \u201eDalia Cashmere\u201c, vonios stalvir\u0161is 60 cm \u201eDalia Cashmere\u201c, vonios kolon\u0117l\u0117 80 cm \u201eDalia Cashmere\u201c (2 vnt.). Korpuso spalva: Matin\u0117 ka\u0161myro spalva Priekin\u0117 spalva: Matin\u0117 ka\u0161myro spalva Ranken\u0117l\u0117s spalva: Blizgi auksin\u0117, blizgi chromo spalva, matin\u0117 juoda Stalvir\u0161io spalva: Matin\u0117 ka\u0161myro spalva Korpuso med\u017eiaga: Laminuota plok\u0161t\u0117 Priekin\u0117 med\u017eiaga: Laminuota plok\u0161t\u0117 Ranken\u0117l\u0117s med\u017eiaga: Metalas Stalvir\u0161io med\u017eiaga: Laminuota plok\u0161t\u0117 Kreipian\u010diosios: \u0160velniai u\u017esidaro Vyriai: \u0160velniai u\u017esidaro, atidaro paspaudus Dureli\u0173 tvirtinimo kryptis: De\u0161in\u0117 \/ Kair\u0117 Stalvir\u0161is prid\u0117tas: Taip Tvirtinimo rinkinys prid\u0117tas: Taip Surinkimas: Savaranki\u0161kam surinkimui<\/p>","protected":false},"excerpt":{"rendered":"<p>Plotis (cm): 60<br \/>\n\u016agis (cm): 50<br \/>\nGylis (cm): 46<\/p>","protected":false},"featured_media":246005,"comment_status":"open","ping_status":"open","template":"","meta":[],"product_brand":[],"product_cat":[9117,2015,9183],"product_tag":[],"class_list":{"0":"post-246004","1":"product","2":"type-product","3":"status-publish","4":"has-post-thumbnail","6":"product_cat-bathroom","7":"product_cat-comad","8":"product_cat-bathroom-furniture-sets-comad","10":"first","11":"instock","12":"purchasable","13":"product-type-simple"},"_links":{"self":[{"href":"https:\/\/baldumarket.lt\/lt\/wp-json\/wp\/v2\/product\/246004","targetHints":{"allow":["GET"]}}],"collection":[{"href":"https:\/\/baldumarket.lt\/lt\/wp-json\/wp\/v2\/product"}],"about":[{"href":"https:\/\/baldumarket.lt\/lt\/wp-json\/wp\/v2\/types\/product"}],"replies":[{"embeddable":true,"href":"https:\/\/baldumarket.lt\/lt\/wp-json\/wp\/v2\/comments?post=246004"}],"wp:featuredmedia":[{"embeddable":true,"href":"https:\/\/baldumarket.lt\/lt\/wp-json\/wp\/v2\/media\/246005"}],"wp:attachment":[{"href":"https:\/\/baldumarket.lt\/lt\/wp-json\/wp\/v2\/media?parent=246004"}],"wp:term":[{"taxonomy":"product_brand","embeddable":true,"href":"https:\/\/baldumarket.lt\/lt\/wp-json\/wp\/v2\/product_brand?post=246004"},{"taxonomy":"product_cat","embeddable":true,"href":"https:\/\/baldumarket.lt\/lt\/wp-json\/wp\/v2\/product_cat?post=246004"},{"taxonomy":"product_tag","embeddable":true,"href":"https:\/\/baldumarket.lt\/lt\/wp-json\/wp\/v2\/product_tag?post=246004"}],"curies":[{"name":"wp","href":"https:\/\/api.w.org\/{rel}","templated":true}]}}