{"id":245997,"date":"2026-01-02T23:16:50","date_gmt":"2026-01-02T20:16:50","guid":{"rendered":"https:\/\/baldumarket.lt\/product\/zestaw-szafka-pod-umywalke-z-blatem-60-cm-2-szuflady-donna-sand\/"},"modified":"2026-02-11T18:33:04","modified_gmt":"2026-02-11T15:33:04","slug":"zestaw-szafka-pod-umywalke-z-blatem-60-cm-2-szuflady-donna-sand","status":"publish","type":"product","link":"https:\/\/baldumarket.lt\/lt\/product\/zestaw-szafka-pod-umywalke-z-blatem-60-cm-2-szuflady-donna-sand\/","title":{"rendered":"Donna Sand praustuvo spintel\u0117 su stalvir\u0161iu, 60 cm, 2 stal\u010diai, komplektas"},"content":{"rendered":"<p>Donna Sand 60 cm praustuvo spintel\u0117 su stalvir\u0161iu ir 2 stal\u010diais. Donna Sand praustuvo spintel\u0117 derina modernum\u0105 ir elegancij\u0105. Pagaminta i\u0161 MDF ir laminuotos plok\u0161t\u0117s, su subtiliais fasadais ir auksin\u0117mis ranken\u0117l\u0117mis, ji turi du erdvius stal\u010dius su \u0161velnaus u\u017edarymo funkcija. Puikiai tinka j\u016bs\u0173 vonios kambariui, u\u017etikrina harmonij\u0105. Matmenys: Plotis (cm): 60 Gylis (cm): 46 Auk\u0161tis (cm): 57 Svoris (kg): 20,65 Techniniai duomenys: Komplekt\u0105 sudaro: Praustuvo spintel\u0117 60 cm su 2 stal\u010diais Donna Sand, Vonios stalvir\u0161is 60 cm Donna Sand Sand Beige Korpuso spalva: Sm\u0117lio sm\u0117lio spalvos Priekin\u0117s spalvos: Sm\u0117lio sm\u0117lio spalvos Rankenos spalva: Blizgi auksin\u0117 Stalvir\u0161io spalva: Sm\u0117lio sm\u0117lio spalvos Korpuso med\u017eiaga: Laminuota plok\u0161t\u0117 Priekin\u0117 med\u017eiaga: MDF plok\u0161t\u0117 Rankenos med\u017eiaga: Metalas Stalvir\u0161io med\u017eiaga: MDF plok\u0161t\u0117 B\u0117geliai: \u0160velniai u\u017esidarantis Stalvir\u0161is prid\u0117tas: Taip \u012e komplekt\u0105 \u012feina tvirtinimo pakuot\u0117: Taip Surinkimas: Skirtas savaranki\u0161kam surinkimui Praustuvo spintel\u0117s su stalvir\u0161iu komplektas 60 cm Donna Sand dviej\u0173 stal\u010di\u0173 komplektas yra puikus sprendimas visiems, norintiems savo vonios kambariui suteikti elegancijos ir modernumo. Subtilus sm\u0117lio spalvos atspalvis, \u012fkv\u0117ptas ka\u0161myro atspalvi\u0173, sukuria \u0161ilt\u0105 ir harmoning\u0105 atmosfer\u0105. Subtilus fasad\u0173 frezavimas suteikia baldams lengvumo ir unikalaus charakterio, kasdieniams ritualams suteikdamas prabangos. Komplektas puikiai atitinka dabartines tendencijas, d\u017eiugindamas minimalistine, ta\u010diau stilinga i\u0161vaizda. \u012esp\u016bdingas ir komplekto funkcionalumas. Du erdv\u016bs stal\u010diai suteikia pakankamai vietos visiems j\u016bs\u0173 vonios kambario aksesuarams, tod\u0117l palaikoma tvarka. \u0160velnaus u\u017edarymo sistema stal\u010di\u0173 u\u017edarym\u0105 paver\u010dia maloniu, o kasdien\u012f naudojim\u0105 daro dar patogesn\u012f. Naudotos auk\u0161tos kokyb\u0117s med\u017eiagos, tokios kaip MDF ir laminuota plok\u0161t\u0117, garantuoja ne tik estetin\u012f patrauklum\u0105, bet ir ilgaam\u017ei\u0161kum\u0105. Kiekviena \u201eDonna Sand\u201c kolekcijos detal\u0117 buvo kruop\u0161\u010diai apgalvota. D\u0117l lenki\u0161kos gamybos ir FSC sertifikuot\u0173 med\u017eiag\u0173 naudojimo galite b\u016bti tikri, kad renkat\u0117s aplinkai nekenksmingus gaminius. Baldai pristatomi savaranki\u0161kai surenkamose pakuot\u0117se, tod\u0117l surinkimas yra labai paprastas. Intuityvus dizainas leid\u017eia greitai ir be vargo surinkti, taupant laik\u0105 ir pastangas. 60 cm ilgio stalvir\u0161is, apdailintas sm\u0117lio spalvos apdaila, harmoningai papildo likusi\u0105 komplekto dal\u012f, sukurdamas eleganti\u0161k\u0105 visum\u0105. Pagaminta i\u0161 MDF plok\u0161t\u0117s ir PVC folijos, ji garantuoja estetik\u0105 ir ilgaam\u017ei\u0161kum\u0105. Stalvir\u0161io pavir\u0161ius lengvai valomas, o tai neabejotinai \u012fvertins visi, vertinantys prakti\u0161kus sprendimus. Verta prisiminti, kad praustuvo montavimui rekomenduojama tinkama sifono anga, tod\u0117l procesas yra paprastas ir patogus. Pasirinkdami \u201eDonna Sand\u201c 60 cm praustuvo spintel\u0117s su stalvir\u0161iu ir 2 stal\u010diais komplekt\u0105, investuojate \u012f kokyb\u0119, stili\u0173 ir funkcionalum\u0105. \u0160i kolekcija yra puikus sprendimas tiems, kurie nori sukurti vonios kambario erdv\u0119, kuri b\u016bt\u0173 ir esteti\u0161kai patraukli, ir prakti\u0161ka. D\u0117l subtili\u0173 fasad\u0173, auksini\u0173 ranken\u0117li\u0173 ir modernios apdailos j\u016bs\u0173 vonios kambarys neabejotinai \u012fgis unikali\u0105 atmosfer\u0105 ir elegancij\u0105, kuri prad\u017eiugins kiekvien\u0105 sve\u010di\u0105.<\/p>","protected":false},"excerpt":{"rendered":"<p>Plotis (cm): 60<br \/>\n\u016agis (cm): 57<br \/>\nGylis (cm): 46<\/p>","protected":false},"featured_media":245998,"comment_status":"open","ping_status":"open","template":"","meta":[],"product_brand":[],"product_cat":[9117,2015,9183],"product_tag":[],"class_list":{"0":"post-245997","1":"product","2":"type-product","3":"status-publish","4":"has-post-thumbnail","6":"product_cat-bathroom","7":"product_cat-comad","8":"product_cat-bathroom-furniture-sets-comad","10":"first","11":"instock","12":"purchasable","13":"product-type-simple"},"_links":{"self":[{"href":"https:\/\/baldumarket.lt\/lt\/wp-json\/wp\/v2\/product\/245997","targetHints":{"allow":["GET"]}}],"collection":[{"href":"https:\/\/baldumarket.lt\/lt\/wp-json\/wp\/v2\/product"}],"about":[{"href":"https:\/\/baldumarket.lt\/lt\/wp-json\/wp\/v2\/types\/product"}],"replies":[{"embeddable":true,"href":"https:\/\/baldumarket.lt\/lt\/wp-json\/wp\/v2\/comments?post=245997"}],"wp:featuredmedia":[{"embeddable":true,"href":"https:\/\/baldumarket.lt\/lt\/wp-json\/wp\/v2\/media\/245998"}],"wp:attachment":[{"href":"https:\/\/baldumarket.lt\/lt\/wp-json\/wp\/v2\/media?parent=245997"}],"wp:term":[{"taxonomy":"product_brand","embeddable":true,"href":"https:\/\/baldumarket.lt\/lt\/wp-json\/wp\/v2\/product_brand?post=245997"},{"taxonomy":"product_cat","embeddable":true,"href":"https:\/\/baldumarket.lt\/lt\/wp-json\/wp\/v2\/product_cat?post=245997"},{"taxonomy":"product_tag","embeddable":true,"href":"https:\/\/baldumarket.lt\/lt\/wp-json\/wp\/v2\/product_tag?post=245997"}],"curies":[{"name":"wp","href":"https:\/\/api.w.org\/{rel}","templated":true}]}}