{"id":245992,"date":"2026-01-02T23:16:48","date_gmt":"2026-01-02T20:16:48","guid":{"rendered":"https:\/\/baldumarket.lt\/product\/zestaw-szafka-pod-umywalke-z-blatem-60-cm-2-szuflady-dalia-cashmere\/"},"modified":"2026-02-11T18:33:04","modified_gmt":"2026-02-11T15:33:04","slug":"zestaw-szafka-pod-umywalke-z-blatem-60-cm-2-szuflady-dalia-cashmere","status":"publish","type":"product","link":"https:\/\/baldumarket.lt\/lt\/product\/zestaw-szafka-pod-umywalke-z-blatem-60-cm-2-szuflady-dalia-cashmere\/","title":{"rendered":"Praustuvo spintel\u0117s komplektas su stalvir\u0161iu 60 cm, 2 stal\u010diais, Dalia Cashmere"},"content":{"rendered":"<p>Praustuvo spintel\u0117s su stalvir\u0161iu komplektas 60 cm, 2 stal\u010diai Dalia Cashmere. Praustuvo spintel\u0117s su stalvir\u0161iu komplektas 60 cm Dalia Cashmere \u2013 tai eleganti\u0161kas ir funkcionalus sprendimas moderniam vonios kambariui. Minimalistiniai ka\u0161myro spalvos fasadai, erdv\u016bs stal\u010diai su \u0161velnaus u\u017edarymo sistema ir trys ranken\u0117li\u0173 variantai. Matmenys: Plotis (cm): 60 Gylis (cm): 46 Auk\u0161tis (cm): 50 Svoris (kg): 19,5 Techniniai duomenys: Komplekt\u0105 sudaro: Praustuvo spintel\u0117 2S 60 cm Dalia Cashmere, Vonios stalvir\u0161is 60 cm Dalia Cashmere Korpuso spalva: Matin\u0117 ka\u0161myro spalva Priekin\u0117s spalvos: Matin\u0117 ka\u0161myro spalva Ranken\u0117l\u0117s spalva: Blizgi auksin\u0117, blizgi chromo spalva, matin\u0117 juoda Stalvir\u0161io spalva: Matin\u0117 ka\u0161myro spalva Korpuso med\u017eiaga: Laminuota plok\u0161t\u0117 Priekin\u0117s med\u017eiagos: Laminuota plok\u0161t\u0117 Ranken\u0117l\u0117s med\u017eiaga: Metalas Stalvir\u0161io med\u017eiaga: Laminuota plok\u0161t\u0117 B\u0117geliai: \u0160velniai u\u017edaroma Stalvir\u0161is prid\u0117tas: Taip Tvirtinimo paketas \u012ftrauktas: Taip Surinkimas: Savaranki\u0161kas surinkimas. 60 cm Dalia Cashmere praustuvo spintel\u0117s ir stalvir\u0161io komplektas i\u0161 \u201eComad\u201c yra tobulas modernios estetikos, funkcionalumo ir kruop\u0161taus meistri\u0161kumo derinys. Minimalistinis dizainas traukia ak\u012f lygiais, subtilaus ka\u0161myro atspalvio fasadais, suteikian\u010diais jaukumo ir elegancijos bet kuriam vonios kambariui. \u0160is sprendimas suteikia ramyb\u0117s ir harmonijos bet kuriam vonios kambariui. Du erdv\u016bs stal\u010diai leid\u017eia patogiai laikyti visus svarbiausius j\u016bs\u0173 aksesuarus, padedant palaikyti kasdien\u0119 tvark\u0105. \u0160velnaus u\u017edarymo sistema padidina komfort\u0105, o tvirta laminuota plok\u0161t\u0117 u\u017etikrina patvarum\u0105 ir atsparum\u0105 kasdieniam d\u0117v\u0117jimuisi. Spintel\u0117s auk\u0161tis buvo kruop\u0161\u010diai suplanuotas, kad interjeras b\u016bt\u0173 lengvas ir modernus, kartu sudarant ergonomines s\u0105lygas kasdienei prie\u017ei\u016brai. Komplekt\u0105 papildo stilingas to paties ka\u0161myro atspalvio stalvir\u0161is, kuris harmoningai papildo spintel\u0119, sukurdamas darni\u0105 ir eleganti\u0161k\u0105 visum\u0105. Auk\u0161tos kokyb\u0117s apdaila ir lengvas valymas daro stalvir\u0161\u012f ne tik esteti\u0161kai patraukl\u0173, bet ir prakti\u0161k\u0105. Galimyb\u0117 reguliuoti sifono angos viet\u0105 suteikia lankst\u0173 praustuvo montavim\u0105, pritaikyt\u0105 individualiems naudotojo poreikiams. Komplekt\u0105 papildo trys skirting\u0173 spalv\u0173 \u2013 blizgaus aukso, blizgaus chromo ir matin\u0117s juodos \u2013 ranken\u0117li\u0173 rinkiniai, leid\u017eiantys visi\u0161kai suasmeninti bald\u0105 pagal individualius pageidavimus. D\u0117l to \u201eDalia Cashmere\u201c komplektas puikiai tinka \u012fvairiems interjero stiliams \u2013 nuo modernaus iki klasikinio. Tai pasi\u016blymas ie\u0161kantiems eleganti\u0161ko ir patvaraus vonios kambario sprendimo, neaukojant estetikos ir funkcionalumo.<\/p>","protected":false},"excerpt":{"rendered":"<p>Plotis (cm): 60<br \/>\n\u016agis (cm): 50<br \/>\nGylis (cm): 46<\/p>","protected":false},"featured_media":245993,"comment_status":"open","ping_status":"open","template":"","meta":[],"product_brand":[],"product_cat":[9117,2015,9183],"product_tag":[],"class_list":{"0":"post-245992","1":"product","2":"type-product","3":"status-publish","4":"has-post-thumbnail","6":"product_cat-bathroom","7":"product_cat-comad","8":"product_cat-bathroom-furniture-sets-comad","10":"first","11":"instock","12":"purchasable","13":"product-type-simple"},"_links":{"self":[{"href":"https:\/\/baldumarket.lt\/lt\/wp-json\/wp\/v2\/product\/245992","targetHints":{"allow":["GET"]}}],"collection":[{"href":"https:\/\/baldumarket.lt\/lt\/wp-json\/wp\/v2\/product"}],"about":[{"href":"https:\/\/baldumarket.lt\/lt\/wp-json\/wp\/v2\/types\/product"}],"replies":[{"embeddable":true,"href":"https:\/\/baldumarket.lt\/lt\/wp-json\/wp\/v2\/comments?post=245992"}],"wp:featuredmedia":[{"embeddable":true,"href":"https:\/\/baldumarket.lt\/lt\/wp-json\/wp\/v2\/media\/245993"}],"wp:attachment":[{"href":"https:\/\/baldumarket.lt\/lt\/wp-json\/wp\/v2\/media?parent=245992"}],"wp:term":[{"taxonomy":"product_brand","embeddable":true,"href":"https:\/\/baldumarket.lt\/lt\/wp-json\/wp\/v2\/product_brand?post=245992"},{"taxonomy":"product_cat","embeddable":true,"href":"https:\/\/baldumarket.lt\/lt\/wp-json\/wp\/v2\/product_cat?post=245992"},{"taxonomy":"product_tag","embeddable":true,"href":"https:\/\/baldumarket.lt\/lt\/wp-json\/wp\/v2\/product_tag?post=245992"}],"curies":[{"name":"wp","href":"https:\/\/api.w.org\/{rel}","templated":true}]}}