{"id":245988,"date":"2026-01-02T23:16:46","date_gmt":"2026-01-02T20:16:46","guid":{"rendered":"https:\/\/baldumarket.lt\/product\/zestaw-szafka-pod-umywalke-z-blatem-2-drzwiowa-60-cm-viva-cashmere-dab-coast-evoke\/"},"modified":"2026-02-11T18:33:05","modified_gmt":"2026-02-11T15:33:05","slug":"zestaw-szafka-pod-umywalke-z-blatem-2-drzwiowa-60-cm-viva-cashmere-dab-coast-evoke","status":"publish","type":"product","link":"https:\/\/baldumarket.lt\/lt\/product\/zestaw-szafka-pod-umywalke-z-blatem-2-drzwiowa-60-cm-viva-cashmere-dab-coast-evoke\/","title":{"rendered":"Dviej\u0173 dur\u0173 praustuvo spinteli\u0173 su stalvir\u0161iu komplektas, 60 cm, Viva Cashmere Oak, Coast Evoke"},"content":{"rendered":"<p>60 cm ilgio, dviej\u0173 dur\u0173 praustuvo spintel\u0117s su stalvir\u0161iu komplektas \u201eViva Cashmere Oak Coast Evoke\u201c. Dviej\u0173 dur\u0173 praustuvo spintel\u0117 su \u201eNova Oak\u201c stalvir\u0161iu derina matinio ka\u0161myro ir nat\u016bralaus \u201eCoast Evoke\u201c \u0105\u017euolo elegancij\u0105. Su trij\u0173 spalv\u0173 ranken\u0117l\u0117mis ir \u0161velnaus u\u017edarymo sistema, ji pasi\u017eymi stiliumi ir funkcionalumu, puikiai tinkan\u010diu bet kokiam vonios kambariui. Matmenys: Plotis (cm): 60 Gylis (cm): 40 Auk\u0161tis (cm): 57 Svoris (kg): 21 Techniniai duomenys: Komplekt\u0105 sudaro: 60 cm ilgio praustuvo spintel\u0117 \u201eViva Cashmere\u201c, 60 cm ilgio vonios stalvir\u0161is \u201eNOVA OAK\u201c; Korpuso spalva: Matinis ka\u0161myras; Priekin\u0117s spalvos: Matinis ka\u0161myras; Ranken\u0117l\u0117s spalva: Blizgi auksin\u0117, matin\u0117 juoda, blizgus chromas; Stalvir\u0161io spalva: \u201eCoast Evoke Oak\u201c; Korpuso med\u017eiaga: Laminuota plok\u0161t\u0117; Priekin\u0117 med\u017eiaga: MDF; Ranken\u0117l\u0117s med\u017eiaga: Plastikas; Stalvir\u0161io med\u017eiaga: Laminuota plok\u0161t\u0117; Vyriai: \u0160velniai u\u017esidaro; Praustuvas pridedamas: Ne; Stalvir\u0161is pridedamas: Taip; Tvirtinimo paketas yra komplekte: Taip; Surinkimas: Savaranki\u0161kas surinkimas. \u201eViva Cashmere Oak Coast Evoke\u201c 60 cm praustuvo spintel\u0117 su stalvir\u0161iu \u2013 puikus pasirinkimas tiems, kurie nori savo vonios kambariui suteikti elegancijos ir modernumo. Unikalus dizainas, pasi\u017eymintis sodria ka\u0161myro spalva ir \u0105\u017euoliniu stalvir\u0161iu, patraukia d\u0117mes\u012f i\u0161 pirmo \u017evilgsnio. Trima\u010diai, frezuoti, eglut\u0117s formos fasadai yra ne tik estetinis akcentas, bet ir ak\u012f traukiantys, sukuriantys prabangos poj\u016bt\u012f.<\/p>\n<p>\u0160io baldo funkcionalumas neatsiejamas nuo jo gro\u017eio. Dviej\u0173 dureli\u0173 dizainas suteikia daug vietos vonios kambario aksesuarams susid\u0117ti, tod\u0117l juos lengva tvarkingai laikyti. \u0160velnaus u\u017edarymo sistema u\u017etikrina itin patog\u0173 naudojim\u0105, panaikindama u\u017edarom\u0173 dureli\u0173 gars\u0105. Baldai pagaminti i\u0161 auk\u0161tos kokyb\u0117s med\u017eiag\u0173, toki\u0173 kaip MDF ir laminuota plok\u0161t\u0117, tod\u0117l jie yra patvar\u016bs ir funkcional\u016bs ilgus metus.<\/p>\n<p>\u0160i 40 cm gylio spintel\u0117 puikiai tinka ma\u017eiems vonios kambariams ir yra patogi naudoti. Minimalistinis stilius leid\u017eia jai der\u0117ti prie \u012fvairi\u0173 interjer\u0173, o derinant su \u201eNova Oak\u201c, \u201eNova White\u201c ir \u201eNova Cashmere\u201c kolekcijomis, galite suasmeninti savo vonios kambario erdv\u0119. Pasirink\u0119 trij\u0173 spalv\u0173 ranken\u0117les \u2013 blizgaus aukso, matin\u0117s juodos ir blizgaus chromo \u2013 galite lengvai priderinti bald\u0173 i\u0161vaizd\u0105 prie savo pageidavim\u0173 ir interjero nuotaikos.<\/p>\n<p>\u201eNova Oak\u201c vonios stalvir\u0161is, pagamintas i\u0161 laminuotos plok\u0161t\u0117s su \u201eCoast Evoke\u201c \u0105\u017euolo apdaila, suteikia j\u016bs\u0173 interjerui \u0161ilumos ir nat\u016bralumo. Tai puikus sprendimas tiems, kurie vertina kasdienio naudojimo paprastum\u0105, nes jo pavir\u0161i\u0173 lengva valyti ir pri\u017ei\u016br\u0117ti. D\u0117l kruop\u0161taus meistri\u0161kumo ir d\u0117mesio detal\u0117ms \u0161is baldas suteikia ilgalaik\u012f pasitenkinim\u0105 ir 2 met\u0173 garantij\u0105. Kartu su paprastu surinkimu \u0161i investicija tikrai suteiks jums daug d\u017eiaugsmo.<\/p>","protected":false},"excerpt":{"rendered":"<p>Plotis (cm): 60<br \/>\n\u016agis (cm): 57<br \/>\nGylis (cm): 40<\/p>","protected":false},"featured_media":245989,"comment_status":"open","ping_status":"open","template":"","meta":[],"product_brand":[],"product_cat":[9117,2015,9183],"product_tag":[],"class_list":{"0":"post-245988","1":"product","2":"type-product","3":"status-publish","4":"has-post-thumbnail","6":"product_cat-bathroom","7":"product_cat-comad","8":"product_cat-bathroom-furniture-sets-comad","10":"first","11":"instock","12":"purchasable","13":"product-type-simple"},"_links":{"self":[{"href":"https:\/\/baldumarket.lt\/lt\/wp-json\/wp\/v2\/product\/245988","targetHints":{"allow":["GET"]}}],"collection":[{"href":"https:\/\/baldumarket.lt\/lt\/wp-json\/wp\/v2\/product"}],"about":[{"href":"https:\/\/baldumarket.lt\/lt\/wp-json\/wp\/v2\/types\/product"}],"replies":[{"embeddable":true,"href":"https:\/\/baldumarket.lt\/lt\/wp-json\/wp\/v2\/comments?post=245988"}],"wp:featuredmedia":[{"embeddable":true,"href":"https:\/\/baldumarket.lt\/lt\/wp-json\/wp\/v2\/media\/245989"}],"wp:attachment":[{"href":"https:\/\/baldumarket.lt\/lt\/wp-json\/wp\/v2\/media?parent=245988"}],"wp:term":[{"taxonomy":"product_brand","embeddable":true,"href":"https:\/\/baldumarket.lt\/lt\/wp-json\/wp\/v2\/product_brand?post=245988"},{"taxonomy":"product_cat","embeddable":true,"href":"https:\/\/baldumarket.lt\/lt\/wp-json\/wp\/v2\/product_cat?post=245988"},{"taxonomy":"product_tag","embeddable":true,"href":"https:\/\/baldumarket.lt\/lt\/wp-json\/wp\/v2\/product_tag?post=245988"}],"curies":[{"name":"wp","href":"https:\/\/api.w.org\/{rel}","templated":true}]}}