{"id":245983,"date":"2026-01-02T23:16:44","date_gmt":"2026-01-02T20:16:44","guid":{"rendered":"https:\/\/baldumarket.lt\/product\/zestaw-szafka-pod-umywalke-z-blatem-2-drzwiowa-60-cm-viva-cashmere-bialy-mat\/"},"modified":"2026-02-11T18:33:05","modified_gmt":"2026-02-11T15:33:05","slug":"zestaw-szafka-pod-umywalke-z-blatem-2-drzwiowa-60-cm-viva-cashmere-bialy-mat","status":"publish","type":"product","link":"https:\/\/baldumarket.lt\/lt\/product\/zestaw-szafka-pod-umywalke-z-blatem-2-drzwiowa-60-cm-viva-cashmere-bialy-mat\/","title":{"rendered":"Dviej\u0173 dur\u0173 praustuvo spinteli\u0173 su stalvir\u0161iu komplektas, 60 cm, \u201eViva Cashmere White Matt\u201c"},"content":{"rendered":"<p>Dviej\u0173 dur\u0173 praustuvo spintel\u0117s su stalvir\u0161iu komplektas, 60 cm Viva Cashmere White Matte. Atraskite elegancij\u0105 su \u201eViva Cashmere\u201c kolekcijos praustuvo spintele! Dviej\u0173 dur\u0173 60 cm ilgio konstrukcija suteikia vietos daiktams susid\u0117ti, o stilingi, frezuoti \u201eeglut\u0117s kaulo\u201c ra\u0161to fasadai ir ranken\u0117l\u0117s trij\u0173 spalv\u0173 suteikia charakterio. Matmenys: Plotis (cm): 60 Gylis (cm): 40 Auk\u0161tis (cm): 57 Svoris (kg): 22,5 Techniniai duomenys: Komplekt\u0105 sudaro: Dviej\u0173 dur\u0173 praustuvo spintel\u0117 60 cm Viva Cashmere, vonios stalvir\u0161is 60 cm NOVA WHITE Korpuso spalva: Matin\u0117 ka\u0161myro spalva Priekin\u0117s spalvos: Matin\u0117 ka\u0161myro spalva Ranken\u0117l\u0117s spalva: Blizgi auksin\u0117, matin\u0117 juoda, blizgus chromas Stalvir\u0161io spalva: Matin\u0117 balta Korpuso med\u017eiaga: Laminuota plok\u0161t\u0117 Priekin\u0117 med\u017eiaga: MDF Ranken\u0117l\u0117s med\u017eiaga: Plastikas Stalvir\u0161io med\u017eiaga: MDF plok\u0161t\u0117 Vyriai: \u0160velniai u\u017esidarantis Praustuvas komplekte: Ne Stalvir\u0161is komplekte: Taip Surinkimo komplektas komplekte: Taip Surinkimas: Savaranki\u0161kas surinkimas. Atraskite stili\u0173 ir elegancij\u0105 su \u201eViva Cashmere\u201c kolekcijos spintele su stalvir\u0161iu. \u0160is ma\u017eas, bet rafinuotas 60 cm plo\u010dio baldas vonios kambariui suteikia prabangos atmosferos d\u0117l puikiai deran\u010di\u0173 matini\u0173 ka\u0161myro spalv\u0173 ir trima\u010di\u0173 frezuot\u0173 \u201esilk\u0117s kaulo\u201c ra\u0161to fasad\u0173. Subtilaus dizaino ir prakti\u0161kumo derinys paver\u010dia j\u012f puikiu pasirinkimu tiems, kurie nori sukurti unikali\u0105 erdv\u0119 savo vonios kambaryje.<\/p>\n<p>D\u0117l dviej\u0173 dureli\u0173 konstrukcijos spintel\u0117 si\u016blo daug vietos daiktams susid\u0117ti, tod\u0117l vonios kambaryje gal\u0117site palaikyti tvark\u0105, o kiekvienas aksesuaras tur\u0117s savo viet\u0105. \u0160velnaus u\u017edarymo dureli\u0173 sistema u\u017etikrina komfort\u0105 ir tyl\u0105 kasdien naudojantis. Tai idealus sprendimas minimalistiniam interjerui, kuriame svarbiausia ramyb\u0117 ir harmonija. Verta pamin\u0117ti, kad spintel\u0117 puikiai papildo moderni\u0173 vonios kambari\u0173 funkcionalum\u0105 ir estetik\u0105.<\/p>\n<p>Pagaminta i\u0161 patvari\u0173 med\u017eiag\u0173, toki\u0173 kaip auk\u0161tos kokyb\u0117s MDF ir laminuota plok\u0161t\u0117, spintel\u0117 garantuoja ilgaam\u017ei\u0161kum\u0105. Ergonomi\u0161kas 40 cm gylis puikiai tinka ma\u017eesn\u0117ms erdv\u0117ms neprarandant funkcionalumo ar stiliaus. Be to, pridedamos trij\u0173 spalv\u0173 \u2013 blizgaus aukso, chromo ir matin\u0117s juodos \u2013 ranken\u0117l\u0117s leid\u017eia pritaikyti spintel\u0119 prie likusio interjero, taip i\u0161reik\u0161dami savo unikal\u0173 stili\u0173.<\/p>\n<p>Pasirinkdami \u201eViva Cashmere\u201c praustuvo spintel\u0119, investuojate ne tik \u012f gro\u017e\u012f, bet ir \u012f kokyb\u0119. Ai\u0161kus dizainas ir d\u0117mesys detal\u0117ms u\u017etikrina, kad kiekvienas \u0161io baldo elementas buvo sukurtas galvojant apie naudotojus. Be to, gaminiui suteikiama 2 met\u0173 garantija, patvirtinanti jo patvarum\u0105 ir naudotoj\u0173 pasitenkinim\u0105. Spintel\u0117 pristatoma plok\u0161\u010dia pakuot\u0117, tod\u0117l j\u0105 galima surinkti patiems, tod\u0117l tai prakti\u0161kas sprendimas visiems, vertinantiems funkcionalius baldus patrauklaus dizaino.<\/p>","protected":false},"excerpt":{"rendered":"<p>Plotis (cm): 60<br \/>\n\u016agis (cm): 57<br \/>\nGylis (cm): 40<\/p>","protected":false},"featured_media":245984,"comment_status":"open","ping_status":"open","template":"","meta":[],"product_brand":[],"product_cat":[9117,2015,9183],"product_tag":[],"class_list":{"0":"post-245983","1":"product","2":"type-product","3":"status-publish","4":"has-post-thumbnail","6":"product_cat-bathroom","7":"product_cat-comad","8":"product_cat-bathroom-furniture-sets-comad","10":"first","11":"instock","12":"purchasable","13":"product-type-simple"},"_links":{"self":[{"href":"https:\/\/baldumarket.lt\/lt\/wp-json\/wp\/v2\/product\/245983","targetHints":{"allow":["GET"]}}],"collection":[{"href":"https:\/\/baldumarket.lt\/lt\/wp-json\/wp\/v2\/product"}],"about":[{"href":"https:\/\/baldumarket.lt\/lt\/wp-json\/wp\/v2\/types\/product"}],"replies":[{"embeddable":true,"href":"https:\/\/baldumarket.lt\/lt\/wp-json\/wp\/v2\/comments?post=245983"}],"wp:featuredmedia":[{"embeddable":true,"href":"https:\/\/baldumarket.lt\/lt\/wp-json\/wp\/v2\/media\/245984"}],"wp:attachment":[{"href":"https:\/\/baldumarket.lt\/lt\/wp-json\/wp\/v2\/media?parent=245983"}],"wp:term":[{"taxonomy":"product_brand","embeddable":true,"href":"https:\/\/baldumarket.lt\/lt\/wp-json\/wp\/v2\/product_brand?post=245983"},{"taxonomy":"product_cat","embeddable":true,"href":"https:\/\/baldumarket.lt\/lt\/wp-json\/wp\/v2\/product_cat?post=245983"},{"taxonomy":"product_tag","embeddable":true,"href":"https:\/\/baldumarket.lt\/lt\/wp-json\/wp\/v2\/product_tag?post=245983"}],"curies":[{"name":"wp","href":"https:\/\/api.w.org\/{rel}","templated":true}]}}