{"id":245978,"date":"2026-01-02T23:16:42","date_gmt":"2026-01-02T20:16:42","guid":{"rendered":"https:\/\/baldumarket.lt\/product\/zestaw-szafka-pod-umywalke-z-blatem-2-drzwiowa-60-cm-viva-cashmere\/"},"modified":"2026-02-11T18:33:05","modified_gmt":"2026-02-11T15:33:05","slug":"zestaw-szafka-pod-umywalke-z-blatem-2-drzwiowa-60-cm-viva-cashmere","status":"publish","type":"product","link":"https:\/\/baldumarket.lt\/lt\/product\/zestaw-szafka-pod-umywalke-z-blatem-2-drzwiowa-60-cm-viva-cashmere\/","title":{"rendered":"Dviej\u0173 dur\u0173 praustuvo spinteli\u0173 su stalvir\u0161iu komplektas, 60 cm, Viva Cashmere"},"content":{"rendered":"<p>60 cm \u201eViva Cashmere\u201c praustuvo spintel\u0117s komplektas su stalvir\u0161iu. 60 cm \u201eViva Cashmere\u201c praustuvo spintel\u0117s komplektas \u2013 tai elegancijos ir funkcionalumo derinys. Trima\u010diai frezuoti \u201eeglut\u0117s\u201c ra\u0161to ka\u0161myro spalvos fasadai ir ranken\u0117li\u0173 pasirinkimas puikiai dera prie bet kokio interjero. Matmenys: Plotis (cm): 60 Gylis (cm): 40 Auk\u0161tis (cm): 57 Svoris (kg): 22,5 Techniniai duomenys: Komplekt\u0105 sudaro: 60 cm \u201eViva Cashmere\u201c praustuvo spintel\u0117, 60 cm \u201eNOVA CASHMERE\u201c vonios stalvir\u0161is. Korpuso spalva: matin\u0117 ka\u0161myro spalva; Priekin\u0117s spalvos: matin\u0117 ka\u0161myro spalva; Stalvir\u0161io spalva: matin\u0117 ka\u0161myro spalva; Ranken\u0117l\u0117s spalva: blizgi auksin\u0117, matin\u0117 juoda, blizgus chromas; Korpuso med\u017eiaga: laminuota plok\u0161t\u0117; Priekin\u0117s med\u017eiagos: MDF; Stalvir\u0161io med\u017eiaga: MDF plok\u0161t\u0117; Ranken\u0117l\u0117s med\u017eiaga: plastikas; Vyriai: \u0161velnus u\u017edarymas; Praustuvas \u012fskai\u010diuotas: ne; Stalvir\u0161is \u012fskai\u010diuotas: taip; Surinkimo komplektas \u012fskai\u010diuotas: taip; Surinkimas: savaranki\u0161kas surinkimas. Su \u201eComad\u201c \u201eViva Cashmere\u201c dviej\u0173 dur\u0173 praustuvo spintel\u0117s su stalvir\u0161iu komplektu, 60 cm, suteikite savo vonios kambariui nauj\u0105 kokyb\u0117s lyg\u012f. \u0160is unikalus baldas yra elegancijos ir sant\u016braus stiliaus \u012fsik\u016bnijimas, puikiai tinkantis moderniam interjerui. Trima\u010diai \u201esilk\u0117s kaulo\u201c ra\u0161to fasadai traukia ak\u012f, o subtili ka\u0161myro spalva suteikia erdvei saldumo ir subtilumo. Pritraukite d\u0117mes\u012f savo nauju interjeru ir sukurkite atsipalaidavimui palanki\u0105 atmosfer\u0105.<\/p>\n<p>Dviej\u0173 dureli\u0173 spintel\u0117s dizainas suteikia daug vietos daiktams susid\u0117ti, tod\u0117l galite patogiai susitvarkyti visus vonios kambario aksesuarus. D\u0117l plono 40 cm gylio ji tilps net ir \u012f reikliausias erdves neprarandant funkcionalumo. Be to, novatori\u0161ka \u0161velnaus u\u017edarymo dureli\u0173 sistema spintel\u0117s naudojim\u0105 paver\u010dia malonumu, o ne kasdiene rutina.<\/p>\n<p>Verta pabr\u0117\u017eti auk\u0161\u010diausios kokyb\u0117s naudojamas med\u017eiagas, tokias kaip MDF ir laminuota plok\u0161t\u0117, kurios u\u017etikrina ne tik estetin\u012f patrauklum\u0105, bet ir ilgaam\u017ei\u0161kum\u0105. Kiekvienas komplekto elementas buvo kruop\u0161\u010diai apgalvotas, tod\u0117l sukurtas unikalus stiliaus ir funkcionalumo derinys. D\u0117l papildom\u0173 galimybi\u0173 su kitomis kolekcijomis, tokiomis kaip \u201eNova Oak\u201c, \u201eNova White\u201c ir \u201eNova Cashmere\u201c, turite visi\u0161k\u0105 laisv\u0119 kurdami darn\u0173 vonios kambario dizain\u0105.<\/p>\n<p>60 cm ilgio \u201eNova Cashmere\u201c kolekcijos stalvir\u0161is sukuria harmoning\u0105 visum\u0105 su spintele, o minimalistinis ka\u0161myro atspalvio dizainas puikiai papildo bendr\u0105 dizain\u0105. Galima \u012fsigyti kaip komplekt\u0105, tod\u0117l jis garantuoja patvarum\u0105 ir lengv\u0105 valym\u0105, o tai labai svarbu kasdieniam naudojimui. U\u017etikrinkite savo vonios kambario estetik\u0105 ir funkcionalum\u0105 pasirinkdami gamin\u012f, kuris u\u017etikrins ilgalaik\u012f pasitenkinim\u0105 ir komfort\u0105, kur\u012f patvirtina 2 met\u0173 garantija.<\/p>","protected":false},"excerpt":{"rendered":"<p>Plotis (cm): 60<br \/>\n\u016agis (cm): 57<br \/>\nGylis (cm): 40<\/p>","protected":false},"featured_media":245979,"comment_status":"open","ping_status":"open","template":"","meta":[],"product_brand":[],"product_cat":[9117,2015,9183],"product_tag":[],"class_list":{"0":"post-245978","1":"product","2":"type-product","3":"status-publish","4":"has-post-thumbnail","6":"product_cat-bathroom","7":"product_cat-comad","8":"product_cat-bathroom-furniture-sets-comad","10":"first","11":"instock","12":"purchasable","13":"product-type-simple"},"_links":{"self":[{"href":"https:\/\/baldumarket.lt\/lt\/wp-json\/wp\/v2\/product\/245978","targetHints":{"allow":["GET"]}}],"collection":[{"href":"https:\/\/baldumarket.lt\/lt\/wp-json\/wp\/v2\/product"}],"about":[{"href":"https:\/\/baldumarket.lt\/lt\/wp-json\/wp\/v2\/types\/product"}],"replies":[{"embeddable":true,"href":"https:\/\/baldumarket.lt\/lt\/wp-json\/wp\/v2\/comments?post=245978"}],"wp:featuredmedia":[{"embeddable":true,"href":"https:\/\/baldumarket.lt\/lt\/wp-json\/wp\/v2\/media\/245979"}],"wp:attachment":[{"href":"https:\/\/baldumarket.lt\/lt\/wp-json\/wp\/v2\/media?parent=245978"}],"wp:term":[{"taxonomy":"product_brand","embeddable":true,"href":"https:\/\/baldumarket.lt\/lt\/wp-json\/wp\/v2\/product_brand?post=245978"},{"taxonomy":"product_cat","embeddable":true,"href":"https:\/\/baldumarket.lt\/lt\/wp-json\/wp\/v2\/product_cat?post=245978"},{"taxonomy":"product_tag","embeddable":true,"href":"https:\/\/baldumarket.lt\/lt\/wp-json\/wp\/v2\/product_tag?post=245978"}],"curies":[{"name":"wp","href":"https:\/\/api.w.org\/{rel}","templated":true}]}}