{"id":245975,"date":"2026-01-02T23:16:41","date_gmt":"2026-01-02T20:16:41","guid":{"rendered":"https:\/\/baldumarket.lt\/product\/zestaw-szafka-pod-umywalke-z-blatem-2-szuflady-60-cm-viva-cashmere-dab-coast-evoke\/"},"modified":"2026-02-11T18:33:05","modified_gmt":"2026-02-11T15:33:05","slug":"zestaw-szafka-pod-umywalke-z-blatem-2-szuflady-60-cm-viva-cashmere-dab-coast-evoke","status":"publish","type":"product","link":"https:\/\/baldumarket.lt\/lt\/product\/zestaw-szafka-pod-umywalke-z-blatem-2-szuflady-60-cm-viva-cashmere-dab-coast-evoke\/","title":{"rendered":"\u201eViva Cashmere Coast Evoke\u201c \u0105\u017euolo spalvos praustuvo spintel\u0117 su stalvir\u0161iu ir 2 stal\u010diais, 60 cm"},"content":{"rendered":"<p>\u201cViva Cashmere Coast Evoke\u201d praustuvo spintel\u0117 su stalvir\u0161iu ir 2 stal\u010diais, 60 cm. Atraskite elegancij\u0105 su \u201eViva Cashmere\u201c praustuvo spinteli\u0173 komplektu! Subtil\u016bs, frezuoti \u201eeglut\u0117s kaulo\u201c ra\u0161to fasadai, 2 erdv\u016bs stal\u010diai su \u0161velnaus u\u017edarymo sistema ir \u201eCoast Evoke\u201c \u0105\u017euolo stalvir\u0161is leid\u017eia \u0161iam baldui derinti stili\u0173 ir funkcionalum\u0105. Matmenys: Plotis (cm): 60 Gylis (cm): 40 Auk\u0161tis (cm): 57 Svoris (kg): 26 Techniniai duomenys: Komplekt\u0105 sudaro: Praustuvo spintel\u0117 su 2 stal\u010diais, 60 cm \u201eViva Cashmere\u201c, vonios kambario stalvir\u0161is, 60 cm \u201eNOVA OAK\u201c Korpuso spalva: Matinis ka\u0161myras; Priekin\u0117 spalva: Matinis ka\u0161myras; Ranken\u0117l\u0117s spalva: Blizgi auksin\u0117, matin\u0117 juoda, blizgus chromas; Vir\u0161utin\u0117 spalva: \u201eCoast Evoke Oak\u201c; Korpuso med\u017eiaga: laminuota plok\u0161t\u0117; Priekin\u0117 med\u017eiaga: MDF; Ranken\u0117l\u0117s med\u017eiaga: Plastikas; Vir\u0161utin\u0117 med\u017eiaga: Laminuota plok\u0161t\u0117; Stal\u010di\u0173 b\u0117geliai: Tylus u\u017edarymas: Praustuvas pridedamas: Ne; Stalvir\u0161is pridedamas: Taip; Surinkimo rinkinys pridedamas: Taip; Surinkimas: Savaranki\u0161kas surinkimas. Atraskite elegancij\u0105 ir funkcionalum\u0105 su naujuoju \u201eViva Cashmere Oak Coast Evoke\u201c praustuvo spintel\u0117s su stalvir\u0161iu, 2 stal\u010diais, 60 cm\u201c komplektu. \u0160is unikalus baldas \u2013 puikus sprendimas tiems, kurie nori savo vonios kambariui suteikti modernumo ir subtilios prabangos. Subtili ka\u0161myro spalva ir trima\u010diai, frezuoti \u201esilk\u0117s kaulo\u201c ra\u0161to fasadai suteikia interjerui charakterio ir rafinuotumo, tod\u0117l \u0161is baldas taps bet kurio vonios kambario traukos centru.<\/p>\n<p>Spintel\u0117s apgalvotas dizainas apima du erdvius stal\u010dius, kuriuose lengvai sutalpinsite visus b\u016btiniausius vonios kambario aksesuarus. Tod\u0117l \u0161io baldo \u012fsigijimas yra puikus \u017eingsnis siekiant palaikyti nepriekai\u0161ting\u0105 tvark\u0105 j\u016bs\u0173 vonios kambaryje. \u0160velniai u\u017esidaranti stal\u010di\u0173 sistema padidina komfort\u0105, o tvirtos med\u017eiagos u\u017etikrina jos patvarum\u0105 ilgus metus. Puiki apdaila u\u017etikrins, kad \u0161is baldas tikrai atlaikys laiko i\u0161bandym\u0105.<\/p>\n<p>Asortimente taip pat yra ranken\u0117li\u0173, kurias galima \u012fsigyti trij\u0173 spalv\u0173: blizgaus aukso, blizgaus chromo ir matin\u0117s juodos. Tai leid\u017eia lengvai suasmeninti spintel\u0117s i\u0161vaizd\u0105 ir u\u017etikrinti, kad ji harmoningai der\u0117t\u0173 prie likusio vonios kambario interjero. Spintel\u0117s gylis yra vos 40 cm, tod\u0117l ji puikiai tinka ma\u017eesn\u0117ms erdv\u0117ms, kur svarbus kiekvienas centimetras.<\/p>\n<p>\u201eCoast Evoke\u201c \u0105\u017euolinis stalvir\u0161is puikiai dera su likusia komplekto dalimi, sukurdamas \u0161ilt\u0105, nat\u016bral\u0173 akcent\u0105 j\u016bs\u0173 interjere. Lengvai pri\u017ei\u016brimas stalvir\u0161is puikiai tinka kasdieniam naudojimui. Kruop\u0161tus meistri\u0161kumas u\u017etikrina, kad kiekviena detal\u0117 d\u017eiugins ak\u012f ilgus metus. Nepamir\u0161kite, kad kiekvienam pirkiniui suteikiama 2 met\u0173 garantija, suteikianti papildomos ramyb\u0117s perkant.<\/p>\n<p>Si\u016blydamas tok\u012f unikal\u0173 komplekt\u0105, \u201eComad\u201c suteikia visk\u0105, ko reikia stilingam ir funkcionaliam vonios kambariui sukurti. D\u0117mesys detal\u0117ms ir kokybi\u0161kas meistri\u0161kumas ne tik pagerins j\u016bs\u0173 erdv\u0117s i\u0161vaizd\u0105, bet ir suteiks kasdienio patogumo. Pasirinkite \u201eViva Cashmere\u201c spintel\u0119 ir susikurkite savo svajoni\u0173 vonios kambar\u012f, kupin\u0105 klas\u0117s ir funkcionalumo!<\/p>","protected":false},"excerpt":{"rendered":"<p>Plotis (cm): 60<br \/>\n\u016agis (cm): 57<br \/>\nGylis (cm): 40<\/p>","protected":false},"featured_media":245976,"comment_status":"open","ping_status":"open","template":"","meta":[],"product_brand":[],"product_cat":[9117,2015,9183],"product_tag":[],"class_list":{"0":"post-245975","1":"product","2":"type-product","3":"status-publish","4":"has-post-thumbnail","6":"product_cat-bathroom","7":"product_cat-comad","8":"product_cat-bathroom-furniture-sets-comad","10":"first","11":"instock","12":"purchasable","13":"product-type-simple"},"_links":{"self":[{"href":"https:\/\/baldumarket.lt\/lt\/wp-json\/wp\/v2\/product\/245975","targetHints":{"allow":["GET"]}}],"collection":[{"href":"https:\/\/baldumarket.lt\/lt\/wp-json\/wp\/v2\/product"}],"about":[{"href":"https:\/\/baldumarket.lt\/lt\/wp-json\/wp\/v2\/types\/product"}],"replies":[{"embeddable":true,"href":"https:\/\/baldumarket.lt\/lt\/wp-json\/wp\/v2\/comments?post=245975"}],"wp:featuredmedia":[{"embeddable":true,"href":"https:\/\/baldumarket.lt\/lt\/wp-json\/wp\/v2\/media\/245976"}],"wp:attachment":[{"href":"https:\/\/baldumarket.lt\/lt\/wp-json\/wp\/v2\/media?parent=245975"}],"wp:term":[{"taxonomy":"product_brand","embeddable":true,"href":"https:\/\/baldumarket.lt\/lt\/wp-json\/wp\/v2\/product_brand?post=245975"},{"taxonomy":"product_cat","embeddable":true,"href":"https:\/\/baldumarket.lt\/lt\/wp-json\/wp\/v2\/product_cat?post=245975"},{"taxonomy":"product_tag","embeddable":true,"href":"https:\/\/baldumarket.lt\/lt\/wp-json\/wp\/v2\/product_tag?post=245975"}],"curies":[{"name":"wp","href":"https:\/\/api.w.org\/{rel}","templated":true}]}}