{"id":245970,"date":"2026-01-02T23:16:38","date_gmt":"2026-01-02T20:16:38","guid":{"rendered":"https:\/\/baldumarket.lt\/product\/zestaw-szafka-pod-umywalke-z-blatem-2-szuflady-60-cm-viva-cashmere-bialy-mat\/"},"modified":"2026-02-11T18:33:05","modified_gmt":"2026-02-11T15:33:05","slug":"zestaw-szafka-pod-umywalke-z-blatem-2-szuflady-60-cm-viva-cashmere-bialy-mat","status":"publish","type":"product","link":"https:\/\/baldumarket.lt\/lt\/product\/zestaw-szafka-pod-umywalke-z-blatem-2-szuflady-60-cm-viva-cashmere-bialy-mat\/","title":{"rendered":"Praustuvo spintel\u0117s su stalvir\u0161iu komplektas, 2 stal\u010diai, 60 cm, Viva Cashmere, matin\u0117 balta"},"content":{"rendered":"<p>Praustuvo spintel\u0117s su stalvir\u0161iu, 2 stal\u010diais, 60 cm, \u201eViva Cashmere\u201c, matin\u0117s baltos spalvos komplektas. \u201eViva Cashmere\u201c kolekcijos praustuvo spintel\u0117s komplektas \u2013 tai elegancijos ir funkcionalumo derinys. Du stal\u010diai su \u0161velniu u\u017edarymu, trima\u010diais \u201eeglut\u0117s\u201c ra\u0161to fasadais ir pla\u010dia ranken\u0117li\u0173 spalv\u0173 gama leid\u017eia kurti individual\u0173 interjer\u0105. Matmenys: Plotis (cm): 60 Gylis (cm): 40 Auk\u0161tis (cm): 57 Svoris (kg): 27,5 Techniniai duomenys: Komplekt\u0105 sudaro: Praustuvo spintel\u0117 su 2 stal\u010diais 60 cm \u201eViva Cashmere\u201c, vonios stalvir\u0161is 60 cm \u201eNOVA WHITE\u201c Korpuso spalva: matin\u0117 ka\u0161myro spalva Priekin\u0117s spalvos: matin\u0117 ka\u0161myro spalva Ranken\u0117l\u0117s spalva: blizgi auksin\u0117, matin\u0117 juoda, blizgus chromas Stalvir\u0161io spalva: matin\u0117 balta Korpuso med\u017eiaga: laminuota plok\u0161t\u0117 Priekin\u0117 med\u017eiaga: MDF Stalvir\u0161io med\u017eiaga: MDF plok\u0161t\u0117 Ranken\u0117l\u0117s med\u017eiaga: plastikas Praustuvas komplekte: ne Stal\u010di\u0173 b\u0117geliai: \u0161velnus u\u017edarymas Stalvir\u0161is komplekte: taip Surinkimo rinkinys komplekte: taip Surinkimas: savaranki\u0161kas surinkimas. \u201eViva Cashmere Matte White\u201c praustuvo spintel\u0117 su stalvir\u0161iu, 2 stal\u010diais, 60 cm, yra tobulas elegancijos ir funkcionalumo derinys, suteikiantis bet kokiam vonios kambariui unikal\u0173 stili\u0173. Apdaila prislopinta matine ka\u0161myro spalva, spintel\u0117 tampa subtiliu, ta\u010diau i\u0161rai\u0161kingu akcentu. Spalv\u0173 sodrumas ir trima\u010diai, frezuoti, eglut\u0117s formos fasadai traukia ak\u012f ir suteikia \u017eavesio, suteikdami j\u016bs\u0173 vonios kambariui eleganti\u0161k\u0105 ir modern\u0173 poj\u016bt\u012f.<\/p>\n<p>Detali\u0173 ir pritaikymo galimybi\u0173 gausa \u012fsp\u016bdinga. Komplekte yra ranken\u0117l\u0117s trij\u0173 patraukli\u0173 spalv\u0173: blizgaus aukso, blizgaus chromo ir matin\u0117s juodos. \u0160is pasirinkimas leid\u017eia individualiai priderinti spintel\u0119 prie viso interjero stiliaus, tod\u0117l ji puikiai papildys tiek modern\u0173, tiek klasikin\u012f interjer\u0105.<\/p>\n<p>\u0160ios praustuvo spintel\u0117s funkcionalumas yra jos i\u0161skirtin\u0117 savyb\u0117. Du erdv\u016bs stal\u010diai suteikia daug vietos ir lengv\u0105 prieig\u0105 prie vis\u0173 b\u016btiniausi\u0173 vonios kambario aksesuar\u0173, tod\u0117l lengviau palaikyti tvark\u0105 erdv\u0117je. \u0160velnaus u\u017edarymo sistema u\u017etikrina kasdien\u012f komfort\u0105, pa\u0161alindama nemalonius u\u017edarymo garsus.<\/p>\n<p>Pagaminta i\u0161 auk\u0161tos kokyb\u0117s med\u017eiag\u0173, toki\u0173 kaip MDF ir laminuota plok\u0161t\u0117, \u201eViva Cashmere\u201c spintel\u0117 garantuoja ne tik estetik\u0105, bet ir patvarum\u0105, tod\u0117l tai ilgalaik\u0117 investicija. Ergonomi\u0161kas 40 cm gylis taupo viet\u0105, o tai ypa\u010d svarbu ma\u017eesniuose vonios kambariuose, tuo pa\u010diu u\u017etikrinant puik\u0173 komfort\u0105.<\/p>\n<p>Prid\u0117j\u0119 visas \u0161ias savybes ir dvej\u0173 met\u0173 garantij\u0105, galite b\u016bti tikri, kad pasirink\u0119 \u201eViva Cashmere\u201c dviej\u0173 stal\u010di\u0173 praustuvo komplekt\u0105 su stalvir\u0161iu (60 cm), investuojate \u012f bald\u0105, kuris ne tik atitiks j\u016bs\u0173 estetinius l\u016bkes\u010dius, bet ir bus prakti\u0161kas. Puikus suderinamumas su \u201eNova Oak\u201c, \u201eNova White\u201c ir \u201eNova Cashmere\u201c kolekcijomis rei\u0161kia, kad galite kurti unikalius dizainus, pritaikytus j\u016bs\u0173 pageidavimams. I\u0161 naujo atraskite savo vonios kambario dizaino galimybes su \u0161iuo unikaliu komplektu!<\/p>","protected":false},"excerpt":{"rendered":"<p>Plotis (cm): 60<br \/>\n\u016agis (cm): 57<br \/>\nGylis (cm): 40<\/p>","protected":false},"featured_media":245971,"comment_status":"open","ping_status":"open","template":"","meta":[],"product_brand":[],"product_cat":[9117,2015,9183],"product_tag":[],"class_list":{"0":"post-245970","1":"product","2":"type-product","3":"status-publish","4":"has-post-thumbnail","6":"product_cat-bathroom","7":"product_cat-comad","8":"product_cat-bathroom-furniture-sets-comad","10":"first","11":"instock","12":"purchasable","13":"product-type-simple"},"_links":{"self":[{"href":"https:\/\/baldumarket.lt\/lt\/wp-json\/wp\/v2\/product\/245970","targetHints":{"allow":["GET"]}}],"collection":[{"href":"https:\/\/baldumarket.lt\/lt\/wp-json\/wp\/v2\/product"}],"about":[{"href":"https:\/\/baldumarket.lt\/lt\/wp-json\/wp\/v2\/types\/product"}],"replies":[{"embeddable":true,"href":"https:\/\/baldumarket.lt\/lt\/wp-json\/wp\/v2\/comments?post=245970"}],"wp:featuredmedia":[{"embeddable":true,"href":"https:\/\/baldumarket.lt\/lt\/wp-json\/wp\/v2\/media\/245971"}],"wp:attachment":[{"href":"https:\/\/baldumarket.lt\/lt\/wp-json\/wp\/v2\/media?parent=245970"}],"wp:term":[{"taxonomy":"product_brand","embeddable":true,"href":"https:\/\/baldumarket.lt\/lt\/wp-json\/wp\/v2\/product_brand?post=245970"},{"taxonomy":"product_cat","embeddable":true,"href":"https:\/\/baldumarket.lt\/lt\/wp-json\/wp\/v2\/product_cat?post=245970"},{"taxonomy":"product_tag","embeddable":true,"href":"https:\/\/baldumarket.lt\/lt\/wp-json\/wp\/v2\/product_tag?post=245970"}],"curies":[{"name":"wp","href":"https:\/\/api.w.org\/{rel}","templated":true}]}}