{"id":245966,"date":"2026-01-02T23:16:34","date_gmt":"2026-01-02T20:16:34","guid":{"rendered":"https:\/\/baldumarket.lt\/product\/zestaw-szafka-pod-umywalke-z-blatem-2-szuflady-60-cm-viva-cashmere\/"},"modified":"2026-02-11T18:33:05","modified_gmt":"2026-02-11T15:33:05","slug":"zestaw-szafka-pod-umywalke-z-blatem-2-szuflady-60-cm-viva-cashmere","status":"publish","type":"product","link":"https:\/\/baldumarket.lt\/lt\/product\/zestaw-szafka-pod-umywalke-z-blatem-2-szuflady-60-cm-viva-cashmere\/","title":{"rendered":"Praustuvo spintel\u0117s su stalvir\u0161iu ir 2 stal\u010diais komplektas, 60 cm, Viva Cashmere"},"content":{"rendered":"<p>Praustuvo spintel\u0117s su stalvir\u0161iu, 2 stal\u010diais, 60 cm, \u201eViva Cashmere\u201c. 60 cm \u201eViva Cashmere\u201c praustuvo spintel\u0117 su frezuoto \u201eeglut\u0117s\u201c ra\u0161to priekiais pasi\u017eymi eleganti\u0161ku stiliumi ir funkcionalumu. Du stal\u010diai su \u0161velniu u\u017edarymu ir skirtingomis ranken\u0117l\u0117mis leid\u017eia suasmeninti bald\u0105, idealiai tinka vonios kambariui. Matmenys: Plotis (cm): 60 Gylis (cm): 40 Auk\u0161tis (cm): 57 Svoris (kg): 27,5 Techniniai duomenys: Komplekt\u0105 sudaro: Praustuvo spintel\u0117 su 2 stal\u010diais, 60 cm \u201eViva Cashmere\u201c, vonios stalvir\u0161is, 60 cm \u201eNOVA CASHMERE\u201c. Korpuso spalva: matin\u0117 ka\u0161myro spalva; Priekin\u0117 spalva: matin\u0117 ka\u0161myro spalva; Ranken\u0117l\u0117s spalva: blizgi auksin\u0117, matin\u0117 juoda, blizgi chromo spalva; Stalvir\u0161io spalva: matin\u0117 ka\u0161myro spalva; Korpuso med\u017eiaga: laminuota plok\u0161t\u0117; Priekin\u0117 med\u017eiaga: MDF; Ranken\u0117l\u0117s med\u017eiaga: plastikas; Stalvir\u0161io med\u017eiaga: MDF plok\u0161t\u0117; Stal\u010di\u0173 b\u0117geliai: \u0161velnus u\u017edarymas; Praustuvas komplekte: ne; Stalvir\u0161is komplekte: taip; Tvirtinimo paketas komplekte: taip. Surinkimas: savaranki\u0161kas surinkimas. Atraskite elegancij\u0105 ir funkcionalum\u0105 su \u201eViva Cashmere\u201c praustuvo spintele su stalvir\u0161iu, 2 stal\u010diais, 60 cm, i\u0161 \u201eComad\u201c. \u0160is unikalus baldas \u2013 tobulas stiliaus ir prakti\u0161kumo derinys, transformuojantis j\u016bs\u0173 vonios kambar\u012f ir suteikiantis jam modernumo. Tams\u016bs ka\u0161myro atspalviai korpuse ir matin\u0117s tekst\u016bros fasadai sukuria subtil\u0173, ta\u010diau intriguojant\u012f akcent\u0105, suteikiant\u012f erdvei rafinuot\u0105 charakter\u012f.<\/p>\n<p>D\u0117l esteti\u0161kos apdailos ir minimalistinio dizaino \u0161is praustuvas bet kuriame kambaryje sukuria jaukumo ir harmoningumo poj\u016bt\u012f. Ranken\u0117li\u0173 pasirinkimas su trij\u0173 spalv\u0173 apdaila \u2013 blizgiu auksu, matine juoda ir blizgiu chromu \u2013 leid\u017eia sukurti suasmenint\u0105 i\u0161vaizd\u0105, idealiai tinkant\u012f tiems, kurie nori pritaikyti spintel\u0119 prie savo interjero dizaino vizijos. Kartu su kitais \u201eNova\u201c kolekcijos gaminiais sukursite darni\u0105 ir eleganti\u0161k\u0105 atmosfer\u0105 savo vonios kambaryje.<\/p>\n<p>Komplekte yra du erdv\u016bs stal\u010diai, kurie pad\u0117s tvarkingai laikyti vonios kambario aksesuarus. \u0160velnaus u\u017edarymo sistema leid\u017eia patogiau naudotis stal\u010diais, pa\u0161alina triuk\u0161m\u0105 ir suteikia prabangos kasdienei veiklai. Auk\u0161tos kokyb\u0117s med\u017eiag\u0173, toki\u0173 kaip MDF ir laminatas, naudojimas u\u017etikrina ne tik patvarum\u0105, bet ir estetik\u0105, kurios tikit\u0117s i\u0161 vonios bald\u0173.<\/p>\n<p>D\u0117l kompakti\u0161k\u0173 40 cm gylio spintel\u0117s matmen\u0173 ji puikiai tinka ma\u017eesn\u0117ms erdv\u0117ms neprarandant funkcionalumo. Verta pamin\u0117ti, kad surinkimas yra ne\u012ftik\u0117tinai paprastas d\u0117ka pridedamo surinkimo rinkinio. Kai viskas bus savo vietose, gal\u0117site m\u0117gautis nauja gyvenimo kokybe savo vonios kambaryje. \u201eComad\u201c, atsi\u017evelgdama \u012f detales, si\u016blo 2 met\u0173 garantij\u0105, dar labiau patvirtindama auk\u0161t\u0105 gamybos kokyb\u0119 ir naudotoj\u0173 pasitenkinim\u0105.<\/p>","protected":false},"excerpt":{"rendered":"<p>Plotis (cm): 60<br \/>\n\u016agis (cm): 57<br \/>\nGylis (cm): 40<\/p>","protected":false},"featured_media":245967,"comment_status":"open","ping_status":"open","template":"","meta":[],"product_brand":[],"product_cat":[9117,2015,9183],"product_tag":[],"class_list":{"0":"post-245966","1":"product","2":"type-product","3":"status-publish","4":"has-post-thumbnail","6":"product_cat-bathroom","7":"product_cat-comad","8":"product_cat-bathroom-furniture-sets-comad","10":"first","11":"instock","12":"purchasable","13":"product-type-simple"},"_links":{"self":[{"href":"https:\/\/baldumarket.lt\/lt\/wp-json\/wp\/v2\/product\/245966","targetHints":{"allow":["GET"]}}],"collection":[{"href":"https:\/\/baldumarket.lt\/lt\/wp-json\/wp\/v2\/product"}],"about":[{"href":"https:\/\/baldumarket.lt\/lt\/wp-json\/wp\/v2\/types\/product"}],"replies":[{"embeddable":true,"href":"https:\/\/baldumarket.lt\/lt\/wp-json\/wp\/v2\/comments?post=245966"}],"wp:featuredmedia":[{"embeddable":true,"href":"https:\/\/baldumarket.lt\/lt\/wp-json\/wp\/v2\/media\/245967"}],"wp:attachment":[{"href":"https:\/\/baldumarket.lt\/lt\/wp-json\/wp\/v2\/media?parent=245966"}],"wp:term":[{"taxonomy":"product_brand","embeddable":true,"href":"https:\/\/baldumarket.lt\/lt\/wp-json\/wp\/v2\/product_brand?post=245966"},{"taxonomy":"product_cat","embeddable":true,"href":"https:\/\/baldumarket.lt\/lt\/wp-json\/wp\/v2\/product_cat?post=245966"},{"taxonomy":"product_tag","embeddable":true,"href":"https:\/\/baldumarket.lt\/lt\/wp-json\/wp\/v2\/product_tag?post=245966"}],"curies":[{"name":"wp","href":"https:\/\/api.w.org\/{rel}","templated":true}]}}