{"id":245963,"date":"2026-01-02T23:16:31","date_gmt":"2026-01-02T20:16:31","guid":{"rendered":"https:\/\/baldumarket.lt\/product\/zestaw-szafka-pod-umywalke-z-blatem-120-cm-talia-casella-czarny-mat\/"},"modified":"2026-02-11T18:33:05","modified_gmt":"2026-02-11T15:33:05","slug":"zestaw-szafka-pod-umywalke-z-blatem-120-cm-talia-casella-czarny-mat","status":"publish","type":"product","link":"https:\/\/baldumarket.lt\/lt\/product\/zestaw-szafka-pod-umywalke-z-blatem-120-cm-talia-casella-czarny-mat\/","title":{"rendered":"120 cm Talia Casella juodos matin\u0117s praustuvo spintel\u0117s su stalvir\u0161iu komplektas"},"content":{"rendered":"<p>\u201eTalia Casella 120 cm\u201c matin\u0117s juodos spalvos kriaukl\u0117s spintel\u0117 su stalvir\u0161iu \u2013 tai modernaus ir klasikinio stiliaus derinys. Matin\u0117 juoda ir \u201eCasella\u201c \u0105\u017euolo spalvos suteikia interjerui elegancijos. Du stal\u010diai su \u0161velnaus u\u017edarymo sistema suteikia daug vietos daiktams susid\u0117ti. Matmenys: Plotis (cm): 120 Gylis (cm): 46 Auk\u0161tis (cm): 50 Techniniai duomenys: Komplekt\u0105 sudaro: Praustuvo spintel\u0117 60 cm, 2 \u201eTalia Casella\u201c stal\u010diai (2 vnt.), Juodas vonios stalvir\u0161is 120 cm Korpuso spalva: Matin\u0117 juoda Priekin\u0117s dalies spalva: \u201eCasella\u201c \u0105\u017euolas Ranken\u0117l\u0117s spalva: Pakuot\u0117je \u2013 blizgi auksin\u0117, matin\u0117 juoda, blizgus chromas Stalvir\u0161io spalva: Matin\u0117 juoda Korpuso med\u017eiaga: laminuota plok\u0161t\u0117 Priekin\u0117 dalis: MDF plok\u0161t\u0117 Ranken\u0117l\u0117s med\u017eiaga: Plastikas Stalvir\u0161io med\u017eiaga: Laminuota plok\u0161t\u0117 B\u0117geliai: \u0160velnaus u\u017edarymo sistema \u012e komplekt\u0105 \u012feina: Taip \u012e komplekt\u0105 \u012feina surinkimo pakuot\u0117: Taip Surinkimas: Skirtas savaranki\u0161kam surinkimui Praustuvo spintel\u0117s su stalvir\u0161iu komplektas 120 Matin\u0117s juodos spalvos \u201eTalia Casella\u201c \u2013 tai tobulas elegancijos ir modernumo derinys, kuris suteiks j\u016bs\u0173 vonios kambariui unikalaus \u017eavesio. Komplekt\u0105 sudaro dvi 60 cm plo\u010dio praustuvo spintel\u0117s, kurios \u017eavi i\u0161skirtiniais fasadais su frezuotais r\u0117mais. \u201eCasella Oak\u201c apdaila spinduliuoja nat\u016bral\u0173 medienos gro\u017e\u012f, o sodri, matin\u0117 korpuso spalva suteikia visam komplektui \u0161iuolaiki\u0161k\u0105 charakter\u012f ir sukuria harmoning\u0105 interjer\u0105.<\/p>\n<p>\u0160io komplekto prakti\u0161kumo ne\u012fmanoma pervertinti. Du erdv\u016bs stal\u010diai suteikia daug vietos vonios kambario aksesuarams, tod\u0117l kasdien\u0117s higienos metu palaikysite tvark\u0105 ir komfort\u0105. Ergonomi\u0161kas spinteli\u0173 auk\u0161tis (50 cm) sukuria lengvumo poj\u016bt\u012f ir leid\u017eia naudotis vonios kambariu maloniau. \u0160velnaus u\u017edarymo stal\u010di\u0173 sistema \u2013 puikus sprendimas, u\u017etikrinantis komfort\u0105 ir privatum\u0105 naudojantis vonios kambariu.<\/p>\n<p>Kiekvienas \u201eTalia Casella\u201c kolekcijos baldas buvo sukurtas su did\u017eiausiu kruop\u0161tumu. Baldai pristatomi savaranki\u0161kai surenkamose pakuot\u0117se, tod\u0117l surinkimui nereikia joki\u0173 speciali\u0173 \u017eini\u0173 ar \u012fg\u016bd\u017ei\u0173. Trij\u0173 spalv\u0173 ranken\u0117l\u0117s \u2013 blizgios aukso, matin\u0117s juodos ir blizgaus chromo \u2013 leid\u017eia suasmeninti baldus pagal individual\u0173 stili\u0173 ir pageidavimus.<\/p>\n<p>120 cm ilgio vonios stalvir\u0161is, taip pat apdailintas tamsia, matine juoda spalva, puikiai dera su kitais komplekto elementais. Pagamintas i\u0161 patvarios laminato plok\u0161t\u0117s, jis ne tik atrodo esteti\u0161kai, bet ir yra lengvai valomas, o tai labai svarbu bet kuriame vonios kambaryje. Lenki\u0161ka, FSC sertifikuota gamyba garantuoja kokyb\u0119 ir ekologi\u0161kum\u0105, tod\u0117l \u0161is pasirinkimas yra ne tik esteti\u0161kai patrauklus, bet ir atsakingas.<\/p>\n<p>Pasirinkdami \u201eTalia Casella 120 cm\u201c praustuvo spintel\u0117s su stalvir\u0161iu komplekt\u0105, investuojate \u012f baldus, kurie derina klasikin\u012f paprastum\u0105 ir modernum\u0105. 2 met\u0173 garantija u\u017etikrina patvarum\u0105 ir naudotoj\u0173 pasitenkinim\u0105. Paverskite savo vonios kambar\u012f jaukia ir stilinga erdve, kuri d\u017eiugins ilgus metus!<\/p>","protected":false},"excerpt":{"rendered":"<p>Plotis (cm): 120<br \/>\n\u016agis (cm): 50<br \/>\nGylis (cm): 46<\/p>","protected":false},"featured_media":245964,"comment_status":"open","ping_status":"open","template":"","meta":[],"product_brand":[],"product_cat":[9117,2015,9183],"product_tag":[],"class_list":{"0":"post-245963","1":"product","2":"type-product","3":"status-publish","4":"has-post-thumbnail","6":"product_cat-bathroom","7":"product_cat-comad","8":"product_cat-bathroom-furniture-sets-comad","10":"first","11":"instock","12":"purchasable","13":"product-type-simple"},"_links":{"self":[{"href":"https:\/\/baldumarket.lt\/lt\/wp-json\/wp\/v2\/product\/245963","targetHints":{"allow":["GET"]}}],"collection":[{"href":"https:\/\/baldumarket.lt\/lt\/wp-json\/wp\/v2\/product"}],"about":[{"href":"https:\/\/baldumarket.lt\/lt\/wp-json\/wp\/v2\/types\/product"}],"replies":[{"embeddable":true,"href":"https:\/\/baldumarket.lt\/lt\/wp-json\/wp\/v2\/comments?post=245963"}],"wp:featuredmedia":[{"embeddable":true,"href":"https:\/\/baldumarket.lt\/lt\/wp-json\/wp\/v2\/media\/245964"}],"wp:attachment":[{"href":"https:\/\/baldumarket.lt\/lt\/wp-json\/wp\/v2\/media?parent=245963"}],"wp:term":[{"taxonomy":"product_brand","embeddable":true,"href":"https:\/\/baldumarket.lt\/lt\/wp-json\/wp\/v2\/product_brand?post=245963"},{"taxonomy":"product_cat","embeddable":true,"href":"https:\/\/baldumarket.lt\/lt\/wp-json\/wp\/v2\/product_cat?post=245963"},{"taxonomy":"product_tag","embeddable":true,"href":"https:\/\/baldumarket.lt\/lt\/wp-json\/wp\/v2\/product_tag?post=245963"}],"curies":[{"name":"wp","href":"https:\/\/api.w.org\/{rel}","templated":true}]}}