{"id":245955,"date":"2026-01-02T23:16:28","date_gmt":"2026-01-02T20:16:28","guid":{"rendered":"https:\/\/baldumarket.lt\/product\/zestaw-szafka-pod-umywalke-z-blatem-120-cm-ovalia-cremona\/"},"modified":"2026-02-11T18:33:05","modified_gmt":"2026-02-11T15:33:05","slug":"zestaw-szafka-pod-umywalke-z-blatem-120-cm-ovalia-cremona","status":"publish","type":"product","link":"https:\/\/baldumarket.lt\/lt\/product\/zestaw-szafka-pod-umywalke-z-blatem-120-cm-ovalia-cremona\/","title":{"rendered":"Praustuvo spintel\u0117s su stalvir\u0161iu komplektas 120 cm Ovalia Cremona"},"content":{"rendered":"<p>Ovalia Cremona 120 cm kriaukl\u0117s spintel\u0117 su stalvir\u0161iu komplektasOvalia Cremona kriaukl\u0117s spintel\u0117 derina elegancij\u0105 ir funkcionalum\u0105. Du stal\u010diai su \u0161velnaus u\u017edarymo sistema ir i\u0161skirtiniais u\u017eapvalintais kampais \u017eavi savo stiliumi. Cremona \u0105\u017euolo dekoras suteikia dekorui \u0161ilumos. Matmenys: Plotis (cm): 120 Gylis (cm): 46 Auk\u0161tis (cm): 52 Techniniai duomenys: Komplekt\u0105 sudaro: Praustuvo spintel\u0117 2S 120 cm Ovalia Cremona, Vonios stalvir\u0161is 120 cm Ovalia Cremona Korpuso spalva: Cremona \u0105\u017euolas Priekin\u0117s spalvos: Cremona \u0105\u017euolas Rankenos spalva: Matin\u0117 juoda Stalvir\u0161io spalva: Cremona \u0105\u017euolas Korpuso med\u017eiaga: laminuota plok\u0161t\u0117 Priekin\u0117 med\u017eiaga: MDF plok\u0161t\u0117 Rankenos med\u017eiaga: Metalas Stalvir\u0161io med\u017eiaga: MDF plok\u0161t\u0117 B\u0117geliai: \u0160velniai u\u017esidarantis Stalvir\u0161is prid\u0117tas: Taip Tvirtinimo rinkinys prid\u0117tas: Taip Surinkimas: Savaranki\u0161kam surinkimui Praustuvo spintel\u0117s su stalvir\u0161iu komplektas 120 cm Ovalia Cremona Du erdv\u016bs Stal\u010diai yra ne tik ak\u012f traukiantis dizainas, bet ir gerai apgalvotas sprendimas, palengvinantis kasdien\u012f naudojim\u0105. Jie leid\u017eia lengvai laikyti vonios kambario aksesuarus ir palaikyti tvark\u0105 nam\u0173 SPA centre. \u0160velnaus u\u017edarymo sistema leid\u017eia spinteli\u0173 fasadams skland\u017eiai ir tyliai atsidaryti bei u\u017esidaryti, tod\u0117l jas naudoti yra patogiau. Komplektas puikiai dera su specialiomis, apvaliomis \u201ePure\u201c kriaukl\u0117mis, sukurdamas darni\u0105 visum\u0105.<\/p>\n<p>Pagamintas i\u0161 auk\u0161tos kokyb\u0117s MDF ir laminuotos plok\u0161t\u0117s, jis u\u017etikrina ne tik estetin\u0119 i\u0161vaizd\u0105, bet ir ilgaam\u017ei\u0161kum\u0105. Kiekvienas komplekto elementas yra kruop\u0161\u010diai sukurtas, kad atitikt\u0173 naudotoj\u0173 l\u016bkes\u010dius. Lenki\u0161ka gamyba, paremta FSC sertifikuotomis med\u017eiagomis, u\u017etikrina, kad naudojate ekologi\u0161kus ir aplinkai nekenksmingus produktus neaukodami elegancijos.<\/p>\n<p>Be unikalaus dizaino, dar vienas \u0161io komplekto privalumas yra paprastas surinkimas. Baldai pristatomi plok\u0161\u010diai supakuoti, kad juos b\u016bt\u0173 galima surinkti savaranki\u0161kai, o intuityvus dizainas rei\u0161kia, kad surinkimui nereikia speciali\u0173 \u012fg\u016bd\u017ei\u0173. Tai puikus sprendimas tiems, kurie nori greitai ir efektyviai atnaujinti savo vonios kambar\u012f nei\u0161leisdami daug pinig\u0173 montavimo paslaugoms.<\/p>\n<p>Pasirinkdami \u201eOvalia Cremona\u201c 120 cm praustuvo spintel\u0119 su stalvir\u0161iu, investuojate \u012f kokyb\u0119, stili\u0173 ir funkcionalum\u0105, kurie tarnaus ilgus metus. Paverskite savo vonios kambar\u012f atsipalaidavimo ir komforto vieta su baldais, kurie derina modern\u0173 dizain\u0105 su prakti\u0161kais sprendimais.<\/p>","protected":false},"excerpt":{"rendered":"<p>Plotis (cm): 120<br \/>\n\u016agis (cm): 52<br \/>\nGylis (cm): 46<\/p>","protected":false},"featured_media":245956,"comment_status":"open","ping_status":"open","template":"","meta":[],"product_brand":[],"product_cat":[9117,2015,9183],"product_tag":[],"class_list":{"0":"post-245955","1":"product","2":"type-product","3":"status-publish","4":"has-post-thumbnail","6":"product_cat-bathroom","7":"product_cat-comad","8":"product_cat-bathroom-furniture-sets-comad","10":"first","11":"instock","12":"purchasable","13":"product-type-simple"},"_links":{"self":[{"href":"https:\/\/baldumarket.lt\/lt\/wp-json\/wp\/v2\/product\/245955","targetHints":{"allow":["GET"]}}],"collection":[{"href":"https:\/\/baldumarket.lt\/lt\/wp-json\/wp\/v2\/product"}],"about":[{"href":"https:\/\/baldumarket.lt\/lt\/wp-json\/wp\/v2\/types\/product"}],"replies":[{"embeddable":true,"href":"https:\/\/baldumarket.lt\/lt\/wp-json\/wp\/v2\/comments?post=245955"}],"wp:featuredmedia":[{"embeddable":true,"href":"https:\/\/baldumarket.lt\/lt\/wp-json\/wp\/v2\/media\/245956"}],"wp:attachment":[{"href":"https:\/\/baldumarket.lt\/lt\/wp-json\/wp\/v2\/media?parent=245955"}],"wp:term":[{"taxonomy":"product_brand","embeddable":true,"href":"https:\/\/baldumarket.lt\/lt\/wp-json\/wp\/v2\/product_brand?post=245955"},{"taxonomy":"product_cat","embeddable":true,"href":"https:\/\/baldumarket.lt\/lt\/wp-json\/wp\/v2\/product_cat?post=245955"},{"taxonomy":"product_tag","embeddable":true,"href":"https:\/\/baldumarket.lt\/lt\/wp-json\/wp\/v2\/product_tag?post=245955"}],"curies":[{"name":"wp","href":"https:\/\/api.w.org\/{rel}","templated":true}]}}