{"id":245951,"date":"2026-01-02T23:16:26","date_gmt":"2026-01-02T20:16:26","guid":{"rendered":"https:\/\/baldumarket.lt\/product\/zestaw-szafka-pod-umywalke-z-blatem-120-cm-i-slupek-wysoki-talia-casella-czarny-mat\/"},"modified":"2026-02-11T18:33:05","modified_gmt":"2026-02-11T15:33:05","slug":"zestaw-szafka-pod-umywalke-z-blatem-120-cm-i-slupek-wysoki-talia-casella-czarny-mat","status":"publish","type":"product","link":"https:\/\/baldumarket.lt\/lt\/product\/zestaw-szafka-pod-umywalke-z-blatem-120-cm-i-slupek-wysoki-talia-casella-czarny-mat\/","title":{"rendered":"120 cm praustuvo spintel\u0117s su stalvir\u0161iu ir auk\u0161to juosmens \u201eCasella Black Matte\u201c kolon\u0117le komplektas"},"content":{"rendered":"<p>\u201eTalia Casella\u201c 120 cm kriaukl\u0117s spintel\u0117 su stalvir\u0161iu ir auk\u0161ta kolona, matin\u0117s juodos spalvos. Atraskite \u201eTalia Casella\u201c komplekt\u0105 \u2013 klasikos ir modernumo derin\u012f. Dviej\u0173 stal\u010di\u0173 kriaukl\u0117s spintel\u0117 ir auk\u0161ta kolona pasi\u017eymi funkcionalumu ir elegancija, pasi\u017eyminti gilia, matine juoda spalva ir \u201eCasella\u201c \u0105\u017euolo fasadais. Tylios u\u017edarymo sistema. Matmenys: Plotis (cm): 120 Gylis (cm): 46 Auk\u0161tis (cm): 50 Svoris (kg): 63,3 Techniniai duomenys: Komplekt\u0105 sudaro: \u201eTalia Casella\u201c 1 dur\u0173 auk\u0161ta kolona, 30 cm, \u201eTalia Casella\u201c praustuvo spintel\u0117, 60 cm, 2 \u201eTalia Casella\u201c stal\u010diai (2 vnt.), stalvir\u0161is 120 cm Korpuso spalva: Matin\u0117 juoda Priekin\u0117s dalies spalva: \u201eCasella\u201c \u0105\u017euolo Rankenos spalva: Pakuot\u0117je \u2013 aukso blizgi, matin\u0117 juoda, blizgus chromas Stalvir\u0161io spalva: Matin\u0117 juoda Korpuso med\u017eiaga: laminuota plok\u0161t\u0117 Priekin\u0117 med\u017eiaga: MDF plok\u0161t\u0117 Rankenos med\u017eiaga: Plastikas Stalvir\u0161io med\u017eiaga: Laminuota plok\u0161t\u0117 B\u0117geliai: \u0160velniai u\u017esidarantys Vyriai: \u0160velniai u\u017esidarantys Stalvir\u0161is prid\u0117tas: Taip Tvirtinimo pakuot\u0117 \u012ftraukta: Taip Surinkimas: Savaranki\u0161kas surinkimas. \u201eCasella\u201c matin\u0117s juodos spalvos 120 cm praustuvo spintel\u0117 su stalvir\u0161iu ir auk\u0161to liemens kolon\u0117li\u0173 komplektu \u2013 tai tobulas modernumo ir elegancijos derinys, puikiai papildantis bet kok\u012f vonios kambario stili\u0173. Esteti\u0161kai patrauklus dizainas \u017eavi unikaliu tamsios, matin\u0117s juodos spalvos ir \u201eCasella\u201c \u0105\u017euolo apdailos deriniu, kuris suteikia interjerui \u0161ilumos ir harmonijos, sukurdamas jauki\u0105 atmosfer\u0105. I\u0161skirtiniai fasadai su frezuotu r\u0117mu yra ak\u012f traukiantis elementas, suteikiantis baldams nesenstant\u012f charakter\u012f, puikiai tinkant\u012f tiems, kurie vertina estetik\u0105 ir detales.<\/p>\n<p>D\u0117l ergonomi\u0161ko 50 cm auk\u0161\u010dio praustuvo spintel\u0117 suteikia vonios kambariui erdv\u0117s poj\u016bt\u012f. Du erdv\u016bs stal\u010diai leid\u017eia patogiai laikyti vonios kambario aksesuarus, o j\u0173 \u0161velnaus u\u017edarymo sistema u\u017etikrina komfort\u0105 kasdien naudojantis. Taip pat verta \u012fvertinti galimyb\u0119 suasmeninti baldus; komplekte yra trij\u0173 skirting\u0173 spalv\u0173 ranken\u0117l\u0117s \u2013 blizgios aukso, blizgios chromo ir matin\u0117s juodos \u2013 leid\u017eian\u010dios jas priderinti prie individuali\u0173 pageidavim\u0173 ir vonios kambario stiliaus.<\/p>\n<p>Spintel\u0117 taip pat turi 120 cm stalvir\u0161\u012f, kuris harmoningai papildo vis\u0105 komplekt\u0105. Pagaminta i\u0161 laminuotos plok\u0161t\u0117s, ji yra ne tik eleganti\u0161ka, bet ir lengvai valoma bei atspari \u012fbr\u0117\u017eimams. Patogus dizainas kartu su tvirta konstrukcija u\u017etikrina ilgalaik\u0119 estetik\u0105.<\/p>\n<p>Auk\u0161ta kolona, taip pat i\u0161 \u201cTalia Casella\u201d kolekcijos, derina funkcionalum\u0105 ir klas\u0119. 140 cm auk\u0161tis ir keturios lentynos leid\u017eia efektyviai organizuoti vonios kambario erdv\u0119, o tai ne\u012fkainojama ma\u017eesn\u0117se erdv\u0117se. \u201ePush-to-open\u201c sistema u\u017etikrina moderni\u0105 atidarymo sistem\u0105, panaikina tradicini\u0173 ranken\u0117li\u0173 poreik\u012f ir pabr\u0117\u017eia minimalistin\u012f bald\u0173 stili\u0173. Visas dizainas yra kruop\u0161\u010diai sukurtas, atkreipiant d\u0117mes\u012f \u012f detales, tod\u0117l \u0161is komplektas yra ne tik gra\u017eus, bet ir prakti\u0161kas.<\/p>\n<p>Kiekvienam gaminiui suteikiama 2 met\u0173 garantija, u\u017etikrinanti patvarum\u0105 ir naudotoj\u0173 pasitenkinim\u0105. D\u0117l lenki\u0161kos gamybos ir FSC sertifikuot\u0173 med\u017eiag\u0173 naudojimo galite b\u016bti tikri, kad pasirinkote bald\u0105, kuris derina aplinkosaug\u0105 ir auk\u0161t\u0105 kokyb\u0119. \u201eTalia Casella\u201c kriaukl\u0117s spintel\u0117 su stalvir\u0161iu yra puikus pasirinkimas tiems, kurie ie\u0161ko bald\u0173, kurie harmoningai derina modernum\u0105 ir elegancij\u0105, praturtindami bet kok\u012f interjer\u0105 savo i\u0161vaizda.<\/p>","protected":false},"excerpt":{"rendered":"<p>Plotis (cm): 120<br \/>\n\u016agis (cm): 50<br \/>\nGylis (cm): 46<\/p>","protected":false},"featured_media":245952,"comment_status":"open","ping_status":"open","template":"","meta":[],"product_brand":[],"product_cat":[9117,2015,9183],"product_tag":[],"class_list":{"0":"post-245951","1":"product","2":"type-product","3":"status-publish","4":"has-post-thumbnail","6":"product_cat-bathroom","7":"product_cat-comad","8":"product_cat-bathroom-furniture-sets-comad","10":"first","11":"instock","12":"purchasable","13":"product-type-simple"},"_links":{"self":[{"href":"https:\/\/baldumarket.lt\/lt\/wp-json\/wp\/v2\/product\/245951","targetHints":{"allow":["GET"]}}],"collection":[{"href":"https:\/\/baldumarket.lt\/lt\/wp-json\/wp\/v2\/product"}],"about":[{"href":"https:\/\/baldumarket.lt\/lt\/wp-json\/wp\/v2\/types\/product"}],"replies":[{"embeddable":true,"href":"https:\/\/baldumarket.lt\/lt\/wp-json\/wp\/v2\/comments?post=245951"}],"wp:featuredmedia":[{"embeddable":true,"href":"https:\/\/baldumarket.lt\/lt\/wp-json\/wp\/v2\/media\/245952"}],"wp:attachment":[{"href":"https:\/\/baldumarket.lt\/lt\/wp-json\/wp\/v2\/media?parent=245951"}],"wp:term":[{"taxonomy":"product_brand","embeddable":true,"href":"https:\/\/baldumarket.lt\/lt\/wp-json\/wp\/v2\/product_brand?post=245951"},{"taxonomy":"product_cat","embeddable":true,"href":"https:\/\/baldumarket.lt\/lt\/wp-json\/wp\/v2\/product_cat?post=245951"},{"taxonomy":"product_tag","embeddable":true,"href":"https:\/\/baldumarket.lt\/lt\/wp-json\/wp\/v2\/product_tag?post=245951"}],"curies":[{"name":"wp","href":"https:\/\/api.w.org\/{rel}","templated":true}]}}