{"id":245943,"date":"2026-01-02T23:16:23","date_gmt":"2026-01-02T20:16:23","guid":{"rendered":"https:\/\/baldumarket.lt\/product\/zestaw-szafka-pod-umywalke-z-blatem-120-cm-i-slupek-wysoki-ovalia-cremona\/"},"modified":"2026-02-11T18:33:05","modified_gmt":"2026-02-11T15:33:05","slug":"zestaw-szafka-pod-umywalke-z-blatem-120-cm-i-slupek-wysoki-ovalia-cremona","status":"publish","type":"product","link":"https:\/\/baldumarket.lt\/lt\/product\/zestaw-szafka-pod-umywalke-z-blatem-120-cm-i-slupek-wysoki-ovalia-cremona\/","title":{"rendered":"120 cm praustuvo spintel\u0117s su stalvir\u0161iu ir auk\u0161ta kolona \u201eOvalia Cremona\u201c komplektas"},"content":{"rendered":"<p>\u201eOvalia Cremona\u201c 120 cm praustuvo spintel\u0117 su stalvir\u0161iu ir auk\u0161ta kolona \u2013 eleganti\u0161kas j\u016bs\u0173 vonios kambario papildymas. \u0160ilta \u201eCremona\u201c \u0105\u017euolo apdaila ir eleganti\u0161kos juodos rankenos suteikia charakterio. Du stal\u010diai u\u017etikrina patog\u0173 daikt\u0173 laikym\u0105. Matmenys: Plotis (cm): 120 Gylis (cm): 46 Auk\u0161tis (cm): 52 Techniniai duomenys: Komplekt\u0105 sudaro: \u201eOvalia Cremona\u201c praustuvo spintel\u0117 2S 120 cm, \u201eOvalia Cremona\u201c vonios kambario stalvir\u0161is 120 cm, \u201eOvalia Cremona\u201c 1 dur\u0173 auk\u0161ta kolona Korpuso spalva: \u201eCremona\u201c \u0105\u017euolas Priekin\u0117s spalvos: \u201eCremona\u201c \u0105\u017euolas Rankenos spalva: Matin\u0117 juoda Stalvir\u0161io spalva: \u201eCremona\u201c \u0105\u017euolas Korpuso med\u017eiaga: laminuota plok\u0161t\u0117 Priekin\u0117 med\u017eiaga: MDF plok\u0161t\u0117 Rankenos med\u017eiaga: Metalas Stalvir\u0161io med\u017eiaga: MDF plok\u0161t\u0117 B\u0117geliai: \u0160velniai u\u017esidarantys Vyriai: \u0160velniai u\u017esidarantys Dur\u0173 montavimo kryptis: De\u0161in\u0117 \/ Kair\u0117 Stalvir\u0161is prid\u0117tas: Taip Tvirtinimo pakuot\u0117 \u012ftraukta: Taip Surinkimas: Savaranki\u0161kas surinkimas. \u201eOvalia Cremona\u201c 120 cm praustuvo spintel\u0117 su stalvir\u0161iu ir auk\u0161ta kolona \u2013 tai tobulas estetikos ir prakti\u0161kumo derinys, suteikiantis j\u016bs\u0173 vonios kambariui unikal\u0173 charakter\u012f. Subtil\u016bs, u\u017eapvalinti kampai ir i\u0161skirtiniai vertikal\u016bs grioveliai suteikia \u0161iam komplektui eleganti\u0161k\u0105 ir modern\u0173 vaizd\u0105, i\u0161 pirmo \u017evilgsnio patraukiant\u012f ak\u012f. \u201eCremona Oak\u201c spalva harmoningai atspindi nat\u016bral\u0173 med\u017eio gro\u017e\u012f, suteikdama j\u016bs\u0173 erdvei jauki\u0105 ir \u0161ilt\u0105 atmosfer\u0105. Dviej\u0173 stal\u010di\u0173 praustuvo spintel\u0117 yra ne tik vizualiai patraukli, bet ir prakti\u0161ka, suteikianti daug vietos vonios kambario aksesuarams. Pagaminta i\u0161 MDF ir laminuotos plok\u0161t\u0117s, \u0161i spintel\u0117 yra ne tik esteti\u0161kai patraukli, bet ir patvari. D\u0117l \u0161velnaus u\u017edarymo sistemos stal\u010di\u0173 naudojimas tampa tikru malonumu \u2013 juos atidaroma ir u\u017edaroma tyliai, puikiai papildant j\u016bs\u0173 nam\u0173 ramyb\u0119. 120 cm plo\u010dio vonios stalvir\u0161is, kuris yra \u201eOvalia Cremona\u201c komplekto dalis, yra ne tik funkcionalus elementas, bet ir stilingas akcentas, kuris skland\u017eiai \u012fsilieja \u012f bendr\u0105 vaizd\u0105. Pagaminta i\u0161 MDF, ji puikiai tinka kasdieniam naudojimui, o \u0161ilta \u201eCremona Oak\u201c dekoro spalva suteikia gra\u017e\u0173 pagrind\u0105 bet kokiam stiliui. Nat\u016brali ir lengvai valoma apdaila daro j\u012f prakti\u0161ku pasirinkimu vonios kambariui. Auk\u0161ta, vien\u0173 dur\u0173 kolonin\u0117 spintel\u0117 i\u0161 \u201eOvalia Cremona\u201c kolekcijos yra dar vienas elementas, derinantis estetik\u0105 ir funkcionalum\u0105. Su keturiomis lentynomis ji si\u016blo puikias daikt\u0173 laikymo galimybes, b\u016btinas bet kuriame vonios kambaryje. Rasti tinkam\u0105 viet\u0105 visiems b\u016btiniausiems daiktams dar niekada nebuvo taip paprasta ir patogu. Lenki\u0161ka gamyba su FSC sertifikatu garantuoja, kad pasirinkdami \u0161\u012f komplekt\u0105, remiate vietin\u0119 meistri\u0161kum\u0105 ir gerinate savo interjero kokyb\u0119. \u201eOvalia Cremona\u201c 120 cm praustuvo spintel\u0117s su stalvir\u0161iu ir auk\u0161ta kolona komplektas yra puikus pasirinkimas tiems, kurie vertina ne tik stili\u0173, bet ir prakti\u0161kum\u0105. D\u0117l nat\u016brali\u0173 med\u017eiag\u0173, unikalaus dizaino ir intuityvaus surinkimo kiekvienas elementas atitinka \u0161iuolaikines interjero dizaino tendencijas. U\u017esisakykite savo komplekt\u0105 \u0161iandien ir m\u0117gaukit\u0117s nauju kokyb\u0117s lygiu savo vonios kambaryje!<\/p>","protected":false},"excerpt":{"rendered":"<p>Plotis (cm): 120<br \/>\n\u016agis (cm): 52<br \/>\nGylis (cm): 46<\/p>","protected":false},"featured_media":245944,"comment_status":"open","ping_status":"open","template":"","meta":[],"product_brand":[],"product_cat":[9117,2015,9183],"product_tag":[],"class_list":{"0":"post-245943","1":"product","2":"type-product","3":"status-publish","4":"has-post-thumbnail","6":"product_cat-bathroom","7":"product_cat-comad","8":"product_cat-bathroom-furniture-sets-comad","10":"first","11":"instock","12":"purchasable","13":"product-type-simple"},"_links":{"self":[{"href":"https:\/\/baldumarket.lt\/lt\/wp-json\/wp\/v2\/product\/245943","targetHints":{"allow":["GET"]}}],"collection":[{"href":"https:\/\/baldumarket.lt\/lt\/wp-json\/wp\/v2\/product"}],"about":[{"href":"https:\/\/baldumarket.lt\/lt\/wp-json\/wp\/v2\/types\/product"}],"replies":[{"embeddable":true,"href":"https:\/\/baldumarket.lt\/lt\/wp-json\/wp\/v2\/comments?post=245943"}],"wp:featuredmedia":[{"embeddable":true,"href":"https:\/\/baldumarket.lt\/lt\/wp-json\/wp\/v2\/media\/245944"}],"wp:attachment":[{"href":"https:\/\/baldumarket.lt\/lt\/wp-json\/wp\/v2\/media?parent=245943"}],"wp:term":[{"taxonomy":"product_brand","embeddable":true,"href":"https:\/\/baldumarket.lt\/lt\/wp-json\/wp\/v2\/product_brand?post=245943"},{"taxonomy":"product_cat","embeddable":true,"href":"https:\/\/baldumarket.lt\/lt\/wp-json\/wp\/v2\/product_cat?post=245943"},{"taxonomy":"product_tag","embeddable":true,"href":"https:\/\/baldumarket.lt\/lt\/wp-json\/wp\/v2\/product_tag?post=245943"}],"curies":[{"name":"wp","href":"https:\/\/api.w.org\/{rel}","templated":true}]}}