{"id":245935,"date":"2026-01-02T23:16:20","date_gmt":"2026-01-02T20:16:20","guid":{"rendered":"https:\/\/baldumarket.lt\/product\/zestaw-szafka-pod-umywalke-z-blatem-120-cm-i-slupek-wysoki-donna-sand\/"},"modified":"2026-02-11T18:33:05","modified_gmt":"2026-02-11T15:33:05","slug":"zestaw-szafka-pod-umywalke-z-blatem-120-cm-i-slupek-wysoki-donna-sand","status":"publish","type":"product","link":"https:\/\/baldumarket.lt\/lt\/product\/zestaw-szafka-pod-umywalke-z-blatem-120-cm-i-slupek-wysoki-donna-sand\/","title":{"rendered":"120 cm praustuvo spintel\u0117s su stalvir\u0161iu ir auk\u0161ta kolona Donna Sand komplektas"},"content":{"rendered":"<p>120 cm praustuvo spintel\u0117 su stalvir\u0161iu ir auk\u0161ta kolona \u201eDonna Sand\u201c 120 cm praustuvo spintel\u0117 su stalvir\u0161iu ir auk\u0161ta kolona derina modernum\u0105 ir klasikin\u012f stili\u0173. Subtil\u016bs sm\u0117lio spalvos fasadai ir auksin\u0117s ranken\u0117l\u0117s suteikia elegancijos. \u0160velniai u\u017esidarantys stal\u010diai ir patvarios med\u017eiagos u\u017etikrina komfort\u0105 ir estetik\u0105. Matmenys: Plotis (cm): 120 Gylis (cm): 46 Auk\u0161tis (cm): 57 Svoris (kg): 45,75 Techniniai duomenys: Komplekt\u0105 sudaro: Praustuvo spintel\u0117 60 cm, 2 stal\u010diai, Donna Sand, 2 vnt., Vonios stalvir\u0161is 120 cm, Donna Sand, sm\u0117lio spalvos, Auk\u0161ta 1 dur\u0173 sienin\u0117 kolona Donna Sand Korpuso spalva: Sm\u0117lio sm\u0117lio spalvos Priekin\u0117 spalva: Sm\u0117lio sm\u0117lio spalvos Rankenos spalva: Blizgi auksin\u0117 Stalvir\u0161io spalva: Sm\u0117lio sm\u0117lio spalvos Korpuso med\u017eiaga: Laminuota plok\u0161t\u0117 Priekin\u0117 med\u017eiaga: MDF plok\u0161t\u0117 Rankenos med\u017eiaga: Metalas Stalvir\u0161io med\u017eiaga: MDF plok\u0161t\u0117 B\u0117geliai: \u0160velniai u\u017esidarantys Vyriai: \u0160velniai u\u017esidarantys Dur\u0173 u\u017edarymo mechanizmas: De\u0161in\u0117 \/ Kair\u0117 \u012e komplekt\u0105 \u012feina stalvir\u0161is: Taip \u012e komplekt\u0105 \u012feina surinkimo rinkinys: Taip Surinkimas: Savaranki\u0161kas surinkimas Donna Sand praustuvo spintel\u0117s su stalvir\u0161iu (120 cm) ir auk\u0161ta kolona komplektas yra puikus pasirinkimas tiems, kurie nori savo vonios kambariui suteikti elegancijos ir modernumo. Harmoninga sm\u0117lio spalvos palet\u0117 ne tik padidina j\u016bs\u0173 erdv\u0117s \u017eaves\u012f, bet ir tampa jos puo\u0161mena. Subtil\u016bs fasadai su u\u017eapvalintais frezavimais suteikia visam baldui unikal\u0173 charakter\u012f, subtilum\u0105 ir lengvum\u0105, kuris i\u0161skiria \u201eDonna Sand\u201c kolekcij\u0105 i\u0161 kit\u0173 bald\u0173. Du erdv\u016bs stal\u010diai praustuvo spintel\u0117je suteikia patogi\u0105 prieig\u0105 prie aksesuar\u0173 ir kosmetikos, o \u0161velnaus u\u017edarymo sistema u\u017etikrina diskreti\u0161k\u0105 ir eleganti\u0161k\u0105 u\u017edarym\u0105, kur\u012f tikrai \u012fvertins u\u017eimti nam\u0173 \u016bkio nariai. D\u0117l naudojam\u0173 med\u017eiag\u0173, toki\u0173 kaip MDF ir laminuota plok\u0161t\u0117, garantuojamas patvarumas rei\u0161kia, kad baldai ne tik atrodo gra\u017eiai, bet ir tarnauja ilgus metus. Jau nekalbant apie auk\u0161t\u0105 vien\u0173 dur\u0173 kolon\u0117l\u0119, kuri suteikia papildomos vietos daiktams susid\u0117ti. Kompakti\u0161ka jos forma buvo sukurta atsi\u017evelgiant \u012f funkcionalum\u0105. 140 cm auk\u0161tis ir keturios lentynos leid\u017eia lengvai susitvarkyti visus b\u016btiniausius daiktus, tod\u0117l j\u016bs\u0173 vonios kambarys bus puikiai sutvarkytas ir esteti\u0161kai patrauklus. Visi komplekto elementai buvo kruop\u0161\u010diai suprojektuoti, atkreipiant d\u0117mes\u012f \u012f detales. Lenki\u0161ka gamyba ir FSC sertifikuotos med\u017eiagos garantuoja auk\u0161t\u0105 kokyb\u0119 ir ilgaam\u017ei\u0161kum\u0105. Surinkimas yra paprastas net ir tiems, kurie neturi patirties \u2013 intuityvus dizainas rei\u0161kia, kad kiekvienas gali s\u0117kmingai j\u0105 surinkti pats. Pasirinkdami \u201eDonna Sand\u201c 120 cm praustuvo spintel\u0117s su stalvir\u0161iu ir auk\u0161ta kolon\u0117le komplekt\u0105, investuojate \u012f elegancij\u0105, funkcionalum\u0105 ir ilgaam\u017ei\u0161kum\u0105. \u0160is tobulas modernaus dizaino ir klasikini\u0173 akcent\u0173 derinys suteiks j\u016bs\u0173 vonios kambariui unikal\u0173 stili\u0173, sukurdamas erdv\u0119, kurioje kiekviena detal\u0117 atitinka nam\u0173 \u016bkio poreikius ir pabr\u0117\u017eia interjero estetik\u0105.<\/p>","protected":false},"excerpt":{"rendered":"<p>Plotis (cm): 120<br \/>\n\u016agis (cm): 57<br \/>\nGylis (cm): 46<\/p>","protected":false},"featured_media":245936,"comment_status":"open","ping_status":"open","template":"","meta":[],"product_brand":[],"product_cat":[9117,2015,9183],"product_tag":[],"class_list":{"0":"post-245935","1":"product","2":"type-product","3":"status-publish","4":"has-post-thumbnail","6":"product_cat-bathroom","7":"product_cat-comad","8":"product_cat-bathroom-furniture-sets-comad","10":"first","11":"instock","12":"purchasable","13":"product-type-simple"},"_links":{"self":[{"href":"https:\/\/baldumarket.lt\/lt\/wp-json\/wp\/v2\/product\/245935","targetHints":{"allow":["GET"]}}],"collection":[{"href":"https:\/\/baldumarket.lt\/lt\/wp-json\/wp\/v2\/product"}],"about":[{"href":"https:\/\/baldumarket.lt\/lt\/wp-json\/wp\/v2\/types\/product"}],"replies":[{"embeddable":true,"href":"https:\/\/baldumarket.lt\/lt\/wp-json\/wp\/v2\/comments?post=245935"}],"wp:featuredmedia":[{"embeddable":true,"href":"https:\/\/baldumarket.lt\/lt\/wp-json\/wp\/v2\/media\/245936"}],"wp:attachment":[{"href":"https:\/\/baldumarket.lt\/lt\/wp-json\/wp\/v2\/media?parent=245935"}],"wp:term":[{"taxonomy":"product_brand","embeddable":true,"href":"https:\/\/baldumarket.lt\/lt\/wp-json\/wp\/v2\/product_brand?post=245935"},{"taxonomy":"product_cat","embeddable":true,"href":"https:\/\/baldumarket.lt\/lt\/wp-json\/wp\/v2\/product_cat?post=245935"},{"taxonomy":"product_tag","embeddable":true,"href":"https:\/\/baldumarket.lt\/lt\/wp-json\/wp\/v2\/product_tag?post=245935"}],"curies":[{"name":"wp","href":"https:\/\/api.w.org\/{rel}","templated":true}]}}