{"id":245928,"date":"2026-01-02T23:16:17","date_gmt":"2026-01-02T20:16:17","guid":{"rendered":"https:\/\/baldumarket.lt\/product\/zestaw-szafka-pod-umywalke-z-blatem-120-cm-i-2-umywalki-nablatowe-oraz-slupek-wysoki-talia-casella-czarny-mat\/"},"modified":"2026-02-11T18:33:05","modified_gmt":"2026-02-11T15:33:05","slug":"zestaw-szafka-pod-umywalke-z-blatem-120-cm-i-2-umywalki-nablatowe-oraz-slupek-wysoki-talia-casella-czarny-mat","status":"publish","type":"product","link":"https:\/\/baldumarket.lt\/lt\/product\/zestaw-szafka-pod-umywalke-z-blatem-120-cm-i-2-umywalki-nablatowe-oraz-slupek-wysoki-talia-casella-czarny-mat\/","title":{"rendered":"120 cm praustuvo spintel\u0117s su stalvir\u0161iu ir 2 stalvir\u0161io praustuvais bei matin\u0117s juodos spalvos auk\u0161to liemens \u201eCasella\u201c kolon\u0117l\u0117s komplektas"},"content":{"rendered":"<p>120 cm praustuvo spintel\u0117s su stalvir\u0161iu ir 2 ant stalvir\u0161io pastatom\u0173 praustuv\u0173 bei \u201eTalia Casella\u201c matin\u0117s juodos spalvos auk\u0161tos kolon\u0117l\u0117s komplektas. Praustuvo spintel\u0117 su 4 stal\u010diais, \u201eCasella Oak\u201c spalvos, matin\u0117s juodos spalvos dekoru ir auk\u0161ta kolon\u0117le, idealiai tinkanti moderniems vonios kambariams. \u0160velnus u\u017edarymas, funkcionalios lentynos ir galimyb\u0117 suasmeninti ranken\u0117les leid\u017eia \u0161iam komplektui tiksti bet kokiam vonios kambariui. Matmenys: Plotis (cm): 120 Gylis (cm): 46 Auk\u0161tis (cm): 50 Svoris (kg): 77,3 Techniniai duomenys: Komplekt\u0105 sudaro: Praustuvo spintel\u0117 60 cm, 2 stal\u010diai Talia Casella 2 vnt., Stalvir\u0161is 120 cm, Keraminis stalvir\u0161inis praustuvas PATI MW3 2 vnt., Talia Casella 1 dureli\u0173 auk\u0161tas stulpelis 30 cm Korpuso spalva: Matin\u0117 juoda Priekin\u0117 spalva: Casella \u0105\u017euolas Ranken\u0117l\u0117s spalva: Pakuot\u0117je \u2013 blizgi auksin\u0117, matin\u0117 juoda, blizgus chromas Stalvir\u0161io spalva: Matin\u0117 juoda Praustuvo spalva: Matin\u0117 balta Korpuso med\u017eiaga: laminuota plok\u0161t\u0117 Priekin\u0117 med\u017eiaga: MDF plok\u0161t\u0117 Rankenos med\u017eiaga: plastikas Stalvir\u0161io med\u017eiaga: laminuota plok\u0161t\u0117 B\u0117geliai: \u0161velniai u\u017esidarantys, Praustuvo med\u017eiaga: keramika Vyriai: \u0161velniai u\u017esidarantys, Stalvir\u0161is \u012fskai\u010diuotas: Taip, Praustuvas \u012fskai\u010diuotas: Taip, Surinkimo komplektas \u012fskai\u010diuotas: Taip, Surinkimas: Savaranki\u0161kas surinkimas. Pristatome Jums i\u0161skirtin\u012f Talia Casella vonios kambario bald\u0173 komplekt\u0105, kuris suteiks J\u016bs\u0173 vonios kambariui unikalaus stiliaus ir funkcionalumo. \u0160is komplektas, kur\u012f sudaro eleganti\u0161ka praustuv\u0117s spintel\u0117 su dviem stal\u010diais, tvirtas 120 cm stalvir\u0161is ir dvi keramin\u0117s kriaukl\u0117s, puikiai derina modern\u0173 dizain\u0105 ir klasikin\u012f gro\u017e\u012f. Gilios, matin\u0117s juodos spintel\u0117s puikiai kontrastuoja su \u0161ilta \u201eCasella Oak\u201c apdaila, sukurdamos harmoning\u0105 ir jauki\u0105 erdv\u0119.<\/p>\n<p>\u0160i eleganti\u0161ka praustuvo spintel\u0117 ne tik traukia ak\u012f savo unikalia estetika, bet ir si\u016blo kasdieniam naudojimui reikaling\u0105 funkcionalum\u0105. Du erdv\u016bs stal\u010diai su \u0161velnaus u\u017edarymo sistema u\u017etikrina patog\u0173 vonios kambario aksesuar\u0173 laikym\u0105, o 50 cm auk\u0161tis suteikia interjerui lengvumo ir erdv\u0117s poj\u016bt\u012f. Eleganti\u0161ki fasadai su frezuotu r\u0117mu suteikia unikal\u0173 charakter\u012f, o galimyb\u0117 suasmeninti ranken\u0117les trimis spalvomis (blizganti auksin\u0117, blizgi chromuota ir matin\u0117 juoda) leid\u017eia pritaikyti baldus pagal individualius pageidavimus.<\/p>\n<p>Komplekt\u0105 taip pat sudaro gra\u017eiai apdailintas tamsiai juodas stalvir\u0161is, kuris ne tik esteti\u0161kai papildo vis\u0105 vaizd\u0105, bet ir yra lengvai valomas. Minimalistin\u0117s, matin\u0117s baltos spalvos stalvir\u0161io kriaukl\u0117s suteikia pra\u0161matnumo ir elegancijos, sukurdamos funkcional\u0173 ir stiling\u0105 vonios kambario akcent\u0105. Kiekviena detal\u0117 \u2013 nuo med\u017eiag\u0173 pasirinkimo iki konstrukcijos \u2013 buvo kruop\u0161\u010diai apgalvota, siekiant u\u017etikrinti ne tik estetik\u0105, bet ir ilgaam\u017ei\u0161kum\u0105.<\/p>\n<p>\u0160i auk\u0161ta vien\u0173 dur\u0173 spintel\u0117 i\u0161 \u201cTalia Casella\u201d kolekcijos su i\u0161mania atidarymo sistema \u201espustel\u0117jus\u201c leid\u017eia lengvai pasiekti keturias erdvias lentynas, tod\u0117l tai puikus sprendimas j\u016bs\u0173 vonios kambariui. Toki\u0173 med\u017eiag\u0173 kaip MDF ir laminatas naudojimas ne tik padidina bald\u0173 patvarum\u0105, bet ir garantuoja eleganti\u0161k\u0105 i\u0161vaizd\u0105 ilgus metus. Komplektas pristatomas savaranki\u0161kai surenkamose pakuot\u0117se, tod\u0117l surinkimas yra labai paprastas.<\/p>\n<p>Pasirink\u0119 \u201eTalia Casella\u201c kolekcij\u0105, J\u016bs \u012fgyjate ne tik stilingus baldus, bet ir komfort\u0105, ilgaam\u017ei\u0161kum\u0105 bei pasitenkinim\u0105. Kiekvienam baldui suteikiama 2 met\u0173 garantija, tod\u0117l galite b\u016bti ram\u016bs prie\u0161 pirkdami. Jei svajojate apie vonios kambar\u012f, kuriame eleganti\u0161kas dizainas der\u0117t\u0173 su moderniais akcentais, \u0161is komplektas \u2013 puikus sprendimas Jums!<\/p>","protected":false},"excerpt":{"rendered":"<p>Plotis (cm): 120<br \/>\n\u016agis (cm): 50<br \/>\nGylis (cm): 46<\/p>","protected":false},"featured_media":245929,"comment_status":"open","ping_status":"open","template":"","meta":[],"product_brand":[],"product_cat":[9117,2015,9183],"product_tag":[],"class_list":{"0":"post-245928","1":"product","2":"type-product","3":"status-publish","4":"has-post-thumbnail","6":"product_cat-bathroom","7":"product_cat-comad","8":"product_cat-bathroom-furniture-sets-comad","10":"first","11":"instock","12":"purchasable","13":"product-type-simple"},"_links":{"self":[{"href":"https:\/\/baldumarket.lt\/lt\/wp-json\/wp\/v2\/product\/245928","targetHints":{"allow":["GET"]}}],"collection":[{"href":"https:\/\/baldumarket.lt\/lt\/wp-json\/wp\/v2\/product"}],"about":[{"href":"https:\/\/baldumarket.lt\/lt\/wp-json\/wp\/v2\/types\/product"}],"replies":[{"embeddable":true,"href":"https:\/\/baldumarket.lt\/lt\/wp-json\/wp\/v2\/comments?post=245928"}],"wp:featuredmedia":[{"embeddable":true,"href":"https:\/\/baldumarket.lt\/lt\/wp-json\/wp\/v2\/media\/245929"}],"wp:attachment":[{"href":"https:\/\/baldumarket.lt\/lt\/wp-json\/wp\/v2\/media?parent=245928"}],"wp:term":[{"taxonomy":"product_brand","embeddable":true,"href":"https:\/\/baldumarket.lt\/lt\/wp-json\/wp\/v2\/product_brand?post=245928"},{"taxonomy":"product_cat","embeddable":true,"href":"https:\/\/baldumarket.lt\/lt\/wp-json\/wp\/v2\/product_cat?post=245928"},{"taxonomy":"product_tag","embeddable":true,"href":"https:\/\/baldumarket.lt\/lt\/wp-json\/wp\/v2\/product_tag?post=245928"}],"curies":[{"name":"wp","href":"https:\/\/api.w.org\/{rel}","templated":true}]}}