{"id":245920,"date":"2026-01-02T23:16:15","date_gmt":"2026-01-02T20:16:15","guid":{"rendered":"https:\/\/baldumarket.lt\/product\/zestaw-szafka-pod-umywalke-z-blatem-120-cm-4-szuflady-i-2-umywalki-nablatowe-donna-sand\/"},"modified":"2026-02-11T18:33:05","modified_gmt":"2026-02-11T15:33:05","slug":"zestaw-szafka-pod-umywalke-z-blatem-120-cm-4-szuflady-i-2-umywalki-nablatowe-donna-sand","status":"publish","type":"product","link":"https:\/\/baldumarket.lt\/lt\/product\/zestaw-szafka-pod-umywalke-z-blatem-120-cm-4-szuflady-i-2-umywalki-nablatowe-donna-sand\/","title":{"rendered":"Praustuvo spintel\u0117s su 120 cm stalvir\u0161iu, 4 stal\u010diais ir 2 stalvir\u0161iniais praustuvais komplektas Donna Sand"},"content":{"rendered":"<p>\u201eDonna Sand\u201c 120 cm praustuvo spintel\u0117 su stalvir\u0161iu, 4 stal\u010diais ir 2 kriaukl\u0117mis. \u201eDonna Sand\u201c praustuvo spintel\u0117 \u2013 tai elegancijos ir funkcionalumo derinys. J\u0105 sudaro du prakti\u0161ki stal\u010diai, modernus stalvir\u0161is ir matin\u0117s kapu\u010dino spalvos keramin\u0117s kriaukl\u0117s. Pagaminta i\u0161 patvari\u0173 med\u017eiag\u0173, ji garantuoja estetik\u0105 ilgus metus. Matmenys: Plotis (cm): 120 Gylis (cm): 46 Auk\u0161tis (cm): 57 Svoris (kg): 70,8 Techniniai duomenys: Komplekt\u0105 sudaro: Praustuvo spintel\u0117 60 cm, 2 stal\u010diai, \u201eDonna Sand\u201c, 2 vnt., Vonios stalvir\u0161is 120 cm, \u201eDonna Sand Sand Beige\u201c, Keraminis praustuvas WIKI-MC, matinis kapu\u010dino, 36 cm, 2 vnt. Korpuso spalva: sm\u0117lio sm\u0117lio spalvos Priekin\u0117 spalva: sm\u0117lio sm\u0117lio spalvos Rankenos spalva: blizgi auksin\u0117 Stalvir\u0161io spalva: sm\u0117lio sm\u0117lio spalvos Praustuvo spalva: matin\u0117 kapu\u010dino Korpuso med\u017eiaga: laminuota plok\u0161t\u0117 Priekin\u0117 med\u017eiaga: MDF plok\u0161t\u0117 Rankenos med\u017eiaga: metalas Stalvir\u0161io med\u017eiaga: MDF plok\u0161t\u0117 Praustuvai: keramika B\u0117geliai: \u0161velniai u\u017esidaranti Praustuvas \u012fskai\u010diuotas: taip Stalvir\u0161is \u012fskai\u010diuotas: taip Surinkimo rinkinys \u012fskai\u010diuotas: taip Surinkimas: savaranki\u0161kas surinkimas \u201eDonna Sand\u201c praustuvo spintel\u0117 su stalvir\u0161iu, 120 cm, 4 stal\u010diais ir 2 praustuvais \u2013 tai sprendimas, derinantis modern\u0173 dizain\u0105 ir funkcionalum\u0105, puikiai papildantis naujausius interjero dizaino stilius. Subtilus sm\u0117lio spalvos atspalvis kartu su auksin\u0117mis ranken\u0117l\u0117mis sukuria harmoning\u0105 visum\u0105, suteikdamas vonios kambariui elegancijos ir \u0161ilumos. \u0160i unikali kolekcija, pasi\u017eyminti subtiliomis detal\u0117mis, suteikia erdvei unikal\u0173 charakter\u012f ir pabr\u0117\u017eia modern\u0173 stili\u0173. Spintel\u0117 su keturiais stal\u010diais si\u016blo daug vietos visiems j\u016bs\u0173 vonios kambario aksesuarams, tod\u0117l gal\u0117site palaikyti tvark\u0105 net ir ma\u017eiausiose erdv\u0117se. \u0160velnaus u\u017edarymo stal\u010di\u0173 sistema u\u017etikrina komfort\u0105 kasdien naudojant, pa\u0161alina nemalonius garsus ir suteikia vonios kambariui prabangos. D\u0117l patvari\u0173 med\u017eiag\u0173, toki\u0173 kaip MDF ir laminuota plok\u0161t\u0117, \u0161ie baldai yra ne tik esteti\u0161ki, bet ir atspar\u016bs kasdieniam naudojimui. Visi \u201eDonna Sand\u201c kolekcijos elementai i\u0161siskiria d\u0117mesiu detal\u0117ms ir auk\u0161ta meistri\u0161kumo kokybe. Gamyba Lenkijoje naudojant FSC sertifikuotas med\u017eiagas garantuoja ilgaam\u017ei\u0161kum\u0105 ir ekologi\u0161kum\u0105. Baldai pristatomi savaranki\u0161kai surenkamose pakuot\u0117se, o intuityvus dizainas rei\u0161kia, kad surinkimui nereikia speciali\u0173 \u017eini\u0173, tod\u0117l tai idealus pasirinkimas bet kokiems namams. 120 cm ilgio MDF stalvir\u0161is puikiai pabr\u0117\u017eia viso komplekto elegancij\u0105. Jo pavir\u0161ius, padengtas sm\u0117lio spalvos dekoru, yra lengvai valomas ir puikiai dera su matinio kapu\u010dino spalvos praustuvu. Kiekviena stalvir\u0161io detal\u0117 \u2013 nuo tiksli\u0173 linij\u0173 iki kruop\u0161\u010diai apdirbt\u0173 kra\u0161t\u0173 \u2013 u\u017etikrina esteti\u0161k\u0105 i\u0161vaizd\u0105 ir ilg\u0105 tarnavimo laik\u0105. D\u0117l \u0161ios harmoningos kompozicijos vonios kambarys tampa ne tik funkcionalus, bet ir jaukus. Investuokite \u012f 120 cm praustuvo spintel\u0117s su stalvir\u0161iu komplekt\u0105 ir m\u0117gaukit\u0117s unikaliu stiliumi bei funkcionalumu, kuris pakeis j\u016bs\u0173 vonios kambar\u012f. \u0160is komplektas, derinantis elegancij\u0105 ir prakti\u0161kum\u0105, taps bet kurio modernaus vonios kambario \u0161irdimi, sukurdamas prabangos ir komforto atmosfer\u0105, kuri\u0105 ilgai prisiminsite.<\/p>","protected":false},"excerpt":{"rendered":"<p>Plotis (cm): 120<br \/>\n\u016agis (cm): 57<br \/>\nGylis (cm): 46<\/p>","protected":false},"featured_media":245921,"comment_status":"open","ping_status":"open","template":"","meta":[],"product_brand":[],"product_cat":[9117,2015,9183],"product_tag":[],"class_list":{"0":"post-245920","1":"product","2":"type-product","3":"status-publish","4":"has-post-thumbnail","6":"product_cat-bathroom","7":"product_cat-comad","8":"product_cat-bathroom-furniture-sets-comad","10":"first","11":"instock","12":"purchasable","13":"product-type-simple"},"_links":{"self":[{"href":"https:\/\/baldumarket.lt\/lt\/wp-json\/wp\/v2\/product\/245920","targetHints":{"allow":["GET"]}}],"collection":[{"href":"https:\/\/baldumarket.lt\/lt\/wp-json\/wp\/v2\/product"}],"about":[{"href":"https:\/\/baldumarket.lt\/lt\/wp-json\/wp\/v2\/types\/product"}],"replies":[{"embeddable":true,"href":"https:\/\/baldumarket.lt\/lt\/wp-json\/wp\/v2\/comments?post=245920"}],"wp:featuredmedia":[{"embeddable":true,"href":"https:\/\/baldumarket.lt\/lt\/wp-json\/wp\/v2\/media\/245921"}],"wp:attachment":[{"href":"https:\/\/baldumarket.lt\/lt\/wp-json\/wp\/v2\/media?parent=245920"}],"wp:term":[{"taxonomy":"product_brand","embeddable":true,"href":"https:\/\/baldumarket.lt\/lt\/wp-json\/wp\/v2\/product_brand?post=245920"},{"taxonomy":"product_cat","embeddable":true,"href":"https:\/\/baldumarket.lt\/lt\/wp-json\/wp\/v2\/product_cat?post=245920"},{"taxonomy":"product_tag","embeddable":true,"href":"https:\/\/baldumarket.lt\/lt\/wp-json\/wp\/v2\/product_tag?post=245920"}],"curies":[{"name":"wp","href":"https:\/\/api.w.org\/{rel}","templated":true}]}}