{"id":245912,"date":"2026-01-02T23:16:12","date_gmt":"2026-01-02T20:16:12","guid":{"rendered":"https:\/\/baldumarket.lt\/product\/zestaw-szafka-pod-umywalke-z-blatem-120-cm-4-szuflady-donna-sand\/"},"modified":"2026-02-11T18:33:05","modified_gmt":"2026-02-11T15:33:05","slug":"zestaw-szafka-pod-umywalke-z-blatem-120-cm-4-szuflady-donna-sand","status":"publish","type":"product","link":"https:\/\/baldumarket.lt\/lt\/product\/zestaw-szafka-pod-umywalke-z-blatem-120-cm-4-szuflady-donna-sand\/","title":{"rendered":"Donna Sand praustuvo spintel\u0117 su stalvir\u0161iu, 120 cm, 4 stal\u010diais"},"content":{"rendered":"<p>Praustuvo spintel\u0117s su stalvir\u0161iu komplektas, 120 cm, 4 stal\u010diai, \u201eDonna Sand\u201c. Praustuvo spintel\u0117s su stalvir\u0161iu komplektas, 120 cm, \u201eDonna Sand\u201c \u2013 eleganti\u0161kas ir funkcionalus vonios kambario sprendimas. Subtil\u016bs fasadai su apvaliais frezavimais ir auksin\u0117mis ranken\u0117l\u0117mis suteikia \u0161ilumos, o \u0161velniai u\u017esidarantys stal\u010diai padidina naudojimo patogum\u0105. Matmenys: Plotis (cm): 120 Gylis (cm): 46 Auk\u0161tis (cm): 57 Svoris (kg): 56,8 Techniniai duomenys: Komplekt\u0105 sudaro: Praustuvo spintel\u0117 60 cm, 2 stal\u010diai \u201eDonna Sand\u201c, 2 vnt., Vonios stalvir\u0161is 120 cm, \u201eDonna Sand Sand Beige\u201c Korpuso spalva: Sm\u0117lio sm\u0117lio spalvos Priekin\u0117s spalvos: Sm\u0117lio sm\u0117lio spalvos Ranken\u0117l\u0117s spalva: Blizgi auksin\u0117 Stalvir\u0161io spalva: Sm\u0117lio sm\u0117lio spalvos Korpuso med\u017eiaga: Laminuota plok\u0161t\u0117 Priekin\u0117 med\u017eiaga: MDF plok\u0161t\u0117 Ranken\u0117l\u0117s med\u017eiaga: Metalas Stalvir\u0161io med\u017eiaga: MDF plok\u0161t\u0117 B\u0117geliai: \u0160velniai u\u017esidarantis Stalvir\u0161is \u012ftrauktas: Taip Tvirtinimo paketas \u012ftrauktas: Taip Surinkimas: Savaranki\u0161kas surinkimas Suteikite savo vonios kambariui elegancijos ir modernumo su \u0161ia 120 cm praustuvo spintele su keturiais stal\u010diais i\u0161 \u201eDonna Sand\u201c kolekcijos. \u0160is unikalus baldas puikiai derina gro\u017e\u012f ir funkcionalum\u0105, \u017eav\u0117damas ak\u012f subtilia apdaila ir subtiliomis detal\u0117mis. Sm\u0117lio sm\u0117lio spalva suteikia \u0161ilumos ir atsipalaidavimo, paversdama j\u016bs\u0173 vonios kambar\u012f tikra ramyb\u0117s oaze. Spintel\u0117s apgalvotas dizainas papildo apvalius fasad\u0173 frezavimus, kurie suteikia visam komplektui lengvumo ir unikalumo. Auksin\u0117s ranken\u0117l\u0117s kartu su eleganti\u0161ka stalvir\u0161io spalva sukuria harmoning\u0105 visum\u0105, puikiai deran\u010di\u0105 su naujausiomis interjero dizaino tendencijomis. Su \u0161iuo komplektu j\u016bs\u0173 vonios kambarys taps ne tik kasdieni\u0173 ritual\u0173 erdve, bet ir stilinga vieta, d\u017eiuginan\u010dia kiekvien\u0105 sve\u010di\u0105. Estetika \u2013 ne vienintelis \u201eDonna Sand\u201c praustuvo spintel\u0117s privalumas. Du erdv\u016bs stal\u010diai leid\u017eia be vargo laikyti visus b\u016btiniausius vonios kambario aksesuarus, u\u017etikrinant tvark\u0105 ir ai\u0161kum\u0105 j\u016bs\u0173 erdv\u0117je. \u0160velnaus u\u017edarymo stal\u010di\u0173 sistema yra papildomas privalumas, didinantis komfort\u0105 ir u\u017etikrinantis saug\u0173 u\u017edarym\u0105, pa\u0161alinant nemalon\u0173 triuk\u0161m\u0105. Kiekvienas \u201eDonna Sand\u201c kolekcijos baldas yra pagamintas Lenkijoje i\u0161 auk\u0161tos kokyb\u0117s med\u017eiag\u0173, \u012fskaitant MDF ir laminuot\u0105 plok\u0161t\u0119, u\u017etikrinant ilgaam\u017ei\u0161kum\u0105. Be to, visi komponentai pristatomi kaip lengvai surenkamas paketas, o tai rei\u0161kia, kad surinkimui nereikia speciali\u0173 \u012fg\u016bd\u017ei\u0173. Investuokite \u012f eleganti\u0161k\u0105 bald\u0173 komplekt\u0105 ir sukurkite vonios kambaryje erdv\u0119, kuri atspind\u0117t\u0173 j\u016bs\u0173 stili\u0173 ir individualum\u0105.<\/p>","protected":false},"excerpt":{"rendered":"<p>Plotis (cm): 120<br \/>\n\u016agis (cm): 57<br \/>\nGylis (cm): 46<\/p>","protected":false},"featured_media":245913,"comment_status":"open","ping_status":"open","template":"","meta":[],"product_brand":[],"product_cat":[9117,2015,9183],"product_tag":[],"class_list":{"0":"post-245912","1":"product","2":"type-product","3":"status-publish","4":"has-post-thumbnail","6":"product_cat-bathroom","7":"product_cat-comad","8":"product_cat-bathroom-furniture-sets-comad","10":"first","11":"instock","12":"purchasable","13":"product-type-simple"},"_links":{"self":[{"href":"https:\/\/baldumarket.lt\/lt\/wp-json\/wp\/v2\/product\/245912","targetHints":{"allow":["GET"]}}],"collection":[{"href":"https:\/\/baldumarket.lt\/lt\/wp-json\/wp\/v2\/product"}],"about":[{"href":"https:\/\/baldumarket.lt\/lt\/wp-json\/wp\/v2\/types\/product"}],"replies":[{"embeddable":true,"href":"https:\/\/baldumarket.lt\/lt\/wp-json\/wp\/v2\/comments?post=245912"}],"wp:featuredmedia":[{"embeddable":true,"href":"https:\/\/baldumarket.lt\/lt\/wp-json\/wp\/v2\/media\/245913"}],"wp:attachment":[{"href":"https:\/\/baldumarket.lt\/lt\/wp-json\/wp\/v2\/media?parent=245912"}],"wp:term":[{"taxonomy":"product_brand","embeddable":true,"href":"https:\/\/baldumarket.lt\/lt\/wp-json\/wp\/v2\/product_brand?post=245912"},{"taxonomy":"product_cat","embeddable":true,"href":"https:\/\/baldumarket.lt\/lt\/wp-json\/wp\/v2\/product_cat?post=245912"},{"taxonomy":"product_tag","embeddable":true,"href":"https:\/\/baldumarket.lt\/lt\/wp-json\/wp\/v2\/product_tag?post=245912"}],"curies":[{"name":"wp","href":"https:\/\/api.w.org\/{rel}","templated":true}]}}