{"id":245896,"date":"2026-01-02T23:16:05","date_gmt":"2026-01-02T20:16:05","guid":{"rendered":"https:\/\/baldumarket.lt\/product\/zestaw-szafka-pod-umywalke-z-blatem-100-cm-i-slupek-wysoki-ovalia-cremona\/"},"modified":"2026-02-11T18:33:06","modified_gmt":"2026-02-11T15:33:06","slug":"zestaw-szafka-pod-umywalke-z-blatem-100-cm-i-slupek-wysoki-ovalia-cremona","status":"publish","type":"product","link":"https:\/\/baldumarket.lt\/lt\/product\/zestaw-szafka-pod-umywalke-z-blatem-100-cm-i-slupek-wysoki-ovalia-cremona\/","title":{"rendered":"100 cm praustuvo spintel\u0117s su stalvir\u0161iu ir auk\u0161ta kolona \u201eOvalia Cremona\u201c komplektas"},"content":{"rendered":"<p>100 cm praustuvo spintel\u0117s su stalvir\u0161iu ir auk\u0161ta kolona komplektas Ovalia Cremona. 100 cm praustuvo spintel\u0117s su stalvir\u0161iu ir kolona komplektas Ovalia Cremona \u2013 tai eleganti\u0161ka praustuvo spintel\u0117 i\u0161 Ovalia Cremona kolekcijos, kurioje derinamas funkcionalumas ir estetika. \u0160iltas Cremona \u0105\u017euolo dekoras, \u0161velnus u\u017edarymas ir stilingos juodos ranken\u0117l\u0117s. Matmenys: Plotis (cm): 100 Gylis (cm): 46 Auk\u0161tis (cm): 52 Techniniai duomenys: Komplekt\u0105 sudaro: Ovalia Cremona praustuvo spintel\u0117 2S 100 cm, Ovalia Cremona vonios stalvir\u0161is 100 cm, Ovalia Cremona auk\u0161ta kolona 1 dur\u0173 Korpuso spalva: Cremona \u0105\u017euolas Priekin\u0117s spalvos: Cremona \u0105\u017euolas Rankenos spalva: Matin\u0117 juoda Stalvir\u0161io spalva: Cremona \u0105\u017euolas Korpuso med\u017eiaga: laminuota plok\u0161t\u0117 Priekin\u0117 med\u017eiaga: MDF plok\u0161t\u0117 Rankenos med\u017eiaga: Metalas Stalvir\u0161io med\u017eiaga: MDF plok\u0161t\u0117 B\u0117geliai: \u0160velniai u\u017esidarantys Vyriai: \u0160velniai u\u017esidarantys Dur\u0173 tvirtinimo kryptis: De\u0161in\u0117 \/ Kair\u0117 Stalvir\u0161is \u012ftrauktas: Taip Surinkimo rinkinys \u012ftrauktas: Taip Surinkimas: Savaranki\u0161kas surinkimas Ovalia Cremona praustuvo spintel\u0117s su stalvir\u0161iu 100 cm ir auk\u0161ta kolona komplektas yra puikus sprendimas visiems, norintiems savo vonios kambariui suteikti stiliaus ir elegancijos. Apdailintas Cremona \u0105\u017euolu, komplektas \u017eavi nat\u016braliu medienos gro\u017eiu ir sukuria \u0161ilt\u0105, jauki\u0105 atmosfer\u0105. I\u0161skirtiniai u\u017eapvalinti kampai ir i\u0161rai\u0161kingi grioveliai spinteli\u0173 fasaduose suteikia joms unikal\u0173, modern\u0173 dizain\u0105, kuris traukia ak\u012f ir skland\u017eiai dera prie \u012fvairi\u0173 interjero dizain\u0173. Du praustuvo spintel\u0117s stal\u010diai suteikia daug vietos visiems b\u016btiniausiems vonios kambario aksesuarams. \u0160velnaus u\u017edarymo sistema leid\u017eia patogiai ir tyliai naudotis spintel\u0117mis, o jas u\u017edaryti nebus problem\u0173 net rytinio piko valandomis. Puikiai tiks komplektas su 100 cm stalvir\u0161iu, kuris ne tik funkcionaliai, bet ir esteti\u0161kai patrauklus, praturtins j\u016bs\u0173 vonios kambario erdv\u0119. Visi \u201eOvalia Cremona\u201c kolekcijos baldai yra kruop\u0161\u010diai sukurti, atkreipiant d\u0117mes\u012f \u012f detales. Pagaminti i\u0161 MDF ir laminuotos plok\u0161t\u0117s, jie u\u017etikrina ilgaam\u017ei\u0161kum\u0105 ir ilgaam\u017ei\u0161kum\u0105. Priderintos juodos metalin\u0117s ranken\u0117l\u0117s pabr\u0117\u017eia modern\u0173 bald\u0173 stili\u0173, sukurdamos \u012fdom\u0173 kontrast\u0105, kuris dera su nat\u016bralaus dekoro \u0161iluma. I\u0161skirtin\u0117 auk\u0161ta vien\u0173 dur\u0173 spintel\u0117 i\u0161 \u201eOvalia Cremona\u201c kolekcijos yra puikus papildymas norint efektyviai sutvarkyti vonios kambario erdv\u0119. Su keturiomis lentynomis ji tampa puikia vieta laikyti kosmetik\u0105 ir kitus b\u016btiniausius daiktus. D\u0117l ma\u017eo gylio spintel\u0117 neu\u017eima daug vietos, ta\u010diau yra pakankamai talpi, tod\u0117l idealiai tinka bet kokiam vonios kambariui. Visi baldai pristatomi savaranki\u0161kai surenkamose pakuot\u0117se, tod\u0117l surinkimas yra itin paprastas ir intuityvus. Lenki\u0161ka gamyba ir FSC sertifikatas garantuoja, kad \u012fsigyti produktai yra ekologi\u0161ki ir atitinka auk\u0161\u010diausius kokyb\u0117s standartus. Su\u017einokite, kaip \u201eOvalia Cremona\u201c praustuvo spintel\u0117 su 100 cm stalvir\u0161iu ir auk\u0161ta kolona gali pakeisti j\u016bs\u0173 vonios kambar\u012f, derindama funkcionalum\u0105 su nuostabiu dizainu.<\/p>","protected":false},"excerpt":{"rendered":"<p>Plotis (cm): 100<br \/>\n\u016agis (cm): 52<br \/>\nGylis (cm): 46<\/p>","protected":false},"featured_media":245897,"comment_status":"open","ping_status":"open","template":"","meta":[],"product_brand":[],"product_cat":[9117,2015,9183],"product_tag":[],"class_list":{"0":"post-245896","1":"product","2":"type-product","3":"status-publish","4":"has-post-thumbnail","6":"product_cat-bathroom","7":"product_cat-comad","8":"product_cat-bathroom-furniture-sets-comad","10":"first","11":"instock","12":"purchasable","13":"product-type-simple"},"_links":{"self":[{"href":"https:\/\/baldumarket.lt\/lt\/wp-json\/wp\/v2\/product\/245896","targetHints":{"allow":["GET"]}}],"collection":[{"href":"https:\/\/baldumarket.lt\/lt\/wp-json\/wp\/v2\/product"}],"about":[{"href":"https:\/\/baldumarket.lt\/lt\/wp-json\/wp\/v2\/types\/product"}],"replies":[{"embeddable":true,"href":"https:\/\/baldumarket.lt\/lt\/wp-json\/wp\/v2\/comments?post=245896"}],"wp:featuredmedia":[{"embeddable":true,"href":"https:\/\/baldumarket.lt\/lt\/wp-json\/wp\/v2\/media\/245897"}],"wp:attachment":[{"href":"https:\/\/baldumarket.lt\/lt\/wp-json\/wp\/v2\/media?parent=245896"}],"wp:term":[{"taxonomy":"product_brand","embeddable":true,"href":"https:\/\/baldumarket.lt\/lt\/wp-json\/wp\/v2\/product_brand?post=245896"},{"taxonomy":"product_cat","embeddable":true,"href":"https:\/\/baldumarket.lt\/lt\/wp-json\/wp\/v2\/product_cat?post=245896"},{"taxonomy":"product_tag","embeddable":true,"href":"https:\/\/baldumarket.lt\/lt\/wp-json\/wp\/v2\/product_tag?post=245896"}],"curies":[{"name":"wp","href":"https:\/\/api.w.org\/{rel}","templated":true}]}}