{"id":245888,"date":"2026-01-02T23:16:01","date_gmt":"2026-01-02T20:16:01","guid":{"rendered":"https:\/\/baldumarket.lt\/product\/zestaw-szafka-pod-umywalke-80-cm-z-blatem-100-cm-i-regalem-20-cm-dab-cremona-kaszmirowy-mat\/"},"modified":"2026-02-11T18:33:06","modified_gmt":"2026-02-11T15:33:06","slug":"zestaw-szafka-pod-umywalke-80-cm-z-blatem-100-cm-i-regalem-20-cm-dab-cremona-kaszmirowy-mat","status":"publish","type":"product","link":"https:\/\/baldumarket.lt\/lt\/product\/zestaw-szafka-pod-umywalke-80-cm-z-blatem-100-cm-i-regalem-20-cm-dab-cremona-kaszmirowy-mat\/","title":{"rendered":"80 cm praustuvo spintel\u0117s komplektas su 100 cm stalvir\u0161iu ir 20 cm lentyna, matinio \u0105\u017euolo \u201eCremona Cashmere\u201c spalvos"},"content":{"rendered":"<p>80 cm praustuvo spintel\u0117s komplektas su 100 cm stalvir\u0161iu ir 20 cm lentyna, \u201eCremona Oak\u201c ir \u201eCashmere Matte\u201c spalvos. Vonios kambario bald\u0173 komplektas su \u201eCremona Oak\u201c dekoru ir \u201eCashmere Matte\u201c atspalviu \u2013 tai harmoningas nat\u016bralaus \u0161ilumos, minimalistinio elegancijos ir funkcionali\u0173 sprendim\u0173 derinys. Praustuvo spintel\u0117 su 2 stal\u010diais, stalvir\u0161iu su unikaliu kra\u0161tu ir lentyna. Matmenys: Plotis (cm): 100 Gylis (cm): 46 Auk\u0161tis (cm): 52,2 Svoris (kg): 38,5 Techniniai duomenys: Stalvir\u0161io spalva: \u201eCremona Oak\u201c Stalvir\u0161io med\u017eiaga: MDF plok\u0161t\u0117 Ranken\u0117l\u0117s spalva: Komplektas \u2013 blizgi auksin\u0117, matin\u0117 juoda, blizgi chromin\u0117 Priekin\u0117 konstrukcija: lygi Komplekto element\u0173 skai\u010dius: 3 Surinkimas: Surinkimui savaranki\u0161kai 80 cm praustuvo spintel\u0117s su 100 cm stalvir\u0161iu ir 20 cm lentyna komplektas su \u201eCremona Oak\u201c ir \u201eCashmere Matte\u201c apdaila yra pasi\u016blymas \u017emon\u0117ms, kurie vertina gamtos \u012fkv\u0117pimo ir subtilaus modernumo derin\u012f. Visa kolekcija paremta kruop\u0161\u010diu meistri\u0161kumu, patvariomis med\u017eiagomis ir \u012fsipareigojimu kurti interjer\u0105, kuriame funkcionalumas ir estetika dera. Praustuvo spintel\u0117 \u017eavi savo lygiais, minimalistiniais fasadais, kuriuos pabr\u0117\u017eia ramus ka\u0161myro atspalvis. Du erdv\u016bs stal\u010diai leid\u017eia lengvai susitvarkyti daiktus, o \u0161velnaus u\u017edarymo sistema padidina kasdienio naudojimo komfort\u0105. Trij\u0173 spalv\u0173 ranken\u0117l\u0117s leid\u017eia pritaikyti spintel\u0119 pagal savo pageidavimus, suteikiant erdvei asmenin\u012f charakter\u012f. \u201eNature\u201c kolekcijos stalvir\u0161is i\u0161 \u201eCremona Oak\u201c spalvos suteikia interjerui nat\u016bralios \u0161ilumos ir unikalios atmosferos. Jo \u0161velniai banguotas kra\u0161tas, \u012fkv\u0117ptas tikros medienos tekst\u016bros, suteikia autenti\u0161kumo ir vizualinio lengvumo. Tai puikus praustuvo spintel\u0117s papildymas \u2013 esteti\u0161kas, patvarus ir sukurtas taip, kad harmoningai der\u0117t\u0173 su likusiu komplektu. 20 cm plo\u010dio atvira lentyn\u0173 sistema yra subtilus, ta\u010diau prakti\u0161kas akcentas, praturtinantis i\u0161d\u0117stym\u0105 papildoma daikt\u0173 laikymo vieta. Nat\u016bralus \u201eCremona Oak\u201c dekoro medienos ra\u0161tas suteikia \u0161ilumos ir jaukumo bet kokiam interjerui, i\u0161laikant modern\u0173 \u201eDalia Cashmere\u201c kolekcijos lengvum\u0105. Kiekvienas elementas sukurtas taip, kad puikiai papildyt\u0173 vienas kit\u0105 \u2013 tiek vizualiai, tiek funkcionaliai. Kruop\u0161\u010diai pagamintos detal\u0117s, kasdieniam d\u0117v\u0117jimui atsparios med\u017eiagos ir paprasta forma sukuria eleganti\u0161k\u0105 ir darni\u0105 kompozicij\u0105. Lenkijoje pagaminti ir i\u0161 sertifikuot\u0173 med\u017eiag\u0173 pagaminti baldai garantuoja ilgaam\u017ei\u0161kum\u0105 ir auk\u0161t\u0105 kokyb\u0119, kuri\u0105 \u012fvertins net ir i\u0161rankiausi vartotojai. \u0160i kolekcija ne tik sutvarko erdv\u0119, bet, svarbiausia, j\u0105 pagra\u017eina \u2013 vonios kambariui suteikia harmonijos, nat\u016bralumo ir nesenstan\u010dio stiliaus.<\/p>","protected":false},"excerpt":{"rendered":"<p>Plotis (cm): 100<br \/>\n\u016agis (cm): 52,2<br \/>\nGylis (cm): 46<\/p>","protected":false},"featured_media":245889,"comment_status":"open","ping_status":"open","template":"","meta":[],"product_brand":[],"product_cat":[9117,2015,9183],"product_tag":[],"class_list":{"0":"post-245888","1":"product","2":"type-product","3":"status-publish","4":"has-post-thumbnail","6":"product_cat-bathroom","7":"product_cat-comad","8":"product_cat-bathroom-furniture-sets-comad","10":"first","11":"instock","12":"purchasable","13":"product-type-simple"},"_links":{"self":[{"href":"https:\/\/baldumarket.lt\/lt\/wp-json\/wp\/v2\/product\/245888","targetHints":{"allow":["GET"]}}],"collection":[{"href":"https:\/\/baldumarket.lt\/lt\/wp-json\/wp\/v2\/product"}],"about":[{"href":"https:\/\/baldumarket.lt\/lt\/wp-json\/wp\/v2\/types\/product"}],"replies":[{"embeddable":true,"href":"https:\/\/baldumarket.lt\/lt\/wp-json\/wp\/v2\/comments?post=245888"}],"wp:featuredmedia":[{"embeddable":true,"href":"https:\/\/baldumarket.lt\/lt\/wp-json\/wp\/v2\/media\/245889"}],"wp:attachment":[{"href":"https:\/\/baldumarket.lt\/lt\/wp-json\/wp\/v2\/media?parent=245888"}],"wp:term":[{"taxonomy":"product_brand","embeddable":true,"href":"https:\/\/baldumarket.lt\/lt\/wp-json\/wp\/v2\/product_brand?post=245888"},{"taxonomy":"product_cat","embeddable":true,"href":"https:\/\/baldumarket.lt\/lt\/wp-json\/wp\/v2\/product_cat?post=245888"},{"taxonomy":"product_tag","embeddable":true,"href":"https:\/\/baldumarket.lt\/lt\/wp-json\/wp\/v2\/product_tag?post=245888"}],"curies":[{"name":"wp","href":"https:\/\/api.w.org\/{rel}","templated":true}]}}