{"id":245884,"date":"2026-01-02T23:15:59","date_gmt":"2026-01-02T20:15:59","guid":{"rendered":"https:\/\/baldumarket.lt\/product\/zestaw-szafka-pod-umywalke-4-szuflady-120-cm-z-blatem-czarny-mat\/"},"modified":"2026-02-11T18:33:06","modified_gmt":"2026-02-11T15:33:06","slug":"zestaw-szafka-pod-umywalke-4-szuflady-120-cm-z-blatem-czarny-mat","status":"publish","type":"product","link":"https:\/\/baldumarket.lt\/lt\/product\/zestaw-szafka-pod-umywalke-4-szuflady-120-cm-z-blatem-czarny-mat\/","title":{"rendered":"Praustuvo spinteli\u0173 komplektas su 4 stal\u010diais, 120 cm, matin\u0117s juodos spalvos stalvir\u0161iu"},"content":{"rendered":"<p>4 stal\u010di\u0173 praustuvo spinteli\u0173 komplektas, 120 cm, su matin\u0117s juodos spalvos stalvir\u0161iu. Matmenys: Plotis (cm): 120 Gylis (cm): 46 Auk\u0161tis (cm): 57 Svoris (kg): 52,5 Techniniai duomenys: Komplekt\u0105 sudaro: Praustuvo spintel\u0117 60 cm ADEL BLACK, 2 vnt., stalvir\u0161is 120 cm ADEL BLACK. Korpuso spalva: Matin\u0117 juoda. Priekin\u0117s spalvos: Matin\u0117 juoda. Rankenos spalva: Blizgi auksin\u0117, matin\u0117 juoda, blizgus chromas. Vir\u0161utinio vir\u0161utinio pavir\u0161iaus spalva: Matin\u0117 juoda. Korpuso med\u017eiaga: laminuota plok\u0161t\u0117. Priekin\u0117 med\u017eiaga: MDF plok\u0161t\u0117. Rankenos med\u017eiaga: Plastikas. Vir\u0161utinio vir\u0161utinio pavir\u0161iaus med\u017eiaga: MDF plok\u0161t\u0117. B\u0117geliai: \u0160velnus u\u017edarymas. Vir\u0161utinis pavir\u0161ius pridedamas: Taip. Montavimo pakuot\u0117 \u012ftraukta: Taip. Montavimo b\u016bdas patalpoje: Pakabinimui ant sienos. Montavimas: Savaranki\u0161kam surinkimui.<\/p>","protected":false},"excerpt":{"rendered":"<p>Plotis (cm): 120<br \/>\n\u016agis (cm): 57<br \/>\nGylis (cm): 46<\/p>","protected":false},"featured_media":245885,"comment_status":"open","ping_status":"open","template":"","meta":[],"product_brand":[],"product_cat":[9117,2015,9183],"product_tag":[],"class_list":{"0":"post-245884","1":"product","2":"type-product","3":"status-publish","4":"has-post-thumbnail","6":"product_cat-bathroom","7":"product_cat-comad","8":"product_cat-bathroom-furniture-sets-comad","10":"first","11":"instock","12":"purchasable","13":"product-type-simple"},"_links":{"self":[{"href":"https:\/\/baldumarket.lt\/lt\/wp-json\/wp\/v2\/product\/245884","targetHints":{"allow":["GET"]}}],"collection":[{"href":"https:\/\/baldumarket.lt\/lt\/wp-json\/wp\/v2\/product"}],"about":[{"href":"https:\/\/baldumarket.lt\/lt\/wp-json\/wp\/v2\/types\/product"}],"replies":[{"embeddable":true,"href":"https:\/\/baldumarket.lt\/lt\/wp-json\/wp\/v2\/comments?post=245884"}],"wp:featuredmedia":[{"embeddable":true,"href":"https:\/\/baldumarket.lt\/lt\/wp-json\/wp\/v2\/media\/245885"}],"wp:attachment":[{"href":"https:\/\/baldumarket.lt\/lt\/wp-json\/wp\/v2\/media?parent=245884"}],"wp:term":[{"taxonomy":"product_brand","embeddable":true,"href":"https:\/\/baldumarket.lt\/lt\/wp-json\/wp\/v2\/product_brand?post=245884"},{"taxonomy":"product_cat","embeddable":true,"href":"https:\/\/baldumarket.lt\/lt\/wp-json\/wp\/v2\/product_cat?post=245884"},{"taxonomy":"product_tag","embeddable":true,"href":"https:\/\/baldumarket.lt\/lt\/wp-json\/wp\/v2\/product_tag?post=245884"}],"curies":[{"name":"wp","href":"https:\/\/api.w.org\/{rel}","templated":true}]}}