{"id":245881,"date":"2026-01-02T23:15:57","date_gmt":"2026-01-02T20:15:57","guid":{"rendered":"https:\/\/baldumarket.lt\/product\/zestaw-szafka-pod-umywalke-4-szuflady-120-cm-adel-black-czarny-mat\/"},"modified":"2026-02-11T18:33:06","modified_gmt":"2026-02-11T15:33:06","slug":"zestaw-szafka-pod-umywalke-4-szuflady-120-cm-adel-black-czarny-mat","status":"publish","type":"product","link":"https:\/\/baldumarket.lt\/lt\/product\/zestaw-szafka-pod-umywalke-4-szuflady-120-cm-adel-black-czarny-mat\/","title":{"rendered":"Praustuvo spinteli\u0173 komplektas su 4 stal\u010diais, 120 cm, \u201eAdel\u201c, matin\u0117s juodos spalvos"},"content":{"rendered":"<p>4 stal\u010di\u0173 praustuvo spinteli\u0173 komplektas, 120 cm, Adel Black, matin\u0117 juoda Matmenys: Plotis (cm): 120 Gylis (cm): 46 Auk\u0161tis (cm): 57 Svoris (kg): 42 Techniniai duomenys: Komplekt\u0105 sudaro: Praustuvo spintel\u0117 60 cm, ADEL BLACK, 2 vnt. Korpuso spalva: Matin\u0117 juoda Priekin\u0117s dalies spalva: Matin\u0117 juoda Rankenos spalva: Blizgi auksin\u0117, matin\u0117 juoda, blizgus chromas Korpuso med\u017eiaga: laminuota plok\u0161t\u0117 Priekin\u0117s dalies med\u017eiaga: MDF plok\u0161t\u0117 Rankenos med\u017eiaga: Metalas B\u0117geliai: \u0160velniai u\u017esidaro Pridedamas tvirtinimo rinkinys: Taip Surinkimas: Savaranki\u0161kam surinkimui<\/p>","protected":false},"excerpt":{"rendered":"<p>Plotis (cm): 120<br \/>\n\u016agis (cm): 57<br \/>\nGylis (cm): 46<\/p>","protected":false},"featured_media":245882,"comment_status":"open","ping_status":"open","template":"","meta":[],"product_brand":[],"product_cat":[9117,2015,9183],"product_tag":[],"class_list":{"0":"post-245881","1":"product","2":"type-product","3":"status-publish","4":"has-post-thumbnail","6":"product_cat-bathroom","7":"product_cat-comad","8":"product_cat-bathroom-furniture-sets-comad","10":"first","11":"instock","12":"purchasable","13":"product-type-simple"},"_links":{"self":[{"href":"https:\/\/baldumarket.lt\/lt\/wp-json\/wp\/v2\/product\/245881","targetHints":{"allow":["GET"]}}],"collection":[{"href":"https:\/\/baldumarket.lt\/lt\/wp-json\/wp\/v2\/product"}],"about":[{"href":"https:\/\/baldumarket.lt\/lt\/wp-json\/wp\/v2\/types\/product"}],"replies":[{"embeddable":true,"href":"https:\/\/baldumarket.lt\/lt\/wp-json\/wp\/v2\/comments?post=245881"}],"wp:featuredmedia":[{"embeddable":true,"href":"https:\/\/baldumarket.lt\/lt\/wp-json\/wp\/v2\/media\/245882"}],"wp:attachment":[{"href":"https:\/\/baldumarket.lt\/lt\/wp-json\/wp\/v2\/media?parent=245881"}],"wp:term":[{"taxonomy":"product_brand","embeddable":true,"href":"https:\/\/baldumarket.lt\/lt\/wp-json\/wp\/v2\/product_brand?post=245881"},{"taxonomy":"product_cat","embeddable":true,"href":"https:\/\/baldumarket.lt\/lt\/wp-json\/wp\/v2\/product_cat?post=245881"},{"taxonomy":"product_tag","embeddable":true,"href":"https:\/\/baldumarket.lt\/lt\/wp-json\/wp\/v2\/product_tag?post=245881"}],"curies":[{"name":"wp","href":"https:\/\/api.w.org\/{rel}","templated":true}]}}