{"id":245873,"date":"2026-01-02T23:15:55","date_gmt":"2026-01-02T20:15:55","guid":{"rendered":"https:\/\/baldumarket.lt\/product\/zestaw-szafka-pod-umywalke-2s-z-blatem-100-cm-i-szafka-z-koszem-adel-cashmere\/"},"modified":"2026-02-11T18:33:06","modified_gmt":"2026-02-11T15:33:06","slug":"zestaw-szafka-pod-umywalke-2s-z-blatem-100-cm-i-szafka-z-koszem-adel-cashmere","status":"publish","type":"product","link":"https:\/\/baldumarket.lt\/lt\/product\/zestaw-szafka-pod-umywalke-2s-z-blatem-100-cm-i-szafka-z-koszem-adel-cashmere\/","title":{"rendered":"Praustuvo spintel\u0117s su 100 cm stalvir\u0161iu ir spintel\u0117s su krep\u0161iu komplektas \u201eAdel Cashmere\u201c"},"content":{"rendered":"<p>Adel Cashmere 2S praustuvo spintel\u0117 su 100 cm stalvir\u0161iu ir spintele su krep\u0161iu. Atraskite Adel Cashmere 100 cm komplekt\u0105 \u2013 tobul\u0105 elegancijos ir funkcionalumo derin\u012f! Stilinga praustuvo spintel\u0117 su prakti\u0161ku skalbini\u0173 krep\u0161iu ir moderniu stalvir\u0161iu. Unikal\u016bs frezuoti grioveliai ir reguliuojamos ranken\u0117l\u0117s skirting\u0173 spalv\u0173 suteikia charakterio. Matmenys: Plotis (cm): 100 Gylis (cm): 46 Auk\u0161tis (cm): 60 Svoris (kg): 46 Techniniai duomenys: Komplekt\u0105 sudaro: Adel Cashmere stalvir\u0161io spintel\u0117 40 cm 1 durel\u0117mis ir skalbini\u0173 krep\u0161iu, ADEL CASHMERE 82-60-2S praustuvo spintel\u0117 60 cm 2 stal\u010diais, ka\u0161myro stalvir\u0161is 100 cm Priekin\u0117s dalies med\u017eiaga: MDF plok\u0161t\u0117 Korpuso med\u017eiaga: laminuota plok\u0161t\u0117 Vir\u0161utin\u0117s dalies med\u017eiaga: MDF plok\u0161t\u0117 Priekin\u0117s dalies spalva: matin\u0117 ka\u0161myro plok\u0161t\u0117 Korpuso spalva: matin\u0117 ka\u0161myro plok\u0161t\u0117 Vir\u0161utin\u0117s spalvos: matin\u0117 ka\u0161myro spalva Rankenos med\u017eiaga: plastikas Rankenos spalva: pakuot\u0117 \u2013 blizgi auksin\u0117, matin\u0117 juoda, blizgi chromuota Vyriai: metaliniai B\u0117geliai: tyliai u\u017erakinami Stalvir\u0161is \u012ftrauktas: taip Skalbini\u0173 krep\u0161ys \u012ftrauktas: taip Transportavimas: siuntimas Montavimo b\u016bdas: kabinimas ant sienos Tvirtinimo rinkinys \u012ftrauktas: taip Surinkimas: savaranki\u0161kas surinkimas Pakelkite savo vonios kambar\u012f \u012f kit\u0105 elegancijos ir funkcionalumo lyg\u012f su Adel Cashmere bald\u0173 komplektu! \u0160is 100 cm plo\u010dio komplektas derina modernum\u0105 su jaukumu, o eleganti\u0161kas stalvir\u0161is ir spintel\u0117 po kriaukle sukuria harmoning\u0105 visum\u0105. Be to, skalbini\u0173 krep\u0161io spintel\u0117 leid\u017eia lengviau nei bet kada anks\u010diau sutvarkyti vonios kambario erdv\u0119. Paverskite savo vonios kambar\u012f esteti\u0161kai patrauklia, funkcionalia ir \u017eavinga erdve! Komplektas yra ne tik stilingas, bet ir itin prakti\u0161kas tiems, kurie nori palaikyti tvark\u0105. Spintel\u0117 po kriaukle su papildomais stal\u010diais suteikia daug vietos kosmetikai ir aksesuarams laikyti, o \u012fmontuotas skalbini\u0173 krep\u0161ys \u2013 puiki vieta ne\u0161variems drabu\u017eiams, pa\u0161alinantis chaos\u0105 vonios kambaryje. Auk\u0161tos kokyb\u0117s med\u017eiag\u0173, toki\u0173 kaip MDF ir laminuota plok\u0161t\u0117, naudojimas garantuoja patvarum\u0105 ir lengv\u0105 valym\u0105, o tai labai svarbu kasdieniam naudojimui. Matinis ka\u0161myro pavir\u0161ius, puo\u0161iantis tiek bald\u0173 fasadus, tiek stalvir\u0161\u012f, suteikia interjerui eleganti\u0161kos i\u0161vaizdos, o frezuoti vertikal\u016bs grioveliai suteikia spintel\u0117ms unikal\u0173 charakter\u012f. Ranken\u0173 spalv\u0173 pasirinkimas \u2013 blizgios aukso, matin\u0117s juodos ir chromo \u2013 leid\u017eia pritaikyti komplekt\u0105 pagal savo estetinius pageidavimus, suteikiant vonios kambariui asmenin\u012f akcent\u0105. Pasirink\u0119 \u201eAdel Cashmere\u201c bald\u0173 komplekt\u0105, investuojate \u012f komfort\u0105 ir laisv\u0119 savo vonios kambaryje. D\u0117l paprasto, \u201epasidaryk pats\u201c surinkimo ir pridedamo surinkimo rinkinio greitai susikursite tobul\u0105 viet\u0105 atsipalaiduoti. Paverskite savo vonios kambar\u012f vieta, kur stilius susilieja su funkcionalumu. Su\u017einokite, kaip \u0161io komplekto \u012ftraukimas \u012f j\u016bs\u0173 interjer\u0105 gali pakeisti j\u016bs\u0173 kasdienius ritualus ir laik\u0105, praleist\u0105 vonios kambaryje, paversti tikru malonumu!<\/p>","protected":false},"excerpt":{"rendered":"<p>Plotis (cm): 100<br \/>\n\u016agis (cm): 60<br \/>\nGylis (cm): 46<\/p>","protected":false},"featured_media":245874,"comment_status":"open","ping_status":"open","template":"","meta":[],"product_brand":[],"product_cat":[9117,2015,9183],"product_tag":[],"class_list":{"0":"post-245873","1":"product","2":"type-product","3":"status-publish","4":"has-post-thumbnail","6":"product_cat-bathroom","7":"product_cat-comad","8":"product_cat-bathroom-furniture-sets-comad","10":"first","11":"instock","12":"purchasable","13":"product-type-simple"},"_links":{"self":[{"href":"https:\/\/baldumarket.lt\/lt\/wp-json\/wp\/v2\/product\/245873","targetHints":{"allow":["GET"]}}],"collection":[{"href":"https:\/\/baldumarket.lt\/lt\/wp-json\/wp\/v2\/product"}],"about":[{"href":"https:\/\/baldumarket.lt\/lt\/wp-json\/wp\/v2\/types\/product"}],"replies":[{"embeddable":true,"href":"https:\/\/baldumarket.lt\/lt\/wp-json\/wp\/v2\/comments?post=245873"}],"wp:featuredmedia":[{"embeddable":true,"href":"https:\/\/baldumarket.lt\/lt\/wp-json\/wp\/v2\/media\/245874"}],"wp:attachment":[{"href":"https:\/\/baldumarket.lt\/lt\/wp-json\/wp\/v2\/media?parent=245873"}],"wp:term":[{"taxonomy":"product_brand","embeddable":true,"href":"https:\/\/baldumarket.lt\/lt\/wp-json\/wp\/v2\/product_brand?post=245873"},{"taxonomy":"product_cat","embeddable":true,"href":"https:\/\/baldumarket.lt\/lt\/wp-json\/wp\/v2\/product_cat?post=245873"},{"taxonomy":"product_tag","embeddable":true,"href":"https:\/\/baldumarket.lt\/lt\/wp-json\/wp\/v2\/product_tag?post=245873"}],"curies":[{"name":"wp","href":"https:\/\/api.w.org\/{rel}","templated":true}]}}