{"id":245868,"date":"2026-01-02T23:15:52","date_gmt":"2026-01-02T20:15:52","guid":{"rendered":"https:\/\/baldumarket.lt\/product\/zestaw-szafka-pod-umywalke-2-szuflady-80-cm-z-blatem-viva-cashmere-dab-coast-evoke\/"},"modified":"2026-02-11T18:33:06","modified_gmt":"2026-02-11T15:33:06","slug":"zestaw-szafka-pod-umywalke-2-szuflady-80-cm-z-blatem-viva-cashmere-dab-coast-evoke","status":"publish","type":"product","link":"https:\/\/baldumarket.lt\/lt\/product\/zestaw-szafka-pod-umywalke-2-szuflady-80-cm-z-blatem-viva-cashmere-dab-coast-evoke\/","title":{"rendered":"Praustuvo spinteli\u0173 komplektas su 2 stal\u010diais, 80 cm, su stalvir\u0161iu, \u201eViva Cashmere Oak Coast Evoke\u201c"},"content":{"rendered":"<p>Praustuvo spintel\u0117s su 2 stal\u010diais komplektas, 80 cm, su stalvir\u0161iu, \u201eViva Cashmere Oak Coast Evoke\u201c. \u201eViva Cashmere\u201c 80 cm praustuvo spintel\u0117 su dviem stal\u010diais \u2013 tai elegancijos ir funkcionalumo derinys. Ka\u0161myro apdaila su trima\u010diais fasadais ir trij\u0173 spalv\u0173 ranken\u0117l\u0117mis puikiai tiks j\u016bs\u0173 vonios kambariui. Matmenys: Plotis (cm): 80 Gylis (cm): 40 Auk\u0161tis (cm): 57 Svoris (kg): 31,5 Techniniai duomenys: Komplekt\u0105 sudaro: Praustuvo spintel\u0117 su 2 stal\u010diais, 80 cm, \u201eViva Cashmere\u201c, vonios stalvir\u0161is, 80 cm, \u201eNOVA OAK\u201c Korpuso spalva: matin\u0117 ka\u0161myro spalva; Priekin\u0117s dalies spalva: matin\u0117 ka\u0161myro spalva; Ranken\u0117l\u0117s spalva: blizgi auksin\u0117, matin\u0117 juoda, blizgus chromas; Stalvir\u0161io spalva: \u0105\u017euolas \u201eCoast Evoke Oak\u201c; Korpuso med\u017eiaga: laminuota plok\u0161t\u0117; Priekin\u0117s dalies med\u017eiaga: MDF plok\u0161t\u0117; Ranken\u0117l\u0117s med\u017eiaga: plastikas; Stalvir\u0161io med\u017eiaga: laminuota plok\u0161t\u0117; Stal\u010di\u0173 b\u0117geliai: \u0161velnaus u\u017edarymo; Praustuvas komplekte: ne; Stalvir\u0161is komplekte: taip.<br \/>\n\u012e komplekt\u0105 \u012feina surinkimo rinkinys: Taip<br \/>\nSurinkimas: Savaranki\u0161kas surinkimas<br \/>\n\u201eViva Cashmere Oak Coast Evoke\u201c 80 cm praustuvo spintel\u0117 su stalvir\u0161iu \u2013 puikus pasirinkimas tiems, kurie ie\u0161ko elegancijos ir funkcionalumo derinio. Subtili ka\u0161myro spalva ir trima\u010diai, frezuoti \u201esilk\u0117s kaulo\u201c ra\u0161to fasadai suteikia vonios kambariui unikalaus charakterio. Su \u012fvairiomis blizgaus aukso, blizgaus chromo ir matin\u0117s juodos spalvos ranken\u0117l\u0117mis galite pritaikyti spintel\u0119 prie bet kokio stiliaus ir pageidavim\u0173. Nat\u016bralus derinys su kitais interjero elementais pavers j\u0105 j\u016bs\u0173 vonios kambario traukos centru.<\/p>\n<p>Prakti\u0161kumas yra pagrindin\u0117 \u0161io komplekto savyb\u0117. Du erdv\u016bs stal\u010diai suteikia daug vietos visiems j\u016bs\u0173 vonios kambario aksesuarams, padeda palaikyti tvark\u0105 ir organizuotum\u0105. \u0160velnaus u\u017edarymo sistema yra ne tik patogumas, bet ir detal\u0117, rodanti auk\u0161t\u0105 meistri\u0161kumo kokyb\u0119. Spintel\u0117 pagaminta i\u0161 patvari\u0173 med\u017eiag\u0173, toki\u0173 kaip MDF ir laminuota plok\u0161t\u0117, derina estetik\u0105 ir ilgaam\u017ei\u0161kum\u0105, o tai labai svarbu erdv\u0117se, kurios yra veikiamos kasdienio naudojimo.<\/p>\n<p>40 cm gylio konstrukcija paver\u010dia spintel\u0119 idealiu sprendimu ma\u017eesniems vonios kambariams, kur svarbus kiekvienas centimetras. Nepaisant kompakti\u0161k\u0173 matmen\u0173, gerai apgalvota forma ir eleganti\u0161kas dizainas vizualiai neu\u017ego\u017eia erdv\u0117s, o suteikia jai lengvumo. Derinant j\u0105 su \u201eNova Oak\u201c, \u201eNova White\u201c ir \u201eNova Cashmere\u201c kolekcijomis, galima sukurti harmoning\u0105 ir vientis\u0105 i\u0161d\u0117stym\u0105, kuris prad\u017eiugins kiekvien\u0105 lankytoj\u0105.<\/p>\n<p>80 cm ilgio stalvir\u0161is, pagamintas i\u0161 \u201eCoast Evoke\u201c \u0105\u017euolo apdailos, suteikia j\u016bs\u0173 interjerui \u0161ilt\u0105, nat\u016bral\u0173 akcent\u0105, kuris puikiai papildo likusi\u0105 kolekcijos dal\u012f. Jo pavir\u0161ius yra ne tik esteti\u0161kai patrauklus, bet ir lengvai valomas, tod\u0117l tai prakti\u0161kas sprendimas kasdieniam naudojimui. Be to, kiekvienas stalvir\u0161is yra kruop\u0161\u010diai pagamintas ir jam suteikiama dvej\u0173 met\u0173 garantija, u\u017etikrinanti ramyb\u0119 ir pasitenkinim\u0105 ilgus metus.<\/p>\n<p>Atraskite elegancij\u0105 ir funkcionalum\u0105 viename su 80 cm praustuvu, kuris ne tik palengvins kasdien\u012f naudojim\u0105, bet ir pagerins j\u016bs\u0173 vonios kambario estetik\u0105. Pad\u0117kite sau ir savo erdvei apgalvotais sprendimais, kurie atitiks j\u016bs\u0173 poreikius ir suteiks j\u016bs\u0173 interjerui charakterio.<\/p>","protected":false},"excerpt":{"rendered":"<p>Plotis (cm): 80<br \/>\n\u016agis (cm): 57<br \/>\nGylis (cm): 40<\/p>","protected":false},"featured_media":245869,"comment_status":"open","ping_status":"open","template":"","meta":[],"product_brand":[],"product_cat":[9117,2015,9183],"product_tag":[],"class_list":{"0":"post-245868","1":"product","2":"type-product","3":"status-publish","4":"has-post-thumbnail","6":"product_cat-bathroom","7":"product_cat-comad","8":"product_cat-bathroom-furniture-sets-comad","10":"first","11":"instock","12":"purchasable","13":"product-type-simple"},"_links":{"self":[{"href":"https:\/\/baldumarket.lt\/lt\/wp-json\/wp\/v2\/product\/245868","targetHints":{"allow":["GET"]}}],"collection":[{"href":"https:\/\/baldumarket.lt\/lt\/wp-json\/wp\/v2\/product"}],"about":[{"href":"https:\/\/baldumarket.lt\/lt\/wp-json\/wp\/v2\/types\/product"}],"replies":[{"embeddable":true,"href":"https:\/\/baldumarket.lt\/lt\/wp-json\/wp\/v2\/comments?post=245868"}],"wp:featuredmedia":[{"embeddable":true,"href":"https:\/\/baldumarket.lt\/lt\/wp-json\/wp\/v2\/media\/245869"}],"wp:attachment":[{"href":"https:\/\/baldumarket.lt\/lt\/wp-json\/wp\/v2\/media?parent=245868"}],"wp:term":[{"taxonomy":"product_brand","embeddable":true,"href":"https:\/\/baldumarket.lt\/lt\/wp-json\/wp\/v2\/product_brand?post=245868"},{"taxonomy":"product_cat","embeddable":true,"href":"https:\/\/baldumarket.lt\/lt\/wp-json\/wp\/v2\/product_cat?post=245868"},{"taxonomy":"product_tag","embeddable":true,"href":"https:\/\/baldumarket.lt\/lt\/wp-json\/wp\/v2\/product_tag?post=245868"}],"curies":[{"name":"wp","href":"https:\/\/api.w.org\/{rel}","templated":true}]}}