{"id":245865,"date":"2026-01-02T23:15:50","date_gmt":"2026-01-02T20:15:50","guid":{"rendered":"https:\/\/baldumarket.lt\/product\/zestaw-szafka-pod-umywalke-2-szuflady-80-cm-z-blatem-viva-cashmere-bialy\/"},"modified":"2026-02-11T18:33:06","modified_gmt":"2026-02-11T15:33:06","slug":"zestaw-szafka-pod-umywalke-2-szuflady-80-cm-z-blatem-viva-cashmere-bialy","status":"publish","type":"product","link":"https:\/\/baldumarket.lt\/lt\/product\/zestaw-szafka-pod-umywalke-2-szuflady-80-cm-z-blatem-viva-cashmere-bialy\/","title":{"rendered":"Praustuvo spinteli\u0173 komplektas su 2 stal\u010diais, 80 cm, su stalvir\u0161iu, \u201eViva Cashmere White\u201c"},"content":{"rendered":"<p>2 stal\u010di\u0173 praustuvo spintel\u0117s komplektas, 80 cm, su \u201eViva Cashmere\u201c baltu stalvir\u0161iu. 80 cm \u201eViva Cashmere\u201c praustuvo spintel\u0117 su stalvir\u0161iu \u2013 tai elegancijos ir funkcionalumo derinys. Trima\u010diai \u201eeglut\u0117s\u201c ra\u0161to fasadai ir efektyvus tylus stal\u010di\u0173 u\u017edarymas \u2013 tai privalumai, kurie pad\u0117s palaikyti tvark\u0105 vonios kambaryje. Matmenys: Plotis (cm): 80 Gylis (cm): 40 Auk\u0161tis (cm): 57 Svoris (kg): 33,5 Techniniai duomenys: Komplekt\u0105 sudaro: Praustuvo spintel\u0117 su 2 stal\u010diais, 80 cm \u201eViva Cashmere\u201c, vonios stalvir\u0161is, 80 cm \u201eNOVA WHITE\u201c. Korpuso spalva: matin\u0117 ka\u0161myro spalva; Priekin\u0117s spalvos: matin\u0117 ka\u0161myro spalva; Ranken\u0117l\u0117s spalva: blizgi auksin\u0117, matin\u0117 juoda, blizgus chromas; Stalvir\u0161io spalva: balta; Korpuso med\u017eiaga: laminuota plok\u0161t\u0117; Priekin\u0117s med\u017eiagos med\u017eiaga: MDF plok\u0161t\u0117; Ranken\u0117l\u0117s med\u017eiaga: plastikas; Stalvir\u0161io med\u017eiaga: laminuota plok\u0161t\u0117; Stal\u010di\u0173 b\u0117geliai: \u0161velnaus u\u017edarymo; Praustuvas komplekte: ne; Stalvir\u0161is komplekte: taip; Surinkimo komplektas komplekte: taip; Surinkimas: savaranki\u0161kas surinkimas. \u201eViva Cashmere White\u201c dviej\u0173 stal\u010di\u0173 praustuvo komplektas su stalvir\u0161iu (80 cm) \u2013 tai tobulas estetikos ir funkcionalumo derinys, kuris pakeis bet kur\u012f vonios kambar\u012f. \u0160i eleganti\u0161ka spintel\u0117, i\u0161siskirianti sodriu ka\u0161myro atspalviu, interjerui suteikia subtilios harmonijos ir modernaus stiliaus. Trima\u010diai, frezuoti \u201esilk\u0117s kaulo\u201c ra\u0161to fasadai suteikia charakterio, o \u012fvairios ranken\u0117li\u0173 spalvos \u2013 blizgi auksin\u0117, matin\u0117 juoda ir chromuota \u2013 leid\u017eia pritaikyti spintel\u0119 pagal individualius poreikius.<\/p>\n<p>Erdvumas yra pagrindinis \u0161io baldo privalumas. Du erdv\u016bs stal\u010diai leid\u017eia patogiai laikyti vonios kambario aksesuarus, palengvina kasdien\u012f naudojim\u0105 ir u\u017etikrina tvark\u0105. Papildomas privalumas \u2013 \u0161velnaus u\u017edarymo sistema, kuri ne tik padidina komfort\u0105, bet ir teigiamai veikia baldo ilgaam\u017ei\u0161kum\u0105. Auk\u0161tos kokyb\u0117s MDF ir laminuota plok\u0161t\u0117 garantuoja ne tik esteti\u0161k\u0105 i\u0161vaizd\u0105, bet ir ilgaam\u017ei\u0161kum\u0105.<\/p>\n<p>Visa tai sutalpinta \u012f gerai apgalvot\u0105, vos 40 cm gylio dizain\u0105, tod\u0117l komplektas idealiai tinka net ir ma\u017eesniems vonios kambariams. Universalus dizainas ir galimyb\u0117 der\u0117ti su kitais \u201eNova Oak\u201c, \u201eNova White\u201c ir \u201eNova Cashmere\u201c kolekcij\u0173 gaminiais daro \u0161i\u0105 spintel\u0119 idealia vieta kuriant unikal\u0173 dizain\u0105.<\/p>\n<p>Taip pat labai svarbu lengvas surinkimas \u2013 baldai pristatomi su pilnu surinkimo komplektu, tod\u0117l spintel\u0119 galite surinkti patys, nereikalaujant specialist\u0173. Be to, kiekvienam komplekto komponentui suteikiama 2 met\u0173 garantija, u\u017etikrinanti ilgalaik\u012f pasitenkinim\u0105. Rinkit\u0117s \u201eViva Cashmere\u201c praustuvo spintel\u0119 su stalvir\u0161iu ir suteikite savo vonios kambariui elegancijos ir modernumo!<\/p>","protected":false},"excerpt":{"rendered":"<p>Plotis (cm): 80<br \/>\n\u016agis (cm): 57<br \/>\nGylis (cm): 40<\/p>","protected":false},"featured_media":245866,"comment_status":"open","ping_status":"open","template":"","meta":[],"product_brand":[],"product_cat":[9117,2015,9183],"product_tag":[],"class_list":{"0":"post-245865","1":"product","2":"type-product","3":"status-publish","4":"has-post-thumbnail","6":"product_cat-bathroom","7":"product_cat-comad","8":"product_cat-bathroom-furniture-sets-comad","10":"first","11":"instock","12":"purchasable","13":"product-type-simple"},"_links":{"self":[{"href":"https:\/\/baldumarket.lt\/lt\/wp-json\/wp\/v2\/product\/245865","targetHints":{"allow":["GET"]}}],"collection":[{"href":"https:\/\/baldumarket.lt\/lt\/wp-json\/wp\/v2\/product"}],"about":[{"href":"https:\/\/baldumarket.lt\/lt\/wp-json\/wp\/v2\/types\/product"}],"replies":[{"embeddable":true,"href":"https:\/\/baldumarket.lt\/lt\/wp-json\/wp\/v2\/comments?post=245865"}],"wp:featuredmedia":[{"embeddable":true,"href":"https:\/\/baldumarket.lt\/lt\/wp-json\/wp\/v2\/media\/245866"}],"wp:attachment":[{"href":"https:\/\/baldumarket.lt\/lt\/wp-json\/wp\/v2\/media?parent=245865"}],"wp:term":[{"taxonomy":"product_brand","embeddable":true,"href":"https:\/\/baldumarket.lt\/lt\/wp-json\/wp\/v2\/product_brand?post=245865"},{"taxonomy":"product_cat","embeddable":true,"href":"https:\/\/baldumarket.lt\/lt\/wp-json\/wp\/v2\/product_cat?post=245865"},{"taxonomy":"product_tag","embeddable":true,"href":"https:\/\/baldumarket.lt\/lt\/wp-json\/wp\/v2\/product_tag?post=245865"}],"curies":[{"name":"wp","href":"https:\/\/api.w.org\/{rel}","templated":true}]}}