{"id":245860,"date":"2026-01-02T23:15:48","date_gmt":"2026-01-02T20:15:48","guid":{"rendered":"https:\/\/baldumarket.lt\/product\/zestaw-szafka-pod-umywalke-2-szuflady-80-cm-z-blatem-viva-cashmere\/"},"modified":"2026-02-11T18:33:06","modified_gmt":"2026-02-11T15:33:06","slug":"zestaw-szafka-pod-umywalke-2-szuflady-80-cm-z-blatem-viva-cashmere","status":"publish","type":"product","link":"https:\/\/baldumarket.lt\/lt\/product\/zestaw-szafka-pod-umywalke-2-szuflady-80-cm-z-blatem-viva-cashmere\/","title":{"rendered":"Praustuvo spinteli\u0173 komplektas su 2 stal\u010diais, 80 cm, su \u201eViva Cashmere\u201c stalvir\u0161iu"},"content":{"rendered":"<p>\u201eViva Cashmere\u201c praustuvo spintel\u0117 su 2 stal\u010diais, 80 cm, su stalvir\u0161iu. \u201eViva Cashmere\u201c praustuvo spintel\u0117 su stalvir\u0161iu \u2013 tai elegancijos ir funkcionalumo derinys. Ka\u0161myro gylis ir frezuoti \u201esilk\u0117s kaulo\u201c ra\u0161to fasadai traukia ak\u012f. Komplekte yra du erdv\u016bs stal\u010diai su \u0161velniu u\u017edarymu ir suasmenintomis ranken\u0117l\u0117mis trij\u0173 spalv\u0173. Matmenys: Plotis (cm): 80 Gylis (cm): 40 Auk\u0161tis (cm): 57 Svoris (kg): 33,5 Techniniai duomenys: Komplekt\u0105 sudaro: Vonios kambario stalvir\u0161is, 80 cm, NOVA CASHMERE; Praustuvo spintel\u0117 su 2 stal\u010diais, 80 cm, Viva Cashmere; Korpuso spalva: matin\u0117 ka\u0161myro spalva; Priekin\u0117s spalvos: matin\u0117 ka\u0161myro spalva; Ranken\u0117li\u0173 spalva: blizgi auksin\u0117, matin\u0117 juoda, blizgus chromas; Vir\u0161utin\u0117s spalvos: matin\u0117 ka\u0161myro spalva; Korpuso med\u017eiaga: laminuota plok\u0161t\u0117; Priekin\u0117s med\u017eiagos med\u017eiaga: MDF; Ranken\u0117li\u0173 med\u017eiaga: plastikas; Vir\u0161utin\u0117s med\u017eiagos med\u017eiaga: MDF plok\u0161t\u0117; Stal\u010di\u0173 b\u0117geliai: \u0161velnus u\u017edarymas; Praustuvas komplekte: ne; Vir\u0161us komplekte: taip; Tvirtinimo pakuot\u0117 komplekte: taip; Surinkimas: savaiminis surinkimas. \u201eViva Cashmere\u201c dviej\u0173 stal\u010di\u0173 praustuvo komplektas su stalvir\u0161iu (80 cm) \u2013 puikus pasirinkimas tiems, kurie nori pagyvinti savo vonios kambar\u012f rafinuoto dizaino baldu. Subtilus ka\u0161myro atspalvis suteikia interjerui lengvumo ir elegancijos, o trimatis, frezuotas \u201esilk\u0117s kaulo\u201c ra\u0161to fasadas \u2013 unikalumo. Ranken\u0117l\u0117s, kurias galima \u012fsigyti trij\u0173 spalv\u0173 \u2013 blizgaus aukso, matin\u0117s juodos ir chromo \u2013 suteikia \u017eavesio bendrai i\u0161vaizdai ir leid\u017eia suasmeninti erdv\u0119.<\/p>\n<p>\u0160i spintel\u0117 apjungia ne tik estetik\u0105, bet ir funkcionalum\u0105. Du erdv\u016bs stal\u010diai puikiai tinka vonios kambario aksesuarams laikyti, tod\u0117l vonios kambaryje viskas tvarkinga. \u0160velnaus u\u017edarymo sistema \u2013 unikali savyb\u0117, u\u017etikrinanti tyl\u0173 ir patog\u0173 naudojim\u0105, suma\u017einanti u\u017edarymo triuk\u0161m\u0105. D\u0117l gerai apgalvoto dizaino spintel\u0117 yra kompakti\u0161ko dyd\u017eio, tod\u0117l puikiai tinka net ir ma\u017eesn\u0117ms erdv\u0117ms.<\/p>\n<p>Pagaminta i\u0161 auk\u0161tos kokyb\u0117s med\u017eiag\u0173, toki\u0173 kaip MDF ir laminuota plok\u0161t\u0117, \u0161i spintel\u0117 yra patvari ir ilgaam\u017e\u0117. 40 cm gylis leid\u017eia j\u0105 lengvai \u012fsilieti \u012f \u012fvairius interjerus ir prapl\u0117sti kasdienio naudojimo galimybes. Komplektas puikiai dera su \u201eNova Oak\u201c, \u201eNova White\u201c ir \u201eNova Cashmere\u201c kolekcijomis, leisdamas jums sukurti unikalius vonios kambario dizainus.<\/p>\n<p>\u0160is baldas i\u0161siskiria estetika ir patvarumu. 2 met\u0173 garantija ir lengvas surinkimas \u2013 dar vienos prie\u017eastys, kod\u0117l verta rinktis \u0161\u012f komplekt\u0105. 80 cm ilgio stalvir\u0161is, pagamintas i\u0161 patvarios MDF plok\u0161t\u0117s, pasi\u017eymi lengvai valomu pavir\u0161iumi, tod\u0117l kasdien\u0117 vonios kambario prie\u017ei\u016bra yra lengvesn\u0117. 80 cm ilgio praustuvo spintel\u0117 su 2 stal\u010diais ir \u201eViva Cashmere\u201c stalvir\u0161io komplektas sujungia elegancij\u0105, kokyb\u0119 ir funkcionalum\u0105, tod\u0117l tikrai patenkins kiekvieno vartotojo l\u016bkes\u010dius.<\/p>","protected":false},"excerpt":{"rendered":"<p>Plotis (cm): 80<br \/>\n\u016agis (cm): 57<br \/>\nGylis (cm): 40<\/p>","protected":false},"featured_media":245861,"comment_status":"open","ping_status":"open","template":"","meta":[],"product_brand":[],"product_cat":[9117,2015,9183],"product_tag":[],"class_list":{"0":"post-245860","1":"product","2":"type-product","3":"status-publish","4":"has-post-thumbnail","6":"product_cat-bathroom","7":"product_cat-comad","8":"product_cat-bathroom-furniture-sets-comad","10":"first","11":"instock","12":"purchasable","13":"product-type-simple"},"_links":{"self":[{"href":"https:\/\/baldumarket.lt\/lt\/wp-json\/wp\/v2\/product\/245860","targetHints":{"allow":["GET"]}}],"collection":[{"href":"https:\/\/baldumarket.lt\/lt\/wp-json\/wp\/v2\/product"}],"about":[{"href":"https:\/\/baldumarket.lt\/lt\/wp-json\/wp\/v2\/types\/product"}],"replies":[{"embeddable":true,"href":"https:\/\/baldumarket.lt\/lt\/wp-json\/wp\/v2\/comments?post=245860"}],"wp:featuredmedia":[{"embeddable":true,"href":"https:\/\/baldumarket.lt\/lt\/wp-json\/wp\/v2\/media\/245861"}],"wp:attachment":[{"href":"https:\/\/baldumarket.lt\/lt\/wp-json\/wp\/v2\/media?parent=245860"}],"wp:term":[{"taxonomy":"product_brand","embeddable":true,"href":"https:\/\/baldumarket.lt\/lt\/wp-json\/wp\/v2\/product_brand?post=245860"},{"taxonomy":"product_cat","embeddable":true,"href":"https:\/\/baldumarket.lt\/lt\/wp-json\/wp\/v2\/product_cat?post=245860"},{"taxonomy":"product_tag","embeddable":true,"href":"https:\/\/baldumarket.lt\/lt\/wp-json\/wp\/v2\/product_tag?post=245860"}],"curies":[{"name":"wp","href":"https:\/\/api.w.org\/{rel}","templated":true}]}}