{"id":245849,"date":"2026-01-02T23:15:44","date_gmt":"2026-01-02T20:15:44","guid":{"rendered":"https:\/\/baldumarket.lt\/product\/zestaw-szafka-80-cm-adel-oak-z-umywalka-smile\/"},"modified":"2026-02-11T18:33:06","modified_gmt":"2026-02-11T15:33:06","slug":"zestaw-szafka-80-cm-adel-oak-z-umywalka-smile","status":"publish","type":"product","link":"https:\/\/baldumarket.lt\/lt\/product\/zestaw-szafka-80-cm-adel-oak-z-umywalka-smile\/","title":{"rendered":"80 cm ADEL \u0104\u017dUOLIN\u0116S spintel\u0117s su SMILE praustuvu komplektas"},"content":{"rendered":"","protected":false},"excerpt":{"rendered":"<p>80 cm ADEL OAK 82-80-B-2S praustuvo spintel\u0117 (80 | 46 | 57) Modernus keraminis stalvir\u0161inis praustuvas Smile 1 (42 | 42 | 14) 80 cm stalvir\u0161is ADEL OAK 89-80-B (80.4 | 46 | 2) 80 cm Alice veidrodis su LED (68 | 3 | 83) Auk\u0161ta kolona ADEL OAK 80-01-B-1D (35 | 25 | 140)<br \/>\nPlotis (cm): 80<br \/>\nGylis (cm): 46<\/p>","protected":false},"featured_media":245850,"comment_status":"open","ping_status":"open","template":"","meta":[],"product_brand":[],"product_cat":[9117,2015,9183],"product_tag":[],"class_list":{"0":"post-245849","1":"product","2":"type-product","3":"status-publish","4":"has-post-thumbnail","6":"product_cat-bathroom","7":"product_cat-comad","8":"product_cat-bathroom-furniture-sets-comad","10":"first","11":"instock","12":"purchasable","13":"product-type-simple"},"_links":{"self":[{"href":"https:\/\/baldumarket.lt\/lt\/wp-json\/wp\/v2\/product\/245849","targetHints":{"allow":["GET"]}}],"collection":[{"href":"https:\/\/baldumarket.lt\/lt\/wp-json\/wp\/v2\/product"}],"about":[{"href":"https:\/\/baldumarket.lt\/lt\/wp-json\/wp\/v2\/types\/product"}],"replies":[{"embeddable":true,"href":"https:\/\/baldumarket.lt\/lt\/wp-json\/wp\/v2\/comments?post=245849"}],"wp:featuredmedia":[{"embeddable":true,"href":"https:\/\/baldumarket.lt\/lt\/wp-json\/wp\/v2\/media\/245850"}],"wp:attachment":[{"href":"https:\/\/baldumarket.lt\/lt\/wp-json\/wp\/v2\/media?parent=245849"}],"wp:term":[{"taxonomy":"product_brand","embeddable":true,"href":"https:\/\/baldumarket.lt\/lt\/wp-json\/wp\/v2\/product_brand?post=245849"},{"taxonomy":"product_cat","embeddable":true,"href":"https:\/\/baldumarket.lt\/lt\/wp-json\/wp\/v2\/product_cat?post=245849"},{"taxonomy":"product_tag","embeddable":true,"href":"https:\/\/baldumarket.lt\/lt\/wp-json\/wp\/v2\/product_tag?post=245849"}],"curies":[{"name":"wp","href":"https:\/\/api.w.org\/{rel}","templated":true}]}}