{"id":245843,"date":"2026-01-02T23:15:41","date_gmt":"2026-01-02T20:15:41","guid":{"rendered":"https:\/\/baldumarket.lt\/product\/zestaw-szafka-2-szuflady-60-cm-z-blatem-i-slupek-wysoki-viva-cashmere-dab-coast-evoke\/"},"modified":"2026-02-11T18:33:06","modified_gmt":"2026-02-11T15:33:06","slug":"zestaw-szafka-2-szuflady-60-cm-z-blatem-i-slupek-wysoki-viva-cashmere-dab-coast-evoke","status":"publish","type":"product","link":"https:\/\/baldumarket.lt\/lt\/product\/zestaw-szafka-2-szuflady-60-cm-z-blatem-i-slupek-wysoki-viva-cashmere-dab-coast-evoke\/","title":{"rendered":"2 stal\u010di\u0173 spinteli\u0173 komplektas, 60 cm, su stalvir\u0161iu ir auk\u0161ta kolona, \u200b\u200b\u201eViva Cashmere Oak Coast Evoke\u201c"},"content":{"rendered":"<p>\u201eViva Cashmere\u201c 60 cm dviej\u0173 stal\u010di\u0173 spintel\u0117 su stalvir\u0161iu ir auk\u0161ta kolona, pagaminta i\u0161 \u201eCoast Evoke Oak\u201c spalvos. Stilingas \u201eViva Cashmere\u201c vonios kambario komplektas turi dviej\u0173 stal\u010di\u0173 spintel\u0119 ir auk\u0161t\u0105 kolon\u0105. Trima\u010diai \u201eeglut\u0117s kaulo\u201c ra\u0161to fasadai ir eleganti\u0161kos trij\u0173 spalv\u0173 rankenos suteikia charakterio. Auk\u0161tos kokyb\u0117s ir tyliai u\u017esidarantys vyriai. Matmenys: Plotis (cm): 60 Gylis (cm): 40 Auk\u0161tis (cm): 57 Svoris (kg): 44 Techniniai duomenys: Komplekt\u0105 sudaro: \u201eViva Cashmere\u201c praustuvo spintel\u0117 su 2 stal\u010diais 60 cm, \u201eNOVA OAK\u201c vonios stalvir\u0161is 60 cm, \u201eViva Cashmere\u201c auk\u0161ta kolona su 2 durel\u0117mis 30 cm, \u201eNOVA OAK\u201c lentyn\u0173 blokas 27 cm Korpuso spalva: matin\u0117 ka\u0161myro spalva Priekin\u0117s spalvos: matin\u0117 ka\u0161myro spalva Rankenos spalva: blizgi auksin\u0117, matin\u0117 juoda, blizgi chromas Vir\u0161utin\u0117s spalvos: \u201eCoast Evoke Oak\u201c Korpuso med\u017eiaga: laminuota plok\u0161t\u0117 Priekin\u0117 med\u017eiaga: MDF plok\u0161t\u0117 Rankenos med\u017eiaga: plastikas Vir\u0161utin\u0117 med\u017eiaga: laminuota plok\u0161t\u0117 Stal\u010di\u0173 b\u0117geliai: tylus u\u017edarymas Kriaukl\u0117 \u012fskai\u010diuota: ne Stalvir\u0161is \u012fskai\u010diuotas: taip Surinkimo rinkinys \u012fskai\u010diuotas: taip Surinkimas: savaranki\u0161kas surinkimas \u201eViva Cashmere Oak Coast Evoke\u201c 2 stal\u010di\u0173 spintel\u0117 su stalvir\u0161iu ir auk\u0161ta kolona yra puikus pasirinkimas ie\u0161kantiems eleganti\u0161k\u0173 vonios kambario sprendim\u0173. D\u0117l i\u0161skirtinio ka\u0161myro gylio ir trima\u010di\u0173 \u201esilk\u0117s kaulo\u201c ra\u0161to fasad\u0173 \u0161is baldas suteikia erdvei unikal\u0173 charakter\u012f. Kiekviena detal\u0117 kruop\u0161\u010diai apgalvota, kad interjeras b\u016bt\u0173 unikalus ir jame b\u016bt\u0173 jauku tiek sve\u010diams, tiek gyventojams.<\/p>\n<p>Komplekt\u0105 sudaro praustuvo spintel\u0117 ir auk\u0161ta kolona, leid\u017eianti puikiai sutvarkyti vonios kambario aksesuarus. Du erdv\u016bs stal\u010diai yra b\u016btini kasdieniam naudojimui, juose yra vietos visiems reikalingiems daiktams susid\u0117ti. D\u0117l pa\u017eangios \u0161velnaus u\u017edarymo sistemos naudotis baldais tampa nepaprastai patogu ir malonu, o tai labai svarbu vonios kambaryje, kuriame svarbiausia atsipalaidavimas ir ramyb\u0117.<\/p>\n<p>Spintel\u0117s korpusas ir priekin\u0117 dalis pagaminti i\u0161 auk\u0161tos kokyb\u0117s med\u017eiag\u0173, toki\u0173 kaip MDF ir laminuota plok\u0161t\u0117, u\u017etikrinan\u010di\u0173 patvarum\u0105 ir ilgaam\u017ei\u0161kum\u0105. Subtilus ka\u0161myro atspalvis harmoningai dera su pasteliniais akcentais, sukurdamas eleganti\u0161k\u0105 ir rami\u0105 erdv\u0119. Be to, \u012fvairios ranken\u0117li\u0173 spalvos \u2013 blizgi auksin\u0117, matin\u0117 juoda ir blizgus chromas \u2013 leid\u017eia suasmeninti baldus pagal individualius pageidavimus, sukuriant unikal\u0173 i\u0161d\u0117stym\u0105.<\/p>\n<p>Komplektas puikiai dera su kitais \u201eNova Oak\u201c, \u201eNova White\u201c ir \u201eNova Cashmere\u201c kolekcij\u0173 elementais, leisdamas sukurti darn\u0173 ir stiling\u0105 interjer\u0105. Kiekvienas elementas buvo sukurtas atsi\u017evelgiant \u012f estetik\u0105 ir funkcionalum\u0105, tod\u0117l \u0161is komplektas yra ne tik gra\u017eus, bet ir itin prakti\u0161kas sprendimas bet kuriam vonios kambariui. 2 met\u0173 garantija yra papildomas argumentas, patvirtinantis bald\u0173 kokyb\u0119 ir ilgaam\u017ei\u0161kum\u0105.<\/p>\n<p>Jei ie\u0161kote stiliaus, elegancijos ir funkcionalumo derinio, \u201eViva Cashmere Oak Coast Evoke\u201c dviej\u0173 stal\u010di\u0173 spintel\u0117 su stalvir\u0161iu ir auk\u0161ta kolona tikrai pateisins j\u016bs\u0173 l\u016bkes\u010dius. Be to, baldai pristatomi savaranki\u0161kai surenkamose pakuot\u0117se, tod\u0117l montavimas yra greitas ir paprastas, o j\u016bs gal\u0117site m\u0117gautis nauju, gra\u017eiu interjeru akimirksniu!<\/p>","protected":false},"excerpt":{"rendered":"<p>Plotis (cm): 60<br \/>\n\u016agis (cm): 57<br \/>\nGylis (cm): 40<\/p>","protected":false},"featured_media":245844,"comment_status":"open","ping_status":"open","template":"","meta":[],"product_brand":[],"product_cat":[9117,2015,9183],"product_tag":[],"class_list":{"0":"post-245843","1":"product","2":"type-product","3":"status-publish","4":"has-post-thumbnail","6":"product_cat-bathroom","7":"product_cat-comad","8":"product_cat-bathroom-furniture-sets-comad","10":"first","11":"instock","12":"purchasable","13":"product-type-simple"},"_links":{"self":[{"href":"https:\/\/baldumarket.lt\/lt\/wp-json\/wp\/v2\/product\/245843","targetHints":{"allow":["GET"]}}],"collection":[{"href":"https:\/\/baldumarket.lt\/lt\/wp-json\/wp\/v2\/product"}],"about":[{"href":"https:\/\/baldumarket.lt\/lt\/wp-json\/wp\/v2\/types\/product"}],"replies":[{"embeddable":true,"href":"https:\/\/baldumarket.lt\/lt\/wp-json\/wp\/v2\/comments?post=245843"}],"wp:featuredmedia":[{"embeddable":true,"href":"https:\/\/baldumarket.lt\/lt\/wp-json\/wp\/v2\/media\/245844"}],"wp:attachment":[{"href":"https:\/\/baldumarket.lt\/lt\/wp-json\/wp\/v2\/media?parent=245843"}],"wp:term":[{"taxonomy":"product_brand","embeddable":true,"href":"https:\/\/baldumarket.lt\/lt\/wp-json\/wp\/v2\/product_brand?post=245843"},{"taxonomy":"product_cat","embeddable":true,"href":"https:\/\/baldumarket.lt\/lt\/wp-json\/wp\/v2\/product_cat?post=245843"},{"taxonomy":"product_tag","embeddable":true,"href":"https:\/\/baldumarket.lt\/lt\/wp-json\/wp\/v2\/product_tag?post=245843"}],"curies":[{"name":"wp","href":"https:\/\/api.w.org\/{rel}","templated":true}]}}