{"id":245837,"date":"2026-01-02T23:15:39","date_gmt":"2026-01-02T20:15:39","guid":{"rendered":"https:\/\/baldumarket.lt\/product\/zestaw-szafka-2-szuflady-60-cm-z-blatem-i-slupek-wysoki-viva-cashmere-bialy\/"},"modified":"2026-02-11T18:33:07","modified_gmt":"2026-02-11T15:33:07","slug":"zestaw-szafka-2-szuflady-60-cm-z-blatem-i-slupek-wysoki-viva-cashmere-bialy","status":"publish","type":"product","link":"https:\/\/baldumarket.lt\/lt\/product\/zestaw-szafka-2-szuflady-60-cm-z-blatem-i-slupek-wysoki-viva-cashmere-bialy\/","title":{"rendered":"2 stal\u010di\u0173 spinteli\u0173 komplektas, 60 cm, su stalvir\u0161iu ir auk\u0161ta kolona, \u200b\u200b\u201eViva Cashmere White\u201c"},"content":{"rendered":"<p>\u201eViva Cashmere White\u201c 2 stal\u010di\u0173 spintel\u0117 su vir\u0161utine ir auk\u0161ta spintele. Eleganti\u0161ka praustuvo spintel\u0117 su dviem stal\u010diais, trima\u010diais \u201eeglut\u0117s\u201c ra\u0161to fasadais ir auk\u0161ta spintele. Matin\u0117 ka\u0161myro apdaila ir subtilios ranken\u0117l\u0117s suteikia interjerui stiliaus. \u0160velnus u\u017edarymas ir patvarios med\u017eiagos. Matmenys: Plotis (cm): 60 Gylis (cm): 40 Auk\u0161tis (cm): 57 Svoris (kg): 45,5 Techniniai duomenys: Komplekt\u0105 sudaro: Praustuvo spintel\u0117 su 2 stal\u010diais 60 cm \u201eViva Cashmere\u201c, vonios kambario stalvir\u0161is 60 cm \u201eNOVA WHITE\u201c, auk\u0161ta kolona su 2 durel\u0117mis 30 cm \u201eViva Cashmere\u201c, pakabinama spintel\u0117 27 cm \u201eNOVA WHITE\u201c Korpuso spalva: matin\u0117 ka\u0161myro spalva Priekin\u0117 spalva: matin\u0117 ka\u0161myro spalva Ranken\u0117li\u0173 spalva: blizgi auksin\u0117, matin\u0117 juoda, blizgus chromas Vir\u0161utin\u0117 spalva: balta Korpuso med\u017eiaga: laminuota plok\u0161t\u0117 Priekin\u0117 med\u017eiaga: MDF plok\u0161t\u0117 Ranken\u0117li\u0173 med\u017eiaga: plastikas Vir\u0161utin\u0117 med\u017eiaga: laminuota plok\u0161t\u0117 Stal\u010di\u0173 b\u0117geliai: tylus u\u017edarymas: Praustuvas pridedamas: ne. Stalvir\u0161is pridedamas: taip. Surinkimo rinkinys pridedamas: taip. Surinkimas: savaranki\u0161kas surinkimas. Si\u016blome i\u0161skirtin\u012f \u201eComad\u201c \u201eViva Cashmere White\u201c 60 cm spintel\u0117s su stalvir\u0161iu ir auk\u0161ta kolona komplekt\u0105, kuris bet kuriam vonios kambariui suteiks stiliaus ir elegancijos. Unikalus dizainas ir subtilios detal\u0117s prad\u017eiugins net ir i\u0161rankiausius vartotojus. Ka\u0161myro spalvos sodrumas kartu su trima\u010diais, frezuotais \u201esilk\u0117s kaulo\u201c ra\u0161to fasadais sukuria unikal\u0173 akcent\u0105, suteikiant\u012f bet kuriai erdvei charakterio ir rafinuotumo.<\/p>\n<p>\u0160i praustuvo spintel\u0117 su dviem erdviais stal\u010diais \u2013 puikus sprendimas tiems, kurie nori palaikyti tvark\u0105 savo vonios kambaryje. D\u0117l \u0161velnaus u\u017edarymo sistemos visi vonios kambario aksesuarai visada bus ranka pasiekiami, o juos laikyti bus ne tik prakti\u0161ka, bet ir malonu. Be to, derinys su baltu stalvir\u0161iu pabr\u0117\u017eia minimalistin\u012f stili\u0173, padidindamas baldo estetin\u0119 vert\u0119.<\/p>\n<p>Komplekte esanti auk\u0161ta spintel\u0117 yra puikus pasirinkimas tiems, kurie vertina ne tik funkcionalum\u0105, bet ir galimyb\u0119 suasmeninti savo interjer\u0105. Trij\u0173 unikali\u0173 spalv\u0173 \u2013 blizgaus aukso, matin\u0117s juodos ir blizgaus chromo \u2013 ranken\u0117li\u0173 pasirinkimas leid\u017eia pritaikyti baldo i\u0161vaizd\u0105 prie individualaus skonio ir dekoro. Galimyb\u0117 laisvai derinti j\u012f su \u201eNova Oak\u201c, \u201eNova White\u201c ir \u201eNova Cashmere\u201c kolekcijomis leid\u017eia lengviau ir k\u016brybi\u0161kiau kurti interjer\u0105.<\/p>\n<p>Visi komplekto komponentai pagaminti i\u0161 auk\u0161tos kokyb\u0117s med\u017eiag\u0173, toki\u0173 kaip MDF ir laminuota plok\u0161t\u0117, u\u017etikrinan\u010dios ne tik patraukli\u0105 i\u0161vaizd\u0105, bet ir patvarum\u0105 bei ilgaam\u017ei\u0161kum\u0105. 40 cm gylio spintel\u0117 puikiai tinka ma\u017eesniems vonios kambariams, kur svarbus kiekvienas centimetras. Paprastas surinkimas rei\u0161kia, kad kiekvienas gali surinkti baldus pats, nereikalaujant speciali\u0173 \u017eini\u0173.<\/p>\n<p>Pasirinkdami \u201eViva Cashmere White\u201c dviej\u0173 stal\u010di\u0173 spintel\u0119 su stalvir\u0161iu ir auk\u0161ta spintele, investuojate \u012f darn\u0173 stiliaus, funkcionalumo ir kokyb\u0117s derin\u012f. 2 met\u0173 garantija leid\u017eia jums pilnai m\u0117gautis nauja vonios kambario i\u0161vaizda, o unikalus dizainas tikrai su\u017eav\u0117s j\u016bs\u0173 sve\u010dius. Pakeiskite savo erdv\u0119 ir investuokite \u012f baldus, kurie supaprastins j\u016bs\u0173 kasdienyb\u0119 ir kartu su\u017eav\u0117s eleganti\u0161ka i\u0161vaizda!<\/p>","protected":false},"excerpt":{"rendered":"<p>Plotis (cm): 60<br \/>\n\u016agis (cm): 57<br \/>\nGylis (cm): 40<\/p>","protected":false},"featured_media":245838,"comment_status":"open","ping_status":"open","template":"","meta":[],"product_brand":[],"product_cat":[9117,2015,9183],"product_tag":[],"class_list":{"0":"post-245837","1":"product","2":"type-product","3":"status-publish","4":"has-post-thumbnail","6":"product_cat-bathroom","7":"product_cat-comad","8":"product_cat-bathroom-furniture-sets-comad","10":"first","11":"instock","12":"purchasable","13":"product-type-simple"},"_links":{"self":[{"href":"https:\/\/baldumarket.lt\/lt\/wp-json\/wp\/v2\/product\/245837","targetHints":{"allow":["GET"]}}],"collection":[{"href":"https:\/\/baldumarket.lt\/lt\/wp-json\/wp\/v2\/product"}],"about":[{"href":"https:\/\/baldumarket.lt\/lt\/wp-json\/wp\/v2\/types\/product"}],"replies":[{"embeddable":true,"href":"https:\/\/baldumarket.lt\/lt\/wp-json\/wp\/v2\/comments?post=245837"}],"wp:featuredmedia":[{"embeddable":true,"href":"https:\/\/baldumarket.lt\/lt\/wp-json\/wp\/v2\/media\/245838"}],"wp:attachment":[{"href":"https:\/\/baldumarket.lt\/lt\/wp-json\/wp\/v2\/media?parent=245837"}],"wp:term":[{"taxonomy":"product_brand","embeddable":true,"href":"https:\/\/baldumarket.lt\/lt\/wp-json\/wp\/v2\/product_brand?post=245837"},{"taxonomy":"product_cat","embeddable":true,"href":"https:\/\/baldumarket.lt\/lt\/wp-json\/wp\/v2\/product_cat?post=245837"},{"taxonomy":"product_tag","embeddable":true,"href":"https:\/\/baldumarket.lt\/lt\/wp-json\/wp\/v2\/product_tag?post=245837"}],"curies":[{"name":"wp","href":"https:\/\/api.w.org\/{rel}","templated":true}]}}