{"id":245832,"date":"2026-01-02T23:15:36","date_gmt":"2026-01-02T20:15:36","guid":{"rendered":"https:\/\/baldumarket.lt\/product\/zestaw-szafka-2-szuflady-60-cm-z-blatem-i-slupek-wysoki-viva-cashmere\/"},"modified":"2026-02-11T18:33:07","modified_gmt":"2026-02-11T15:33:07","slug":"zestaw-szafka-2-szuflady-60-cm-z-blatem-i-slupek-wysoki-viva-cashmere","status":"publish","type":"product","link":"https:\/\/baldumarket.lt\/lt\/product\/zestaw-szafka-2-szuflady-60-cm-z-blatem-i-slupek-wysoki-viva-cashmere\/","title":{"rendered":"2 stal\u010di\u0173 spinteli\u0173 komplektas, 60 cm, su stalvir\u0161iu ir auk\u0161ta kolona, \u200b\u200b\u200b\u200bViva Cashmere"},"content":{"rendered":"<p>2 stal\u010di\u0173 spintel\u0117s komplektas, 60 cm su stalvir\u0161iu ir auk\u0161ta kolona Viva Cashmere. Eleganti\u0161kas \u201eViva Cashmere\u201c kolekcijos komplektas, kur\u012f sudaro praustuvo spintel\u0117 su dviem stal\u010diais, stalvir\u0161iu ir auk\u0161ta kolona. Subtil\u016bs frezuoti fasadai ir ka\u0161myro spalvos suteikia stiliaus bet kokiam vonios kambariui. Matmenys: Plotis (cm): 60 Gylis (cm): 40 Auk\u0161tis (cm): 57 Svoris (kg): 45,5 Techniniai duomenys: Komplekt\u0105 sudaro: \u201eViva Cashmere\u201c praustuvo spintel\u0117 su 2 stal\u010diais, 60 cm, NOVA CASHMERE vonios stalvir\u0161is, 60 cm, \u201eViva Cashmere\u201c auk\u0161ta 2 dur\u0173 kolona, 30 cm. Korpuso spalva: matin\u0117 ka\u0161myro spalva; Priekin\u0117 spalva: matin\u0117 ka\u0161myro spalva; Rankenos spalva: blizgi auksin\u0117, matin\u0117 juoda, blizgi chromo spalva; Stalvir\u0161io spalva: matin\u0117 ka\u0161myro spalva; Korpuso med\u017eiaga: laminuota plok\u0161t\u0117; Priekin\u0117 med\u017eiaga: MDF plok\u0161t\u0117; Rankenos med\u017eiaga: plastikas; Stalvir\u0161io med\u017eiaga: laminuota plok\u0161t\u0117; Stal\u010di\u0173 b\u0117geliai: tylus u\u017edarymas: praustuvas pridedamas: ne; stalvir\u0161is pridedamas: taip; surinkimo rinkinys pridedamas: taip; surinkimas: savaiminis surinkimas. \u201eViva Cashmere\u201c dviej\u0173 stal\u010di\u0173 spinteli\u0173 komplektas su stalvir\u0161iu ir auk\u0161ta kolona \u2013 puikus sprendimas tiems, kurie nori savo vonios kambariui suteikti elegancijos ir funkcionalumo. Jausminga ka\u0161myro spalva ir trima\u010diai, frezuoti \u201esilk\u0117s kaulo\u201c ra\u0161to fasadai sukuria eleganti\u0161k\u0105 akcent\u0105, kuris suteiks j\u016bs\u0173 interjerui unikal\u0173 charakter\u012f. D\u0117l harmoningo modernaus dizaino ir subtili\u0173 detali\u0173 derinio \u0161ios kolekcijos baldai atitinka naujausias interjero dizaino tendencijas, suteikdami vonios kambariui gaivumo ir stiliaus.<\/p>\n<p>Sukurta galvojant apie patogum\u0105, spintel\u0117 po kriaukle turi du erdvius stal\u010dius, puikiai tinkan\u010dius vonios kambario aksesuarams laikyti. Patikima \u0161velnaus u\u017edarymo stal\u010di\u0173 sistema u\u017etikrina visi\u0161k\u0105 patogum\u0105 be nepageidaujamo triuk\u0161mo. Baldai pagaminti i\u0161 auk\u0161tos kokyb\u0117s med\u017eiag\u0173, toki\u0173 kaip MDF ir laminuota plok\u0161t\u0117, u\u017etikrinan\u010di\u0173 patvarum\u0105 ir ilgaam\u017ei\u0161kum\u0105 da\u017enai naudojamose patalpose.<\/p>\n<p>30 cm auk\u0161\u010dio kolona su penkiomis prakti\u0161komis lentynomis suteikia papildomos vietos visiems svarbiausiems j\u016bs\u0173 aksesuarams, pad\u0117dama palaikyti tvark\u0105 ir organizuotum\u0105. D\u0117l minimalistinio stiliaus komplektas skland\u017eiai dera prie \u012fvairi\u0173 interjero dizain\u0173, sukurdamas harmoning\u0105 visum\u0105. Trij\u0173 spalv\u0173 \u2013 blizgaus aukso, matin\u0117s juodos ir chromo \u2013 ranken\u0117l\u0117s leid\u017eia pritaikyti komplekt\u0105 pagal savo skon\u012f ir pageidavimus.<\/p>\n<p>Kiekvienas \u0161i\u0173 bald\u0173 elementas atspindi \u201eComad\u201c prek\u0117s \u017eenklo filosofij\u0105 \u2013 auk\u0161tos kokyb\u0117s ir modernaus dizaino derinim\u0105. Komplektas pristatomas savaranki\u0161kai surenkamose pakuot\u0117se, tod\u0117l montavimas yra greitas ir paprastas net ir tiems, kurie neturi speciali\u0173 \u012fg\u016bd\u017ei\u0173. Suteikdami 2 met\u0173 garantij\u0105, galite b\u016bti tikri, kad j\u016bs\u0173 pasirinkimas yra investicija, kuri suteiks jums pasitenkinim\u0105 ilgus metus.<\/p>\n<p>Nebereikia laukti, kol pakeisite savo vonios kambario erdv\u0119! I\u0161sirinkite \u201eViva Cashmere\u201c spinteli\u0173 komplekt\u0105 su 2 stal\u010diais (60 cm), stalvir\u0161iu ir auk\u0161ta kolona ir pasigro\u017e\u0117kite jo spinteli\u0173 spintele, kuri\u0105 jis \u012fne\u0161a \u012f j\u016bs\u0173 vonios kambar\u012f. Jus su\u017eav\u0117s unikalus dizainas ir prakti\u0161kumas, kurie neabejotinai patenkins net ir reikliausius l\u016bkes\u010dius.<\/p>","protected":false},"excerpt":{"rendered":"<p>Plotis (cm): 60<br \/>\n\u016agis (cm): 57<br \/>\nGylis (cm): 40<\/p>","protected":false},"featured_media":245833,"comment_status":"open","ping_status":"open","template":"","meta":[],"product_brand":[],"product_cat":[9117,2015,9183],"product_tag":[],"class_list":{"0":"post-245832","1":"product","2":"type-product","3":"status-publish","4":"has-post-thumbnail","6":"product_cat-bathroom","7":"product_cat-comad","8":"product_cat-bathroom-furniture-sets-comad","10":"first","11":"instock","12":"purchasable","13":"product-type-simple"},"_links":{"self":[{"href":"https:\/\/baldumarket.lt\/lt\/wp-json\/wp\/v2\/product\/245832","targetHints":{"allow":["GET"]}}],"collection":[{"href":"https:\/\/baldumarket.lt\/lt\/wp-json\/wp\/v2\/product"}],"about":[{"href":"https:\/\/baldumarket.lt\/lt\/wp-json\/wp\/v2\/types\/product"}],"replies":[{"embeddable":true,"href":"https:\/\/baldumarket.lt\/lt\/wp-json\/wp\/v2\/comments?post=245832"}],"wp:featuredmedia":[{"embeddable":true,"href":"https:\/\/baldumarket.lt\/lt\/wp-json\/wp\/v2\/media\/245833"}],"wp:attachment":[{"href":"https:\/\/baldumarket.lt\/lt\/wp-json\/wp\/v2\/media?parent=245832"}],"wp:term":[{"taxonomy":"product_brand","embeddable":true,"href":"https:\/\/baldumarket.lt\/lt\/wp-json\/wp\/v2\/product_brand?post=245832"},{"taxonomy":"product_cat","embeddable":true,"href":"https:\/\/baldumarket.lt\/lt\/wp-json\/wp\/v2\/product_cat?post=245832"},{"taxonomy":"product_tag","embeddable":true,"href":"https:\/\/baldumarket.lt\/lt\/wp-json\/wp\/v2\/product_tag?post=245832"}],"curies":[{"name":"wp","href":"https:\/\/api.w.org\/{rel}","templated":true}]}}