{"id":245826,"date":"2026-01-02T23:15:34","date_gmt":"2026-01-02T20:15:34","guid":{"rendered":"https:\/\/baldumarket.lt\/product\/zestaw-mebli-lazienkowych-santa-fe-taupe-iv-szary\/"},"modified":"2026-02-11T18:33:07","modified_gmt":"2026-02-11T15:33:07","slug":"zestaw-mebli-lazienkowych-santa-fe-taupe-iv-szary","status":"publish","type":"product","link":"https:\/\/baldumarket.lt\/lt\/product\/zestaw-mebli-lazienkowych-santa-fe-taupe-iv-szary\/","title":{"rendered":"\u201eSanta Fe Taupe IV\u201c pilkos spalvos vonios kambario bald\u0173 komplektas"},"content":{"rendered":"","protected":false},"excerpt":{"rendered":"<p>2x VIENTO LED \u0161viestuvas 30 cm (30 | 10,5 | 4) 2x SANTA FE TAUPE 84-80-A-2D Veidrodin\u0117 spintel\u0117 (80 | 17 | 65) SANTA FE OAK 83-01-A Vir\u0161utin\u0117 lentyna (20 | 15 | 65) 2x Modernus keraminis praustuvas Smile 1 (42 | 42 | 14) SANTA FE OAK 89-180-A Stalvir\u0161is 180 cm (180,4 | 46 | 2,5) 2x SANTA FE TAUPE 82-80-B-2S Praustuvo spintel\u0117 (80 | 45,6 | 46) SANTA FE OAK 81-01-A Apatin\u0117 lentyna (20 | 44 | 46) SANTA FE TAUPE 80-01-B-1D2S Auk\u0161tas stulpas (35 | 33 | 160)<\/p>","protected":false},"featured_media":245827,"comment_status":"open","ping_status":"open","template":"","meta":[],"product_brand":[],"product_cat":[9117,2015,9183],"product_tag":[],"class_list":{"0":"post-245826","1":"product","2":"type-product","3":"status-publish","4":"has-post-thumbnail","6":"product_cat-bathroom","7":"product_cat-comad","8":"product_cat-bathroom-furniture-sets-comad","10":"first","11":"instock","12":"purchasable","13":"product-type-simple"},"_links":{"self":[{"href":"https:\/\/baldumarket.lt\/lt\/wp-json\/wp\/v2\/product\/245826","targetHints":{"allow":["GET"]}}],"collection":[{"href":"https:\/\/baldumarket.lt\/lt\/wp-json\/wp\/v2\/product"}],"about":[{"href":"https:\/\/baldumarket.lt\/lt\/wp-json\/wp\/v2\/types\/product"}],"replies":[{"embeddable":true,"href":"https:\/\/baldumarket.lt\/lt\/wp-json\/wp\/v2\/comments?post=245826"}],"wp:featuredmedia":[{"embeddable":true,"href":"https:\/\/baldumarket.lt\/lt\/wp-json\/wp\/v2\/media\/245827"}],"wp:attachment":[{"href":"https:\/\/baldumarket.lt\/lt\/wp-json\/wp\/v2\/media?parent=245826"}],"wp:term":[{"taxonomy":"product_brand","embeddable":true,"href":"https:\/\/baldumarket.lt\/lt\/wp-json\/wp\/v2\/product_brand?post=245826"},{"taxonomy":"product_cat","embeddable":true,"href":"https:\/\/baldumarket.lt\/lt\/wp-json\/wp\/v2\/product_cat?post=245826"},{"taxonomy":"product_tag","embeddable":true,"href":"https:\/\/baldumarket.lt\/lt\/wp-json\/wp\/v2\/product_tag?post=245826"}],"curies":[{"name":"wp","href":"https:\/\/api.w.org\/{rel}","templated":true}]}}